{"id":33,"date":"2020-10-27T11:21:47","date_gmt":"2020-10-27T11:21:47","guid":{"rendered":"https:\/\/seaandmountainpleasure.com\/?page_id=33"},"modified":"2024-06-04T16:21:12","modified_gmt":"2024-06-04T14:21:12","slug":"privacybeleid","status":"publish","type":"page","link":"https:\/\/seaandmountainpleasure.com\/nl\/politique-de-confidentialite\/","title":{"rendered":"Privacybeleid"},"content":{"rendered":"<div data-elementor-type=\"wp-page\" data-elementor-id=\"33\" class=\"elementor elementor-33\" data-elementor-post-type=\"page\">\n\t\t\t\t\t\t<section class=\"elementor-section elementor-top-section elementor-element elementor-element-7a0c03c elementor-section-boxed elementor-section-height-default elementor-section-height-default\" data-id=\"7a0c03c\" data-element_type=\"section\" data-e-type=\"section\">\n\t\t\t\t\t\t<div class=\"elementor-container elementor-column-gap-default\">\n\t\t\t\t\t<div class=\"elementor-column elementor-col-100 elementor-top-column elementor-element elementor-element-1e39d45\" data-id=\"1e39d45\" data-element_type=\"column\" data-e-type=\"column\">\n\t\t\t<div class=\"elementor-widget-wrap elementor-element-populated\">\n\t\t\t\t\t\t<div class=\"elementor-element elementor-element-99b3e9f elementor-widget elementor-widget-heading\" data-id=\"99b3e9f\" data-element_type=\"widget\" data-e-type=\"widget\" data-widget_type=\"heading.default\">\n\t\t\t\t<div class=\"elementor-widget-container\">\n\t\t\t\t\t<h1 class=\"elementor-heading-title elementor-size-default\">Privacybeleid<\/h1>\t\t\t\t<\/div>\n\t\t\t\t<\/div>\n\t\t\t\t\t<\/div>\n\t\t<\/div>\n\t\t\t\t\t<\/div>\n\t\t<\/section>\n\t\t\t\t<section class=\"elementor-section elementor-top-section elementor-element elementor-element-5bd9dbb elementor-section-boxed elementor-section-height-default elementor-section-height-default\" data-id=\"5bd9dbb\" data-element_type=\"section\" data-e-type=\"section\">\n\t\t\t\t\t\t<div class=\"elementor-container elementor-column-gap-default\">\n\t\t\t\t\t<div class=\"elementor-column elementor-col-100 elementor-top-column elementor-element elementor-element-07e1d98\" data-id=\"07e1d98\" data-element_type=\"column\" data-e-type=\"column\">\n\t\t\t<div class=\"elementor-widget-wrap elementor-element-populated\">\n\t\t\t\t\t\t<div class=\"elementor-element elementor-element-906db39 elementor-widget elementor-widget-text-editor\" data-id=\"906db39\" data-element_type=\"widget\" data-e-type=\"widget\" data-widget_type=\"text-editor.default\">\n\t\t\t\t<div class=\"elementor-widget-container\">\n\t\t\t\t\t\t\t\t\t<p><strong>Wie zijn wij?<\/strong><br \/>Wij zijn een SCI gevestigd op L'\u00cele de R\u00e9 in Charente Maritime 17.<\/p><p>Ons websiteadres is: https:\/\/seaandmountainpleasure.com<\/p><p><strong>Gebruik van gegevens<\/strong> verzamelde persoonlijke gegevens<br \/>Contactformulieren<br \/>Uw persoonlijke gegevens worden verzameld via de volgende formulieren:<\/p><p><strong>Contactformulier<\/strong><br \/>We halen de volgende gegevens op:<br \/>E-mail<br \/>IP-adres<br \/>Naam<br \/>Voornaam<br \/>Telefoon<br \/>We gebruiken de verzamelde informatie voor de volgende doeleinden:<\/p><p><strong>Commerci\u00eble benadering<\/strong><br \/>E-mailcampagne<br \/>Uw informatie wordt ook verzameld via de interactiviteit die tussen u en onze website tot stand kan worden gebracht, en wel op de volgende manieren:<\/p><p><strong>Statistieken<\/strong><br \/>Neem contact op met<br \/>Cookies<br \/>Als u naar de inlogpagina gaat, wordt er een tijdelijk cookie aangemaakt om te bepalen of uw browser cookies accepteert. Het bevat geen persoonlijke gegevens en wordt automatisch verwijderd wanneer u uw browser afsluit.<\/p><p>Wanneer u inlogt, stellen we een aantal cookies in om uw inloggegevens en schermvoorkeuren vast te leggen. De levensduur van een verbindingscookie is twee dagen, die van een schermoptiecookie is een jaar. Als u \"Onthoud mij\" aanvinkt, wordt uw verbindingscookie twee weken bewaard. Als u zich afmeldt bij uw account, wordt de aanmeldingscookie verwijderd.<\/p><p>Bij het wijzigen of publiceren van een publicatie wordt een extra cookie opgeslagen in uw browser. Deze cookie bevat geen persoonlijke gegevens. Het geeft alleen de ID aan van de publicatie die u zojuist hebt gewijzigd. Het vervalt na \u00e9\u00e9n dag.<\/p><p><strong>Ingebedde inhoud van andere sites<\/strong><br \/>Artikelen op deze site kunnen ingesloten inhoud bevatten (bijv. video's, afbeeldingen, artikelen, enz.). Ingesloten inhoud van andere sites gedraagt zich op dezelfde manier alsof de bezoeker die andere site bezoekt.<\/p><p>Deze websites kunnen gegevens over u verzamelen, cookies gebruiken, trackingtools van derden insluiten en uw interacties met deze ingesloten inhoud bijhouden als u een ingelogde account hebt op hun website.<\/p><p><strong>Statistieken en publieksmeting<\/strong><br \/>We gebruiken cookies om de publieks- en verkeersstatistieken voor deze website te berekenen met behulp van Google Analytics.<\/p><p><strong>Gebruik en overdracht van uw persoonlijke gegevens<\/strong><br \/>We gebruiken je gegevens uitsluitend om je vragen te beantwoorden of om je informatie te sturen over ons laatste nieuws, alleen als je ons hebt aangegeven dat je dat wilt.<\/p><p><strong>Bewaartermijnen voor uw gegevens<\/strong><br \/>Als u het contactformulier op deze site gebruikt, worden uw gegevens 3 jaar bewaard, waarna ze automatisch worden verwijderd.<\/p><p><strong>De rechten die u hebt over uw gegevens<\/strong><br \/>Als u het contactformulier op deze site hebt gebruikt, kunt u verzoeken om een bestand te ontvangen met alle persoonlijke gegevens die wij over u hebben, inclusief de gegevens die u aan ons hebt verstrekt. U kunt ook verzoeken om verwijdering van uw persoonlijke gegevens. Dit geldt niet voor gegevens die zijn opgeslagen voor administratieve, juridische of beveiligingsdoeleinden.<\/p><p><strong>Contactgegevens<\/strong><br \/>Als u toegang wilt tot uw persoonlijke gegevens of uw recht wilt doen gelden om deze gegevens te laten verwijderen. U kunt contact opnemen met onze DPO (Data Protection Officer) via ons contactformulier.<\/p><p><strong>Meer informatie<\/strong><br \/>Hoe we uw gegevens beschermen<br \/>Uw gegevens worden opgeslagen op servers die wij huren van OVH, waarvan het hoofdkantoor is gevestigd te 2, rue Kellermann - 59100 Roubaix - Frankrijk.<\/p><p><strong>Procedures die worden ge\u00efmplementeerd in het geval van een gegevenslek<\/strong><br \/>In geval van uitlekken van de gegevens die we hebben verzameld, informeren we de CNIL (Commission nationale de l'informatique et des libert\u00e9s) binnen maximaal 48 uur.<\/p>\t\t\t\t\t\t\t\t<\/div>\n\t\t\t\t<\/div>\n\t\t\t\t\t<\/div>\n\t\t<\/div>\n\t\t\t\t\t<\/div>\n\t\t<\/section>\n\t\t\t\t<\/div>","protected":false},"excerpt":{"rendered":"<p>Politique de confidentialit\u00e9 Qui sommes-nous ?Nous sommes une SCI situ\u00e9e \u00e0 L&rsquo;\u00cele de R\u00e9 en Charente Maritime 17. L\u2019adresse de notre site Web est : https:\/\/seaandmountainpleasure.com Utilisation des donn\u00e9es personnelles collect\u00e9esFormulaires de contactVos renseignements personnels sont collect\u00e9s par le biais de formulaire, \u00e0 savoir : Formulaire de contactNous r\u00e9cup\u00e9rons les donn\u00e9es suivantes :E-mailAdresse IPNomPr\u00e9nomT\u00e9l\u00e9phoneNous utilisons [&hellip;]<\/p>\n","protected":false},"author":1,"featured_media":0,"parent":0,"menu_order":0,"comment_status":"closed","ping_status":"closed","template":"","meta":{"footnotes":""},"class_list":["post-33","page","type-page","status-publish","hentry","entry"],"yoast_head":"<!-- This site is optimized with the Yoast SEO plugin v27.4 - https:\/\/yoast.com\/product\/yoast-seo-wordpress\/ -->\n<title>Politique de confidentialit\u00e9 - Sea and Mountain Pleasure<\/title>\n<meta name=\"description\" content=\"Politique de confidentialit\u00e9 de notre site web seaandmountainpleasure.com\" \/>\n<meta name=\"robots\" content=\"index, follow, max-snippet:-1, max-image-preview:large, max-video-preview:-1\" \/>\n<link rel=\"canonical\" href=\"https:\/\/seaandmountainpleasure.com\/nl\/privacybeleid\/\" \/>\n<meta property=\"og:locale\" content=\"nl_NL\" \/>\n<meta property=\"og:type\" content=\"article\" \/>\n<meta property=\"og:title\" content=\"Politique de confidentialit\u00e9 - Sea and Mountain Pleasure\" \/>\n<meta property=\"og:description\" content=\"Politique de confidentialit\u00e9 de notre site web seaandmountainpleasure.com\" \/>\n<meta property=\"og:url\" content=\"https:\/\/seaandmountainpleasure.com\/nl\/privacybeleid\/\" \/>\n<meta property=\"og:site_name\" content=\"Sea and Mountain Pleasure\" \/>\n<meta property=\"article:publisher\" content=\"https:\/\/www.facebook.com\/profile.php?id=100063830469587\" \/>\n<meta property=\"article:modified_time\" content=\"2024-06-04T14:21:12+00:00\" \/>\n<meta name=\"twitter:card\" content=\"summary_large_image\" \/>\n<meta name=\"twitter:label1\" content=\"Geschatte leestijd\" \/>\n\t<meta name=\"twitter:data1\" content=\"4 minuten\" \/>\n<script type=\"application\/ld+json\" class=\"yoast-schema-graph\">{\"@context\":\"https:\\\/\\\/schema.org\",\"@graph\":[{\"@type\":\"WebPage\",\"@id\":\"https:\\\/\\\/seaandmountainpleasure.com\\\/politique-de-confidentialite\\\/\",\"url\":\"https:\\\/\\\/seaandmountainpleasure.com\\\/politique-de-confidentialite\\\/\",\"name\":\"Politique de confidentialit\u00e9 - Sea and Mountain Pleasure\",\"isPartOf\":{\"@id\":\"https:\\\/\\\/seaandmountainpleasure.com\\\/#website\"},\"datePublished\":\"2020-10-27T11:21:47+00:00\",\"dateModified\":\"2024-06-04T14:21:12+00:00\",\"description\":\"Politique de confidentialit\u00e9 de notre site web seaandmountainpleasure.com\",\"breadcrumb\":{\"@id\":\"https:\\\/\\\/seaandmountainpleasure.com\\\/politique-de-confidentialite\\\/#breadcrumb\"},\"inLanguage\":\"nl-NL\",\"potentialAction\":[{\"@type\":\"ReadAction\",\"target\":[\"https:\\\/\\\/seaandmountainpleasure.com\\\/politique-de-confidentialite\\\/\"]}]},{\"@type\":\"BreadcrumbList\",\"@id\":\"https:\\\/\\\/seaandmountainpleasure.com\\\/politique-de-confidentialite\\\/#breadcrumb\",\"itemListElement\":[{\"@type\":\"ListItem\",\"position\":1,\"name\":\"Accueil\",\"item\":\"https:\\\/\\\/seaandmountainpleasure.com\\\/\"},{\"@type\":\"ListItem\",\"position\":2,\"name\":\"Politique de confidentialit\u00e9\"}]},{\"@type\":\"WebSite\",\"@id\":\"https:\\\/\\\/seaandmountainpleasure.com\\\/#website\",\"url\":\"https:\\\/\\\/seaandmountainpleasure.com\\\/\",\"name\":\"Sea and Mountain Pleasure\",\"description\":\"location de villa de luxe sur l&#039;ile de R\u00e9, sur la presqu&#039;\u00eele de Giens et de chalets \u00e0 l&#039;Alpe d&#039;Huez\",\"publisher\":{\"@id\":\"https:\\\/\\\/seaandmountainpleasure.com\\\/#organization\"},\"potentialAction\":[{\"@type\":\"SearchAction\",\"target\":{\"@type\":\"EntryPoint\",\"urlTemplate\":\"https:\\\/\\\/seaandmountainpleasure.com\\\/?s={search_term_string}\"},\"query-input\":{\"@type\":\"PropertyValueSpecification\",\"valueRequired\":true,\"valueName\":\"search_term_string\"}}],\"inLanguage\":\"nl-NL\"},{\"@type\":\"Organization\",\"@id\":\"https:\\\/\\\/seaandmountainpleasure.com\\\/#organization\",\"name\":\"Sea and Mountain Pleasure\",\"url\":\"https:\\\/\\\/seaandmountainpleasure.com\\\/\",\"logo\":{\"@type\":\"ImageObject\",\"inLanguage\":\"nl-NL\",\"@id\":\"https:\\\/\\\/seaandmountainpleasure.com\\\/#\\\/schema\\\/logo\\\/image\\\/\",\"url\":\"https:\\\/\\\/seaandmountainpleasure.com\\\/wp-content\\\/uploads\\\/2020\\\/12\\\/cropped-favicon.jpg\",\"contentUrl\":\"https:\\\/\\\/seaandmountainpleasure.com\\\/wp-content\\\/uploads\\\/2020\\\/12\\\/cropped-favicon.jpg\",\"width\":512,\"height\":512,\"caption\":\"Sea and Mountain Pleasure\"},\"image\":{\"@id\":\"https:\\\/\\\/seaandmountainpleasure.com\\\/#\\\/schema\\\/logo\\\/image\\\/\"},\"sameAs\":[\"https:\\\/\\\/www.facebook.com\\\/profile.php?id=100063830469587\",\"https:\\\/\\\/www.instagram.com\\\/seaandmountainpleasure\\\/\"]}]}<\/script>\n<!-- \/ Yoast SEO plugin. -->","yoast_head_json":{"title":"Privacybeleid - Zee- en Bergplezier","description":"Privacybeleid van onze website seaandmountainpleasure.com","robots":{"index":"index","follow":"follow","max-snippet":"max-snippet:-1","max-image-preview":"max-image-preview:large","max-video-preview":"max-video-preview:-1"},"canonical":"https:\/\/seaandmountainpleasure.com\/nl\/privacybeleid\/","og_locale":"nl_NL","og_type":"article","og_title":"Politique de confidentialit\u00e9 - Sea and Mountain Pleasure","og_description":"Politique de confidentialit\u00e9 de notre site web seaandmountainpleasure.com","og_url":"https:\/\/seaandmountainpleasure.com\/nl\/privacybeleid\/","og_site_name":"Sea and Mountain Pleasure","article_publisher":"https:\/\/www.facebook.com\/profile.php?id=100063830469587","article_modified_time":"2024-06-04T14:21:12+00:00","twitter_card":"summary_large_image","twitter_misc":{"Geschatte leestijd":"4 minuten"},"schema":{"@context":"https:\/\/schema.org","@graph":[{"@type":"WebPage","@id":"https:\/\/seaandmountainpleasure.com\/politique-de-confidentialite\/","url":"https:\/\/seaandmountainpleasure.com\/politique-de-confidentialite\/","name":"Privacybeleid - Zee- en Bergplezier","isPartOf":{"@id":"https:\/\/seaandmountainpleasure.com\/#website"},"datePublished":"2020-10-27T11:21:47+00:00","dateModified":"2024-06-04T14:21:12+00:00","description":"Privacybeleid van onze website seaandmountainpleasure.com","breadcrumb":{"@id":"https:\/\/seaandmountainpleasure.com\/politique-de-confidentialite\/#breadcrumb"},"inLanguage":"nl-NL","potentialAction":[{"@type":"ReadAction","target":["https:\/\/seaandmountainpleasure.com\/politique-de-confidentialite\/"]}]},{"@type":"BreadcrumbList","@id":"https:\/\/seaandmountainpleasure.com\/politique-de-confidentialite\/#breadcrumb","itemListElement":[{"@type":"ListItem","position":1,"name":"Accueil","item":"https:\/\/seaandmountainpleasure.com\/"},{"@type":"ListItem","position":2,"name":"Politique de confidentialit\u00e9"}]},{"@type":"WebSite","@id":"https:\/\/seaandmountainpleasure.com\/#website","url":"https:\/\/seaandmountainpleasure.com\/","name":"Plezier op zee en in de bergen","description":"verhuur van luxe villa's op ile de R\u00e9, op het schiereiland Giens en chalets op l'Alpe d'Huez","publisher":{"@id":"https:\/\/seaandmountainpleasure.com\/#organization"},"potentialAction":[{"@type":"SearchAction","target":{"@type":"EntryPoint","urlTemplate":"https:\/\/seaandmountainpleasure.com\/?s={search_term_string}"},"query-input":{"@type":"PropertyValueSpecification","valueRequired":true,"valueName":"search_term_string"}}],"inLanguage":"nl-NL"},{"@type":"Organization","@id":"https:\/\/seaandmountainpleasure.com\/#organization","name":"Plezier op zee en in de bergen","url":"https:\/\/seaandmountainpleasure.com\/","logo":{"@type":"ImageObject","inLanguage":"nl-NL","@id":"https:\/\/seaandmountainpleasure.com\/#\/schema\/logo\/image\/","url":"https:\/\/seaandmountainpleasure.com\/wp-content\/uploads\/2020\/12\/cropped-favicon.jpg","contentUrl":"https:\/\/seaandmountainpleasure.com\/wp-content\/uploads\/2020\/12\/cropped-favicon.jpg","width":512,"height":512,"caption":"Sea and Mountain Pleasure"},"image":{"@id":"https:\/\/seaandmountainpleasure.com\/#\/schema\/logo\/image\/"},"sameAs":["https:\/\/www.facebook.com\/profile.php?id=100063830469587","https:\/\/www.instagram.com\/seaandmountainpleasure\/"]}]}},"_links":{"self":[{"href":"https:\/\/seaandmountainpleasure.com\/nl\/wp-json\/wp\/v2\/pages\/33","targetHints":{"allow":["GET"]}}],"collection":[{"href":"https:\/\/seaandmountainpleasure.com\/nl\/wp-json\/wp\/v2\/pages"}],"about":[{"href":"https:\/\/seaandmountainpleasure.com\/nl\/wp-json\/wp\/v2\/types\/page"}],"author":[{"embeddable":true,"href":"https:\/\/seaandmountainpleasure.com\/nl\/wp-json\/wp\/v2\/users\/1"}],"replies":[{"embeddable":true,"href":"https:\/\/seaandmountainpleasure.com\/nl\/wp-json\/wp\/v2\/comments?post=33"}],"version-history":[{"count":0,"href":"https:\/\/seaandmountainpleasure.com\/nl\/wp-json\/wp\/v2\/pages\/33\/revisions"}],"wp:attachment":[{"href":"https:\/\/seaandmountainpleasure.com\/nl\/wp-json\/wp\/v2\/media?parent=33"}],"curies":[{"name":"wp","href":"https:\/\/api.w.org\/{rel}","templated":true}]}}