{"id":33,"date":"2020-10-27T11:21:47","date_gmt":"2020-10-27T11:21:47","guid":{"rendered":"https:\/\/seaandmountainpleasure.com\/?page_id=33"},"modified":"2024-06-04T16:21:12","modified_gmt":"2024-06-04T14:21:12","slug":"informativa-sulla-privacy","status":"publish","type":"page","link":"https:\/\/seaandmountainpleasure.com\/it\/politique-de-confidentialite\/","title":{"rendered":"Politica sulla privacy"},"content":{"rendered":"<div data-elementor-type=\"wp-page\" data-elementor-id=\"33\" class=\"elementor elementor-33\" data-elementor-post-type=\"page\">\n\t\t\t\t\t\t<section class=\"elementor-section elementor-top-section elementor-element elementor-element-7a0c03c elementor-section-boxed elementor-section-height-default elementor-section-height-default\" data-id=\"7a0c03c\" data-element_type=\"section\" data-e-type=\"section\">\n\t\t\t\t\t\t<div class=\"elementor-container elementor-column-gap-default\">\n\t\t\t\t\t<div class=\"elementor-column elementor-col-100 elementor-top-column elementor-element elementor-element-1e39d45\" data-id=\"1e39d45\" data-element_type=\"column\" data-e-type=\"column\">\n\t\t\t<div class=\"elementor-widget-wrap elementor-element-populated\">\n\t\t\t\t\t\t<div class=\"elementor-element elementor-element-99b3e9f elementor-widget elementor-widget-heading\" data-id=\"99b3e9f\" data-element_type=\"widget\" data-e-type=\"widget\" data-widget_type=\"heading.default\">\n\t\t\t\t<div class=\"elementor-widget-container\">\n\t\t\t\t\t<h1 class=\"elementor-heading-title elementor-size-default\">Politica sulla privacy<\/h1>\t\t\t\t<\/div>\n\t\t\t\t<\/div>\n\t\t\t\t\t<\/div>\n\t\t<\/div>\n\t\t\t\t\t<\/div>\n\t\t<\/section>\n\t\t\t\t<section class=\"elementor-section elementor-top-section elementor-element elementor-element-5bd9dbb elementor-section-boxed elementor-section-height-default elementor-section-height-default\" data-id=\"5bd9dbb\" data-element_type=\"section\" data-e-type=\"section\">\n\t\t\t\t\t\t<div class=\"elementor-container elementor-column-gap-default\">\n\t\t\t\t\t<div class=\"elementor-column elementor-col-100 elementor-top-column elementor-element elementor-element-07e1d98\" data-id=\"07e1d98\" data-element_type=\"column\" data-e-type=\"column\">\n\t\t\t<div class=\"elementor-widget-wrap elementor-element-populated\">\n\t\t\t\t\t\t<div class=\"elementor-element elementor-element-906db39 elementor-widget elementor-widget-text-editor\" data-id=\"906db39\" data-element_type=\"widget\" data-e-type=\"widget\" data-widget_type=\"text-editor.default\">\n\t\t\t\t<div class=\"elementor-widget-container\">\n\t\t\t\t\t\t\t\t\t<p><strong>Chi siamo?<\/strong><br \/>Siamo un SIC situato a L'\u00cele de R\u00e9, nella Charente Maritime 17.<\/p><p>Il nostro indirizzo web \u00e8: https:\/\/seaandmountainpleasure.com<\/p><p><strong>Uso dei dati<\/strong> dati personali raccolti<br \/>Moduli di contatto<br \/>I suoi dati personali sono raccolti attraverso moduli, in particolare :<\/p><p><strong>Modulo di contatto<\/strong><br \/>Recuperiamo i seguenti dati:<br \/>E-mail<br \/>Indirizzo IP<br \/>Nome<br \/>Nome<br \/>Telefono<br \/>Utilizziamo le informazioni raccolte per i seguenti scopi:<\/p><p><strong>Approccio commerciale<\/strong><br \/>Campagna di e-mailing<br \/>Le sue informazioni vengono raccolte anche attraverso l'interattivit\u00e0 che pu\u00f2 verificarsi tra lei e il nostro sito web nei seguenti modi:<\/p><p><strong>Statistiche<\/strong><br \/>Contatta<br \/>Cookie<br \/>Se vai alla pagina di login, verr\u00e0 creato un cookie temporaneo per determinare se il tuo browser accetta i cookie. Non contiene alcun dato personale e sar\u00e0 cancellato automaticamente quando chiuderai il tuo browser.<\/p><p>Quando accedi, impostiamo una serie di cookie per registrare le tue informazioni di accesso e le preferenze dello schermo. La durata di un cookie di login \u00e8 di due giorni, e la durata di un cookie di preferenze dello schermo \u00e8 di un anno. Se selezioni \"Ricordami\", il tuo cookie di accesso sar\u00e0 conservato per due settimane. Se ti disconnetti dal tuo account, il cookie di login sar\u00e0 cancellato.<\/p><p>Modificando o pubblicando una pubblicazione, un ulteriore cookie sar\u00e0 memorizzato nel suo browser. Questo cookie non include alcun dato personale. Indica semplicemente l'ID della pubblicazione che hai appena modificato. Scade dopo un giorno.<\/p><p><strong>Contenuto incorporato da altri siti<\/strong><br \/>Gli articoli di questo sito possono includere contenuti incorporati (ad esempio video, immagini, articoli...). Il contenuto incorporato da altri siti si comporta come se il visitatore fosse su quell'altro sito.<\/p><p>Questi siti web possono raccogliere dati su di te, utilizzare cookie, incorporare strumenti di tracciamento di terze parti e tracciare le tue interazioni con questi contenuti incorporati se hai un account con loro.<\/p><p><strong>Statistiche e misurazione del pubblico<\/strong><br \/>Utilizziamo i cookies per calcolare l'audience e le statistiche di frequentazione di questo sito grazie allo strumento Google Analytics.<\/p><p><strong>Utilizzo e trasmissione dei suoi dati personali<\/strong><br \/>Utilizzeremo i vostri dati solo per rispondere alle vostre domande o per inviarvi informazioni sulle nostre novit\u00e0, se avete espresso il desiderio di farlo.<\/p><p><strong>Per quanto tempo vengono conservati i suoi dati<\/strong><br \/>Se utilizzate il modulo di contatto di questo sito, i vostri dati saranno conservati per 3 anni e poi cancellati automaticamente.<\/p><p><strong>I diritti che ha sui suoi dati<\/strong><br \/>Se ha utilizzato il modulo di contatto di questo sito, pu\u00f2 chiedere di ricevere un file contenente tutti i dati personali che abbiamo su di lei, compresi quelli che ci ha fornito. Potete anche richiedere la cancellazione dei vostri dati personali. Questo non include i dati memorizzati per scopi amministrativi, legali o di sicurezza.<\/p><p><strong>Informazioni di contatto<\/strong><br \/>Se desiderate avere accesso ai vostri dati personali o far valere il vostro diritto di cancellarli. Pu\u00f2 contattare il nostro DPO (Data Protection Officer) tramite il nostro modulo di contatto.<\/p><p><strong>Informazioni aggiuntive<\/strong><br \/>Come proteggiamo i suoi dati<br \/>I vostri dati sono conservati sui server che affittiamo da OVH, la cui sede si trova a: 2, rue Kellermann - 59100 Roubaix - Francia<\/p><p><strong>Procedure attuate in caso di fuga di dati<\/strong><br \/>In caso di fuga dei dati che abbiamo raccolto, informeremo la CNIL (Commission Nationale de l'Informatique et des Libert\u00e9s) entro un massimo di 48 ore.<\/p>\t\t\t\t\t\t\t\t<\/div>\n\t\t\t\t<\/div>\n\t\t\t\t\t<\/div>\n\t\t<\/div>\n\t\t\t\t\t<\/div>\n\t\t<\/section>\n\t\t\t\t<\/div>","protected":false},"excerpt":{"rendered":"<p>Politique de confidentialit\u00e9 Qui sommes-nous ?Nous sommes une SCI situ\u00e9e \u00e0 L&rsquo;\u00cele de R\u00e9 en Charente Maritime 17. L\u2019adresse de notre site Web est : https:\/\/seaandmountainpleasure.com Utilisation des donn\u00e9es personnelles collect\u00e9esFormulaires de contactVos renseignements personnels sont collect\u00e9s par le biais de formulaire, \u00e0 savoir : Formulaire de contactNous r\u00e9cup\u00e9rons les donn\u00e9es suivantes :E-mailAdresse IPNomPr\u00e9nomT\u00e9l\u00e9phoneNous utilisons [&hellip;]<\/p>\n","protected":false},"author":1,"featured_media":0,"parent":0,"menu_order":0,"comment_status":"closed","ping_status":"closed","template":"","meta":{"footnotes":""},"class_list":["post-33","page","type-page","status-publish","hentry","entry"],"yoast_head":"<!-- This site is optimized with the Yoast SEO plugin v27.4 - https:\/\/yoast.com\/product\/yoast-seo-wordpress\/ -->\n<title>Politique de confidentialit\u00e9 - Sea and Mountain Pleasure<\/title>\n<meta name=\"description\" content=\"Politique de confidentialit\u00e9 de notre site web seaandmountainpleasure.com\" \/>\n<meta name=\"robots\" content=\"index, follow, max-snippet:-1, max-image-preview:large, max-video-preview:-1\" \/>\n<link rel=\"canonical\" href=\"https:\/\/seaandmountainpleasure.com\/it\/informativa-sulla-privacy\/\" \/>\n<meta property=\"og:locale\" content=\"it_IT\" \/>\n<meta property=\"og:type\" content=\"article\" \/>\n<meta property=\"og:title\" content=\"Politique de confidentialit\u00e9 - Sea and Mountain Pleasure\" \/>\n<meta property=\"og:description\" content=\"Politique de confidentialit\u00e9 de notre site web seaandmountainpleasure.com\" \/>\n<meta property=\"og:url\" content=\"https:\/\/seaandmountainpleasure.com\/it\/informativa-sulla-privacy\/\" \/>\n<meta property=\"og:site_name\" content=\"Sea and Mountain Pleasure\" \/>\n<meta property=\"article:publisher\" content=\"https:\/\/www.facebook.com\/profile.php?id=100063830469587\" \/>\n<meta property=\"article:modified_time\" content=\"2024-06-04T14:21:12+00:00\" \/>\n<meta name=\"twitter:card\" content=\"summary_large_image\" \/>\n<meta name=\"twitter:label1\" content=\"Tempo di lettura stimato\" \/>\n\t<meta name=\"twitter:data1\" content=\"4 minuti\" \/>\n<script type=\"application\/ld+json\" class=\"yoast-schema-graph\">{\"@context\":\"https:\\\/\\\/schema.org\",\"@graph\":[{\"@type\":\"WebPage\",\"@id\":\"https:\\\/\\\/seaandmountainpleasure.com\\\/politique-de-confidentialite\\\/\",\"url\":\"https:\\\/\\\/seaandmountainpleasure.com\\\/politique-de-confidentialite\\\/\",\"name\":\"Politique de confidentialit\u00e9 - Sea and Mountain Pleasure\",\"isPartOf\":{\"@id\":\"https:\\\/\\\/seaandmountainpleasure.com\\\/#website\"},\"datePublished\":\"2020-10-27T11:21:47+00:00\",\"dateModified\":\"2024-06-04T14:21:12+00:00\",\"description\":\"Politique de confidentialit\u00e9 de notre site web seaandmountainpleasure.com\",\"breadcrumb\":{\"@id\":\"https:\\\/\\\/seaandmountainpleasure.com\\\/politique-de-confidentialite\\\/#breadcrumb\"},\"inLanguage\":\"it-IT\",\"potentialAction\":[{\"@type\":\"ReadAction\",\"target\":[\"https:\\\/\\\/seaandmountainpleasure.com\\\/politique-de-confidentialite\\\/\"]}]},{\"@type\":\"BreadcrumbList\",\"@id\":\"https:\\\/\\\/seaandmountainpleasure.com\\\/politique-de-confidentialite\\\/#breadcrumb\",\"itemListElement\":[{\"@type\":\"ListItem\",\"position\":1,\"name\":\"Accueil\",\"item\":\"https:\\\/\\\/seaandmountainpleasure.com\\\/\"},{\"@type\":\"ListItem\",\"position\":2,\"name\":\"Politique de confidentialit\u00e9\"}]},{\"@type\":\"WebSite\",\"@id\":\"https:\\\/\\\/seaandmountainpleasure.com\\\/#website\",\"url\":\"https:\\\/\\\/seaandmountainpleasure.com\\\/\",\"name\":\"Sea and Mountain Pleasure\",\"description\":\"location de villa de luxe sur l&#039;ile de R\u00e9, sur la presqu&#039;\u00eele de Giens et de chalets \u00e0 l&#039;Alpe d&#039;Huez\",\"publisher\":{\"@id\":\"https:\\\/\\\/seaandmountainpleasure.com\\\/#organization\"},\"potentialAction\":[{\"@type\":\"SearchAction\",\"target\":{\"@type\":\"EntryPoint\",\"urlTemplate\":\"https:\\\/\\\/seaandmountainpleasure.com\\\/?s={search_term_string}\"},\"query-input\":{\"@type\":\"PropertyValueSpecification\",\"valueRequired\":true,\"valueName\":\"search_term_string\"}}],\"inLanguage\":\"it-IT\"},{\"@type\":\"Organization\",\"@id\":\"https:\\\/\\\/seaandmountainpleasure.com\\\/#organization\",\"name\":\"Sea and Mountain Pleasure\",\"url\":\"https:\\\/\\\/seaandmountainpleasure.com\\\/\",\"logo\":{\"@type\":\"ImageObject\",\"inLanguage\":\"it-IT\",\"@id\":\"https:\\\/\\\/seaandmountainpleasure.com\\\/#\\\/schema\\\/logo\\\/image\\\/\",\"url\":\"https:\\\/\\\/seaandmountainpleasure.com\\\/wp-content\\\/uploads\\\/2020\\\/12\\\/cropped-favicon.jpg\",\"contentUrl\":\"https:\\\/\\\/seaandmountainpleasure.com\\\/wp-content\\\/uploads\\\/2020\\\/12\\\/cropped-favicon.jpg\",\"width\":512,\"height\":512,\"caption\":\"Sea and Mountain Pleasure\"},\"image\":{\"@id\":\"https:\\\/\\\/seaandmountainpleasure.com\\\/#\\\/schema\\\/logo\\\/image\\\/\"},\"sameAs\":[\"https:\\\/\\\/www.facebook.com\\\/profile.php?id=100063830469587\",\"https:\\\/\\\/www.instagram.com\\\/seaandmountainpleasure\\\/\"]}]}<\/script>\n<!-- \/ Yoast SEO plugin. -->","yoast_head_json":{"title":"Informativa sulla privacy - Piacere del mare e della montagna","description":"Informativa sulla privacy del nostro sito web seaandmountainpleasure.com","robots":{"index":"index","follow":"follow","max-snippet":"max-snippet:-1","max-image-preview":"max-image-preview:large","max-video-preview":"max-video-preview:-1"},"canonical":"https:\/\/seaandmountainpleasure.com\/it\/informativa-sulla-privacy\/","og_locale":"it_IT","og_type":"article","og_title":"Politique de confidentialit\u00e9 - Sea and Mountain Pleasure","og_description":"Politique de confidentialit\u00e9 de notre site web seaandmountainpleasure.com","og_url":"https:\/\/seaandmountainpleasure.com\/it\/informativa-sulla-privacy\/","og_site_name":"Sea and Mountain Pleasure","article_publisher":"https:\/\/www.facebook.com\/profile.php?id=100063830469587","article_modified_time":"2024-06-04T14:21:12+00:00","twitter_card":"summary_large_image","twitter_misc":{"Tempo di lettura stimato":"4 minuti"},"schema":{"@context":"https:\/\/schema.org","@graph":[{"@type":"WebPage","@id":"https:\/\/seaandmountainpleasure.com\/politique-de-confidentialite\/","url":"https:\/\/seaandmountainpleasure.com\/politique-de-confidentialite\/","name":"Informativa sulla privacy - Piacere del mare e della montagna","isPartOf":{"@id":"https:\/\/seaandmountainpleasure.com\/#website"},"datePublished":"2020-10-27T11:21:47+00:00","dateModified":"2024-06-04T14:21:12+00:00","description":"Informativa sulla privacy del nostro sito web seaandmountainpleasure.com","breadcrumb":{"@id":"https:\/\/seaandmountainpleasure.com\/politique-de-confidentialite\/#breadcrumb"},"inLanguage":"it-IT","potentialAction":[{"@type":"ReadAction","target":["https:\/\/seaandmountainpleasure.com\/politique-de-confidentialite\/"]}]},{"@type":"BreadcrumbList","@id":"https:\/\/seaandmountainpleasure.com\/politique-de-confidentialite\/#breadcrumb","itemListElement":[{"@type":"ListItem","position":1,"name":"Accueil","item":"https:\/\/seaandmountainpleasure.com\/"},{"@type":"ListItem","position":2,"name":"Politique de confidentialit\u00e9"}]},{"@type":"WebSite","@id":"https:\/\/seaandmountainpleasure.com\/#website","url":"https:\/\/seaandmountainpleasure.com\/","name":"Piacere del mare e della montagna","description":"affitto di ville di lusso sull'isola di R\u00e9, sulla penisola di Giens e di chalet all'Alpe d'Huez","publisher":{"@id":"https:\/\/seaandmountainpleasure.com\/#organization"},"potentialAction":[{"@type":"SearchAction","target":{"@type":"EntryPoint","urlTemplate":"https:\/\/seaandmountainpleasure.com\/?s={search_term_string}"},"query-input":{"@type":"PropertyValueSpecification","valueRequired":true,"valueName":"search_term_string"}}],"inLanguage":"it-IT"},{"@type":"Organization","@id":"https:\/\/seaandmountainpleasure.com\/#organization","name":"Piacere del mare e della montagna","url":"https:\/\/seaandmountainpleasure.com\/","logo":{"@type":"ImageObject","inLanguage":"it-IT","@id":"https:\/\/seaandmountainpleasure.com\/#\/schema\/logo\/image\/","url":"https:\/\/seaandmountainpleasure.com\/wp-content\/uploads\/2020\/12\/cropped-favicon.jpg","contentUrl":"https:\/\/seaandmountainpleasure.com\/wp-content\/uploads\/2020\/12\/cropped-favicon.jpg","width":512,"height":512,"caption":"Sea and Mountain Pleasure"},"image":{"@id":"https:\/\/seaandmountainpleasure.com\/#\/schema\/logo\/image\/"},"sameAs":["https:\/\/www.facebook.com\/profile.php?id=100063830469587","https:\/\/www.instagram.com\/seaandmountainpleasure\/"]}]}},"_links":{"self":[{"href":"https:\/\/seaandmountainpleasure.com\/it\/wp-json\/wp\/v2\/pages\/33","targetHints":{"allow":["GET"]}}],"collection":[{"href":"https:\/\/seaandmountainpleasure.com\/it\/wp-json\/wp\/v2\/pages"}],"about":[{"href":"https:\/\/seaandmountainpleasure.com\/it\/wp-json\/wp\/v2\/types\/page"}],"author":[{"embeddable":true,"href":"https:\/\/seaandmountainpleasure.com\/it\/wp-json\/wp\/v2\/users\/1"}],"replies":[{"embeddable":true,"href":"https:\/\/seaandmountainpleasure.com\/it\/wp-json\/wp\/v2\/comments?post=33"}],"version-history":[{"count":0,"href":"https:\/\/seaandmountainpleasure.com\/it\/wp-json\/wp\/v2\/pages\/33\/revisions"}],"wp:attachment":[{"href":"https:\/\/seaandmountainpleasure.com\/it\/wp-json\/wp\/v2\/media?parent=33"}],"curies":[{"name":"wp","href":"https:\/\/api.w.org\/{rel}","templated":true}]}}