{"id":31,"date":"2020-10-27T11:21:28","date_gmt":"2020-10-27T11:21:28","guid":{"rendered":"https:\/\/seaandmountainpleasure.com\/?page_id=31"},"modified":"2026-04-14T17:21:35","modified_gmt":"2026-04-14T15:21:35","slug":"informazioni-legali","status":"publish","type":"page","link":"https:\/\/seaandmountainpleasure.com\/it\/mentions-legales\/","title":{"rendered":"Informazioni legali"},"content":{"rendered":"<div data-elementor-type=\"wp-page\" data-elementor-id=\"31\" class=\"elementor elementor-31\" data-elementor-post-type=\"page\">\n\t\t\t\t<div class=\"elementor-element elementor-element-5d1e0a4 e-flex e-con-boxed e-con e-parent\" data-id=\"5d1e0a4\" data-element_type=\"container\" data-e-type=\"container\">\n\t\t\t\t\t<div class=\"e-con-inner\">\n\t\t\t\t<div class=\"elementor-element elementor-element-ff6d3f0 elementor-widget elementor-widget-heading\" data-id=\"ff6d3f0\" data-element_type=\"widget\" data-e-type=\"widget\" data-widget_type=\"heading.default\">\n\t\t\t\t<div class=\"elementor-widget-container\">\n\t\t\t\t\t<h2 class=\"elementor-heading-title elementor-size-default\">Informazioni legali<\/h2>\t\t\t\t<\/div>\n\t\t\t\t<\/div>\n\t\t\t\t<div class=\"elementor-element elementor-element-478c862 elementor-widget elementor-widget-text-editor\" data-id=\"478c862\" data-element_type=\"widget\" data-e-type=\"widget\" data-widget_type=\"text-editor.default\">\n\t\t\t\t<div class=\"elementor-widget-container\">\n\t\t\t\t\t\t\t\t\t<p>Il sito web www.seaandmountainpleasure.com \u00e8 di propriet\u00e0 di :<\/p><p>Sandra &amp; Vincent Taveau - 61 Chemin du Buron-17780 Le-Bois-Plage-en-R\u00e9<\/p><p>Caporedattore: Sandra Taveau<\/p><p class=\"translation-block\">Questo sito \u00e8 ospitato da:<br>OVH<br>SAS au capital de 10 000 000 \u20ac<br>RCS Roubaix - Tourcoing 424 761 419 00045<br>Codice APE 6202A<br>N\u00b0 TVA : FR 22 424 761 419<br>Sede : 2 rue Kellermann - 59100 Roubaix - Francia.<\/p><p class=\"translation-block\">Questo sito \u00e8 stato creato da: <a href=\"https:\/\/maclaine.fr\" target=\"_self\"><strong>Agenzia di comunicazione La Rochelle - www.maclaine.fr<\/strong><\/a><\/p><p><strong>Privacy<\/strong><\/p><p>Sandra e Vincent Taveau non registrano alcuna informazione personale che permetta l'identificazione, ad eccezione dei moduli che l'utente \u00e8 libero di compilare. Queste informazioni non saranno utilizzate senza il vostro consenso, le useremo solo per inviarvi mailing, opuscoli, preventivi, un ordine o per contattarvi.<\/p><p>Le informazioni raccolte su questo sito sono protette dalla legge n. 78-17 del 6 gennaio 1978, modificata e completata dalla legge n. 2018-493 del 20 giugno 2018. Essi beneficiano di un diritto di accesso, di rettifica, di opposizione alla comunicazione e di cancellazione su semplice richiesta a Sandra e Vincent Taveau,<br \/>25 bis, rue du Chay - 17690 Angoulins.<\/p><p>Sandra e Vincent Taveau possono effettuare analisi statistiche senza che il loro nome venga citato e possono informare terzi (organismi di valutazione dei visitatori) in forma sintetica e non nominativa.<\/p><p><strong>Regolamento generale sulla protezione dei dati (GDPR)<\/strong><\/p><p>Sandra e Vincent Taveau si impegnano a garantire che la raccolta e il trattamento dei vostri dati dal sito web www.seaandmountainpleasure.com siano conformi al regolamento generale sulla protezione dei dati (GDPR). Ogni modulo o teleservizio limita la raccolta di dati personali allo stretto necessario (minimizzazione dei dati) e indica in particolare:<\/p><p>- Quali sono gli obiettivi della raccolta di questi dati?<\/p><p>- Se questi dati sono obbligatori o facoltativi per la gestione della sua richiesta,<\/p><p>- Chi potr\u00e0 leggerlo (solo Sandra e Vincent Taveau in linea di principio, a meno che non sia specificato nel modulo quando la trasmissione a terzi \u00e8 necessaria per la gestione della vostra richiesta),<\/p><p>I dati personali raccolti nell'ambito dei servizi offerti su www.seaandmountainpleasure.com sono trattati secondo protocolli sicuri e permettono a Sandra e Vincent Taveau di gestire le richieste ricevute nelle sue applicazioni informatiche.<\/p><p>Per qualsiasi informazione o per esercitare i vostri diritti relativi al trattamento dei dati personali gestiti da Sandra e Vincent Taveau, potete contattare Sandra e Vincent Taveau ed eventualmente il suo responsabile della protezione dei dati (DPO) tramite il modulo di contatto.<\/p><p><strong>Uso dei cookie<\/strong><\/p><p>La gestione di alcuni strumenti di analisi per il funzionamento di questo sito richiede l'uso di cookie. Le informazioni non personali sono registrate da questo sistema di cookies (file di testo utilizzati per riconoscere un utente e quindi facilitare il suo utilizzo del sito). Questi non hanno alcun significato al di fuori del loro uso sul sito www.seaandmountainpleasure.com.<\/p><p><strong>Collegamenti ipertestuali<\/strong><\/p><p>Sandra e Vincent Taveau non controllano i siti collegati al loro e non possono quindi essere ritenuti responsabili del loro contenuto. I rischi legati all'uso di questi siti sono completamente a carico dell'utente. Rispetter\u00e0 le loro condizioni d'uso.<\/p><p><strong>Propriet\u00e0 intellettuale<\/strong><\/p><p>La struttura generale, cos\u00ec come il software, i testi, le immagini, animate o meno, il suo know-how e tutti gli altri elementi che compongono il sito, sono di propriet\u00e0 esclusiva di Sandra e Vincent Taveau. Qualsiasi rappresentazione totale o parziale di questo sito, con qualsiasi mezzo, senza l'autorizzazione esplicita di Sandra e Vincent Taveau \u00e8 vietata e costituirebbe una contraffazione punita dagli articoli L 335-2 e seguenti del Codice della propriet\u00e0 intellettuale.<\/p><p>Lo stesso vale per le banche dati presenti sul sito, che sono protette dalle disposizioni della legge del 1\u00b0 luglio 1998 che recepisce la direttiva europea dell'11 marzo 1996 sulla protezione giuridica delle banche dati nel codice della propriet\u00e0 intellettuale, e di cui Sandra e Vincent Taveau sono produttori.<\/p><p>I marchi di Sandra e Vincent Taveau, cos\u00ec come i loghi che appaiono sul sito, sono marchi registrati o sono di propriet\u00e0 dei suoi partner. Qualsiasi riproduzione totale o parziale di questi marchi o loghi, realizzata a partire da elementi del sito, senza l'autorizzazione espressa di Sandra e Vincent Taveau, \u00e8 vietata ai sensi dell'articolo L 713-2 del Codice della propriet\u00e0 intellettuale.<\/p>\t\t\t\t\t\t\t\t<\/div>\n\t\t\t\t<\/div>\n\t\t\t\t\t<\/div>\n\t\t\t\t<\/div>\n\t\t\t\t<\/div>","protected":false},"excerpt":{"rendered":"<p>Mentions l\u00e9gales Le site www.seaandmountainpleasure.com\u00a0est la propri\u00e9t\u00e9 de : Sandra &amp; Vincent Taveau &#8211; 61 Chemin du Buron-17780 Le-Bois-Plage-en-R\u00e9 Responsable de la r\u00e9daction : Sandra Taveau Ce site est h\u00e9berg\u00e9 chez :OVHSAS au capital de 10 000 000 \u20acRCS Roubaix \u2013 Tourcoing 424 761 419 00045Code APE 6202AN\u00b0 TVA : FR 22 424 761 419Si\u00e8ge [&hellip;]<\/p>\n","protected":false},"author":1,"featured_media":0,"parent":0,"menu_order":0,"comment_status":"closed","ping_status":"closed","template":"","meta":{"footnotes":""},"class_list":["post-31","page","type-page","status-publish","hentry","entry"],"yoast_head":"<!-- This site is optimized with the Yoast SEO plugin v27.4 - https:\/\/yoast.com\/product\/yoast-seo-wordpress\/ -->\n<title>Mentions l\u00e9gales - Sea and Mountain Pleasure<\/title>\n<meta name=\"robots\" content=\"index, follow, max-snippet:-1, max-image-preview:large, max-video-preview:-1\" \/>\n<link rel=\"canonical\" href=\"https:\/\/seaandmountainpleasure.com\/it\/informazioni-legali\/\" \/>\n<meta property=\"og:locale\" content=\"it_IT\" \/>\n<meta property=\"og:type\" content=\"article\" \/>\n<meta property=\"og:title\" content=\"Mentions l\u00e9gales - Sea and Mountain Pleasure\" \/>\n<meta property=\"og:description\" content=\"Mentions l\u00e9gales Le site www.seaandmountainpleasure.com\u00a0est la propri\u00e9t\u00e9 de : Sandra &amp; Vincent Taveau &#8211; 61 Chemin du Buron-17780 Le-Bois-Plage-en-R\u00e9 Responsable de la r\u00e9daction : Sandra Taveau Ce site est h\u00e9berg\u00e9 chez :OVHSAS au capital de 10 000 000 \u20acRCS Roubaix \u2013 Tourcoing 424 761 419 00045Code APE 6202AN\u00b0 TVA : FR 22 424 761 419Si\u00e8ge [&hellip;]\" \/>\n<meta property=\"og:url\" content=\"https:\/\/seaandmountainpleasure.com\/it\/informazioni-legali\/\" \/>\n<meta property=\"og:site_name\" content=\"Sea and Mountain Pleasure\" \/>\n<meta property=\"article:publisher\" content=\"https:\/\/www.facebook.com\/profile.php?id=100063830469587\" \/>\n<meta property=\"article:modified_time\" content=\"2026-04-14T15:21:35+00:00\" \/>\n<meta name=\"twitter:card\" content=\"summary_large_image\" \/>\n<meta name=\"twitter:label1\" content=\"Tempo di lettura stimato\" \/>\n\t<meta name=\"twitter:data1\" content=\"4 minuti\" \/>\n<script type=\"application\/ld+json\" class=\"yoast-schema-graph\">{\"@context\":\"https:\\\/\\\/schema.org\",\"@graph\":[{\"@type\":\"WebPage\",\"@id\":\"https:\\\/\\\/seaandmountainpleasure.com\\\/mentions-legales\\\/\",\"url\":\"https:\\\/\\\/seaandmountainpleasure.com\\\/mentions-legales\\\/\",\"name\":\"Mentions l\u00e9gales - Sea and Mountain Pleasure\",\"isPartOf\":{\"@id\":\"https:\\\/\\\/seaandmountainpleasure.com\\\/#website\"},\"datePublished\":\"2020-10-27T11:21:28+00:00\",\"dateModified\":\"2026-04-14T15:21:35+00:00\",\"breadcrumb\":{\"@id\":\"https:\\\/\\\/seaandmountainpleasure.com\\\/mentions-legales\\\/#breadcrumb\"},\"inLanguage\":\"it-IT\",\"potentialAction\":[{\"@type\":\"ReadAction\",\"target\":[\"https:\\\/\\\/seaandmountainpleasure.com\\\/mentions-legales\\\/\"]}]},{\"@type\":\"BreadcrumbList\",\"@id\":\"https:\\\/\\\/seaandmountainpleasure.com\\\/mentions-legales\\\/#breadcrumb\",\"itemListElement\":[{\"@type\":\"ListItem\",\"position\":1,\"name\":\"Accueil\",\"item\":\"https:\\\/\\\/seaandmountainpleasure.com\\\/\"},{\"@type\":\"ListItem\",\"position\":2,\"name\":\"Mentions l\u00e9gales\"}]},{\"@type\":\"WebSite\",\"@id\":\"https:\\\/\\\/seaandmountainpleasure.com\\\/#website\",\"url\":\"https:\\\/\\\/seaandmountainpleasure.com\\\/\",\"name\":\"Sea and Mountain Pleasure\",\"description\":\"location de villa de luxe sur l&#039;ile de R\u00e9, sur la presqu&#039;\u00eele de Giens et de chalets \u00e0 l&#039;Alpe d&#039;Huez\",\"publisher\":{\"@id\":\"https:\\\/\\\/seaandmountainpleasure.com\\\/#organization\"},\"potentialAction\":[{\"@type\":\"SearchAction\",\"target\":{\"@type\":\"EntryPoint\",\"urlTemplate\":\"https:\\\/\\\/seaandmountainpleasure.com\\\/?s={search_term_string}\"},\"query-input\":{\"@type\":\"PropertyValueSpecification\",\"valueRequired\":true,\"valueName\":\"search_term_string\"}}],\"inLanguage\":\"it-IT\"},{\"@type\":\"Organization\",\"@id\":\"https:\\\/\\\/seaandmountainpleasure.com\\\/#organization\",\"name\":\"Sea and Mountain Pleasure\",\"url\":\"https:\\\/\\\/seaandmountainpleasure.com\\\/\",\"logo\":{\"@type\":\"ImageObject\",\"inLanguage\":\"it-IT\",\"@id\":\"https:\\\/\\\/seaandmountainpleasure.com\\\/#\\\/schema\\\/logo\\\/image\\\/\",\"url\":\"https:\\\/\\\/seaandmountainpleasure.com\\\/wp-content\\\/uploads\\\/2020\\\/12\\\/cropped-favicon.jpg\",\"contentUrl\":\"https:\\\/\\\/seaandmountainpleasure.com\\\/wp-content\\\/uploads\\\/2020\\\/12\\\/cropped-favicon.jpg\",\"width\":512,\"height\":512,\"caption\":\"Sea and Mountain Pleasure\"},\"image\":{\"@id\":\"https:\\\/\\\/seaandmountainpleasure.com\\\/#\\\/schema\\\/logo\\\/image\\\/\"},\"sameAs\":[\"https:\\\/\\\/www.facebook.com\\\/profile.php?id=100063830469587\",\"https:\\\/\\\/www.instagram.com\\\/seaandmountainpleasure\\\/\"]}]}<\/script>\n<!-- \/ Yoast SEO plugin. -->","yoast_head_json":{"title":"Avviso legale - Piacere del mare e della montagna","robots":{"index":"index","follow":"follow","max-snippet":"max-snippet:-1","max-image-preview":"max-image-preview:large","max-video-preview":"max-video-preview:-1"},"canonical":"https:\/\/seaandmountainpleasure.com\/it\/informazioni-legali\/","og_locale":"it_IT","og_type":"article","og_title":"Mentions l\u00e9gales - Sea and Mountain Pleasure","og_description":"Mentions l\u00e9gales Le site www.seaandmountainpleasure.com\u00a0est la propri\u00e9t\u00e9 de : Sandra &amp; Vincent Taveau &#8211; 61 Chemin du Buron-17780 Le-Bois-Plage-en-R\u00e9 Responsable de la r\u00e9daction : Sandra Taveau Ce site est h\u00e9berg\u00e9 chez :OVHSAS au capital de 10 000 000 \u20acRCS Roubaix \u2013 Tourcoing 424 761 419 00045Code APE 6202AN\u00b0 TVA : FR 22 424 761 419Si\u00e8ge [&hellip;]","og_url":"https:\/\/seaandmountainpleasure.com\/it\/informazioni-legali\/","og_site_name":"Sea and Mountain Pleasure","article_publisher":"https:\/\/www.facebook.com\/profile.php?id=100063830469587","article_modified_time":"2026-04-14T15:21:35+00:00","twitter_card":"summary_large_image","twitter_misc":{"Tempo di lettura stimato":"4 minuti"},"schema":{"@context":"https:\/\/schema.org","@graph":[{"@type":"WebPage","@id":"https:\/\/seaandmountainpleasure.com\/mentions-legales\/","url":"https:\/\/seaandmountainpleasure.com\/mentions-legales\/","name":"Avviso legale - Piacere del mare e della montagna","isPartOf":{"@id":"https:\/\/seaandmountainpleasure.com\/#website"},"datePublished":"2020-10-27T11:21:28+00:00","dateModified":"2026-04-14T15:21:35+00:00","breadcrumb":{"@id":"https:\/\/seaandmountainpleasure.com\/mentions-legales\/#breadcrumb"},"inLanguage":"it-IT","potentialAction":[{"@type":"ReadAction","target":["https:\/\/seaandmountainpleasure.com\/mentions-legales\/"]}]},{"@type":"BreadcrumbList","@id":"https:\/\/seaandmountainpleasure.com\/mentions-legales\/#breadcrumb","itemListElement":[{"@type":"ListItem","position":1,"name":"Accueil","item":"https:\/\/seaandmountainpleasure.com\/"},{"@type":"ListItem","position":2,"name":"Mentions l\u00e9gales"}]},{"@type":"WebSite","@id":"https:\/\/seaandmountainpleasure.com\/#website","url":"https:\/\/seaandmountainpleasure.com\/","name":"Piacere del mare e della montagna","description":"affitto di ville di lusso sull'isola di R\u00e9, sulla penisola di Giens e di chalet all'Alpe d'Huez","publisher":{"@id":"https:\/\/seaandmountainpleasure.com\/#organization"},"potentialAction":[{"@type":"SearchAction","target":{"@type":"EntryPoint","urlTemplate":"https:\/\/seaandmountainpleasure.com\/?s={search_term_string}"},"query-input":{"@type":"PropertyValueSpecification","valueRequired":true,"valueName":"search_term_string"}}],"inLanguage":"it-IT"},{"@type":"Organization","@id":"https:\/\/seaandmountainpleasure.com\/#organization","name":"Piacere del mare e della montagna","url":"https:\/\/seaandmountainpleasure.com\/","logo":{"@type":"ImageObject","inLanguage":"it-IT","@id":"https:\/\/seaandmountainpleasure.com\/#\/schema\/logo\/image\/","url":"https:\/\/seaandmountainpleasure.com\/wp-content\/uploads\/2020\/12\/cropped-favicon.jpg","contentUrl":"https:\/\/seaandmountainpleasure.com\/wp-content\/uploads\/2020\/12\/cropped-favicon.jpg","width":512,"height":512,"caption":"Sea and Mountain Pleasure"},"image":{"@id":"https:\/\/seaandmountainpleasure.com\/#\/schema\/logo\/image\/"},"sameAs":["https:\/\/www.facebook.com\/profile.php?id=100063830469587","https:\/\/www.instagram.com\/seaandmountainpleasure\/"]}]}},"_links":{"self":[{"href":"https:\/\/seaandmountainpleasure.com\/it\/wp-json\/wp\/v2\/pages\/31","targetHints":{"allow":["GET"]}}],"collection":[{"href":"https:\/\/seaandmountainpleasure.com\/it\/wp-json\/wp\/v2\/pages"}],"about":[{"href":"https:\/\/seaandmountainpleasure.com\/it\/wp-json\/wp\/v2\/types\/page"}],"author":[{"embeddable":true,"href":"https:\/\/seaandmountainpleasure.com\/it\/wp-json\/wp\/v2\/users\/1"}],"replies":[{"embeddable":true,"href":"https:\/\/seaandmountainpleasure.com\/it\/wp-json\/wp\/v2\/comments?post=31"}],"version-history":[{"count":0,"href":"https:\/\/seaandmountainpleasure.com\/it\/wp-json\/wp\/v2\/pages\/31\/revisions"}],"wp:attachment":[{"href":"https:\/\/seaandmountainpleasure.com\/it\/wp-json\/wp\/v2\/media?parent=31"}],"curies":[{"name":"wp","href":"https:\/\/api.w.org\/{rel}","templated":true}]}}