{"id":7075,"date":"2024-04-15T12:20:26","date_gmt":"2024-04-15T10:20:26","guid":{"rendered":"https:\/\/seaandmountainpleasure.com\/?page_id=7075"},"modified":"2026-04-13T17:36:09","modified_gmt":"2026-04-13T15:36:09","slug":"reservar-alquileres-de-vacaciones","status":"publish","type":"page","link":"https:\/\/seaandmountainpleasure.com\/es\/reserver-location-vacances\/","title":{"rendered":"Reserve"},"content":{"rendered":"<div data-elementor-type=\"wp-page\" data-elementor-id=\"7075\" class=\"elementor elementor-7075\" data-elementor-post-type=\"page\">\n\t\t\t\t<div class=\"elementor-element elementor-element-4221267 e-con-full e-flex e-con e-parent\" data-id=\"4221267\" data-element_type=\"container\" data-e-type=\"container\">\n\t\t<div class=\"elementor-element elementor-element-679b49e e-con-full e-flex e-con e-child\" data-id=\"679b49e\" data-element_type=\"container\" data-e-type=\"container\">\n\t\t\t\t<div class=\"elementor-element elementor-element-e6b2c45 elementor-widget elementor-widget-heading\" data-id=\"e6b2c45\" data-element_type=\"widget\" data-e-type=\"widget\" data-widget_type=\"heading.default\">\n\t\t\t\t<div class=\"elementor-widget-container\">\n\t\t\t\t\t<h1 class=\"elementor-heading-title elementor-size-default\">Reserve su alquiler de vacaciones con Sea and Mountain Pleasure<\/h1>\t\t\t\t<\/div>\n\t\t\t\t<\/div>\n\t\t\t\t<div class=\"elementor-element elementor-element-79a192a elementor-widget elementor-widget-text-editor\" data-id=\"79a192a\" data-element_type=\"widget\" data-e-type=\"widget\" data-widget_type=\"text-editor.default\">\n\t\t\t\t<div class=\"elementor-widget-container\">\n\t\t\t\t\t\t\t\t\t<p>No dude en ponerse en contacto con nosotros para consultar la disponibilidad por correo electr\u00f3nico, tel\u00e9fono o WhatsApp.<br \/>Tras seleccionar las fechas de su estancia, despl\u00e1cese hacia abajo para ver todas nuestras villas y chal\u00e9s disponibles en las fechas que ha elegido.<br \/>\ud83d\udc49 <strong data-start=\"326\" data-end=\"372\">Si desea un seguro de anulaci\u00f3n<\/strong>, Si tiene alguna duda, p\u00f3ngase en contacto con nosotros antes de reservar para que podamos abrirle el precio incluyendo el seguro Chapka.<\/p>\t\t\t\t\t\t\t\t<\/div>\n\t\t\t\t<\/div>\n\t\t\t\t<div class=\"elementor-element elementor-element-f02a3cf elementor-align-center elementor-widget elementor-widget-button\" data-id=\"f02a3cf\" data-element_type=\"widget\" data-e-type=\"widget\" data-widget_type=\"button.default\">\n\t\t\t\t<div class=\"elementor-widget-container\">\n\t\t\t\t\t\t\t\t\t<div class=\"elementor-button-wrapper\">\n\t\t\t\t\t<a class=\"elementor-button elementor-button-link elementor-size-sm\" href=\"https:\/\/sea-and-mountain-pleasure.amenitiz.io\/es\/booking\/room\" target=\"_blank\">\n\t\t\t\t\t\t<span class=\"elementor-button-content-wrapper\">\n\t\t\t\t\t\t\t\t\t<span class=\"elementor-button-text\">Reservar online<\/span>\n\t\t\t\t\t<\/span>\n\t\t\t\t\t<\/a>\n\t\t\t\t<\/div>\n\t\t\t\t\t\t\t\t<\/div>\n\t\t\t\t<\/div>\n\t\t\t\t<div class=\"elementor-element elementor-element-5cb8b8c elementor-icon-list--layout-inline elementor-align-center elementor-list-item-link-full_width elementor-widget elementor-widget-icon-list\" data-id=\"5cb8b8c\" data-element_type=\"widget\" data-e-type=\"widget\" data-widget_type=\"icon-list.default\">\n\t\t\t\t<div class=\"elementor-widget-container\">\n\t\t\t\t\t\t\t<ul class=\"elementor-icon-list-items elementor-inline-items\">\n\t\t\t\t\t\t\t<li class=\"elementor-icon-list-item elementor-inline-item\">\n\t\t\t\t\t\t\t\t\t\t\t<a href=\"mailto:sandra.taveau@seaandmountainpleasure.com\">\n\n\t\t\t\t\t\t\t\t\t\t\t\t<span class=\"elementor-icon-list-icon\">\n\t\t\t\t\t\t\t<i aria-hidden=\"true\" class=\"fas fa-envelope\"><\/i>\t\t\t\t\t\t<\/span>\n\t\t\t\t\t\t\t\t\t\t<span class=\"elementor-icon-list-text\">sandra.taveau@seaandmountainpleasure.com<\/span>\n\t\t\t\t\t\t\t\t\t\t\t<\/a>\n\t\t\t\t\t\t\t\t\t<\/li>\n\t\t\t\t\t\t\t\t<li class=\"elementor-icon-list-item elementor-inline-item\">\n\t\t\t\t\t\t\t\t\t\t\t<a href=\"tel:+33645726095\">\n\n\t\t\t\t\t\t\t\t\t\t\t\t<span class=\"elementor-icon-list-icon\">\n\t\t\t\t\t\t\t<i aria-hidden=\"true\" class=\"fas fa-phone-alt\"><\/i>\t\t\t\t\t\t<\/span>\n\t\t\t\t\t\t\t\t\t\t<span class=\"elementor-icon-list-text\">+33645726095<\/span>\n\t\t\t\t\t\t\t\t\t\t\t<\/a>\n\t\t\t\t\t\t\t\t\t<\/li>\n\t\t\t\t\t\t<\/ul>\n\t\t\t\t\t\t<\/div>\n\t\t\t\t<\/div>\n\t\t\t\t<div class=\"elementor-element elementor-element-de2a026 elementor-icon-list--layout-inline elementor-align-center elementor-list-item-link-full_width elementor-widget elementor-widget-icon-list\" data-id=\"de2a026\" data-element_type=\"widget\" data-e-type=\"widget\" data-widget_type=\"icon-list.default\">\n\t\t\t\t<div class=\"elementor-widget-container\">\n\t\t\t\t\t\t\t<ul class=\"elementor-icon-list-items elementor-inline-items\">\n\t\t\t\t\t\t\t<li class=\"elementor-icon-list-item elementor-inline-item\">\n\t\t\t\t\t\t\t\t\t\t\t<a href=\"https:\/\/wa.me\/+33645726095\">\n\n\t\t\t\t\t\t\t\t\t\t\t\t<span class=\"elementor-icon-list-icon\">\n\t\t\t\t\t\t\t<i aria-hidden=\"true\" class=\"fab fa-whatsapp-square\"><\/i>\t\t\t\t\t\t<\/span>\n\t\t\t\t\t\t\t\t\t\t<span class=\"elementor-icon-list-text\">WhatsApp<\/span>\n\t\t\t\t\t\t\t\t\t\t\t<\/a>\n\t\t\t\t\t\t\t\t\t<\/li>\n\t\t\t\t\t\t<\/ul>\n\t\t\t\t\t\t<\/div>\n\t\t\t\t<\/div>\n\t\t\t\t<div class=\"elementor-element elementor-element-bde7af5 elementor-widget elementor-widget-html\" data-id=\"bde7af5\" data-element_type=\"widget\" data-e-type=\"widget\" data-no-translation=\"\" data-widget_type=\"html.default\">\n\t\t\t\t<div class=\"elementor-widget-container\">\n\t\t\t\t\t<style>.elementor-element-bde7af5{display:none !important}<\/style>\t\t\t\t<\/div>\n\t\t\t\t<\/div>\n\t\t\t\t<div class=\"elementor-element elementor-element-23469d2 elementor-widget elementor-widget-html\" data-id=\"23469d2\" data-element_type=\"widget\" data-e-type=\"widget\" data-no-translation=\"\" data-widget_type=\"html.default\">\n\t\t\t\t<div class=\"elementor-widget-container\">\n\t\t\t\t\t<style>.elementor-element-23469d2{display:none !important}<\/style>\t\t\t\t<\/div>\n\t\t\t\t<\/div>\n\t\t\t\t<div class=\"elementor-element elementor-element-b422084 elementor-widget elementor-widget-html\" data-id=\"b422084\" data-element_type=\"widget\" data-e-type=\"widget\" data-no-translation=\"\" data-widget_type=\"html.default\">\n\t\t\t\t<div class=\"elementor-widget-container\">\n\t\t\t\t\t<style>.elementor-element-b422084{display:none !important}<\/style>\t\t\t\t<\/div>\n\t\t\t\t<\/div>\n\t\t\t\t<div class=\"elementor-element elementor-element-5f1b211 elementor-widget elementor-widget-html\" data-id=\"5f1b211\" data-element_type=\"widget\" data-e-type=\"widget\" data-no-translation=\"\" data-widget_type=\"html.default\">\n\t\t\t\t<div class=\"elementor-widget-container\">\n\t\t\t\t\t<iframe src=\"https:\/\/sea-and-mountain-pleasure.amenitiz.io\/es\/booking\/room\" frameborder=\"0\"><\/iframe>\t\t\t\t<\/div>\n\t\t\t\t<\/div>\n\t\t\t\t<div class=\"elementor-element elementor-element-1db4a53 elementor-widget elementor-widget-html\" data-id=\"1db4a53\" data-element_type=\"widget\" data-e-type=\"widget\" data-no-translation=\"\" data-widget_type=\"html.default\">\n\t\t\t\t<div class=\"elementor-widget-container\">\n\t\t\t\t\t<style>.elementor-element-1db4a53{display:none !important}<\/style>\t\t\t\t<\/div>\n\t\t\t\t<\/div>\n\t\t\t\t<div class=\"elementor-element elementor-element-78b3f5f elementor-widget elementor-widget-html\" data-id=\"78b3f5f\" data-element_type=\"widget\" data-e-type=\"widget\" data-no-translation=\"\" data-widget_type=\"html.default\">\n\t\t\t\t<div class=\"elementor-widget-container\">\n\t\t\t\t\t<style>.elementor-element-78b3f5f{display:none !important}<\/style>\t\t\t\t<\/div>\n\t\t\t\t<\/div>\n\t\t\t\t<div class=\"elementor-element elementor-element-979d0f5 elementor-widget elementor-widget-html\" data-id=\"979d0f5\" data-element_type=\"widget\" data-e-type=\"widget\" data-no-translation=\"\" data-widget_type=\"html.default\">\n\t\t\t\t<div class=\"elementor-widget-container\">\n\t\t\t\t\t<style>.elementor-element-979d0f5{display:none !important}<\/style>\t\t\t\t<\/div>\n\t\t\t\t<\/div>\n\t\t\t\t<\/div>\n\t\t\t\t<\/div>\n\t\t\t\t<\/div>","protected":false},"excerpt":{"rendered":"<p>R\u00e9server votre location de vacances avec Sea and Mountain Pleasure N\u2019h\u00e9sitez pas \u00e0 nous contacter pour conna\u00eetre nos disponibilit\u00e9s par e-mail, t\u00e9l\u00e9phone ou WhatsApp.Apr\u00e8s avoir s\u00e9lectionn\u00e9 vos dates de s\u00e9jour, faites d\u00e9filer vers le bas pour voir l\u2019ensemble de nos villas et chalets disponibles aux dates choisies.\ud83d\udc49 Si vous souhaitez une assurance annulation, merci de [&hellip;]<\/p>\n","protected":false},"author":1,"featured_media":0,"parent":0,"menu_order":0,"comment_status":"closed","ping_status":"closed","template":"","meta":{"footnotes":""},"class_list":["post-7075","page","type-page","status-publish","hentry","entry"],"yoast_head":"<!-- This site is optimized with the Yoast SEO plugin v27.4 - https:\/\/yoast.com\/product\/yoast-seo-wordpress\/ -->\n<title>Reserver votre location de vacances - Sea and Moutain Pleasure<\/title>\n<meta name=\"description\" content=\"R\u00e9server votre location de vacances \u00e0 l&#039;ile de R\u00e9, sur la c\u00f4te d&#039;Azur ou \u00e0 l&#039;Alpe d&#039;Huez avec Sea and Moutain Pleasure.\" \/>\n<meta name=\"robots\" content=\"index, follow, max-snippet:-1, max-image-preview:large, max-video-preview:-1\" \/>\n<link rel=\"canonical\" href=\"https:\/\/seaandmountainpleasure.com\/es\/reservar-alquileres-de-vacaciones\/\" \/>\n<meta property=\"og:locale\" content=\"es_ES\" \/>\n<meta property=\"og:type\" content=\"article\" \/>\n<meta property=\"og:title\" content=\"Reserver votre location de vacances - Sea and Moutain Pleasure\" \/>\n<meta property=\"og:description\" content=\"R\u00e9server votre location de vacances \u00e0 l&#039;ile de R\u00e9, sur la c\u00f4te d&#039;Azur ou \u00e0 l&#039;Alpe d&#039;Huez avec Sea and Moutain Pleasure.\" \/>\n<meta property=\"og:url\" content=\"https:\/\/seaandmountainpleasure.com\/es\/reservar-alquileres-de-vacaciones\/\" \/>\n<meta property=\"og:site_name\" content=\"Sea and Mountain Pleasure\" \/>\n<meta property=\"article:publisher\" content=\"https:\/\/www.facebook.com\/profile.php?id=100063830469587\" \/>\n<meta property=\"article:modified_time\" content=\"2026-04-13T15:36:09+00:00\" \/>\n<meta name=\"twitter:card\" content=\"summary_large_image\" \/>\n<meta name=\"twitter:label1\" content=\"Tiempo de lectura\" \/>\n\t<meta name=\"twitter:data1\" content=\"1 minuto\" \/>\n<script type=\"application\/ld+json\" class=\"yoast-schema-graph\">{\"@context\":\"https:\\\/\\\/schema.org\",\"@graph\":[{\"@type\":\"WebPage\",\"@id\":\"https:\\\/\\\/seaandmountainpleasure.com\\\/reserver-location-vacances\\\/\",\"url\":\"https:\\\/\\\/seaandmountainpleasure.com\\\/reserver-location-vacances\\\/\",\"name\":\"Reserver votre location de vacances - Sea and Moutain Pleasure\",\"isPartOf\":{\"@id\":\"https:\\\/\\\/seaandmountainpleasure.com\\\/#website\"},\"datePublished\":\"2024-04-15T10:20:26+00:00\",\"dateModified\":\"2026-04-13T15:36:09+00:00\",\"description\":\"R\u00e9server votre location de vacances \u00e0 l'ile de R\u00e9, sur la c\u00f4te d'Azur ou \u00e0 l'Alpe d'Huez avec Sea and Moutain Pleasure.\",\"breadcrumb\":{\"@id\":\"https:\\\/\\\/seaandmountainpleasure.com\\\/reserver-location-vacances\\\/#breadcrumb\"},\"inLanguage\":\"es\",\"potentialAction\":[{\"@type\":\"ReadAction\",\"target\":[\"https:\\\/\\\/seaandmountainpleasure.com\\\/reserver-location-vacances\\\/\"]}]},{\"@type\":\"BreadcrumbList\",\"@id\":\"https:\\\/\\\/seaandmountainpleasure.com\\\/reserver-location-vacances\\\/#breadcrumb\",\"itemListElement\":[{\"@type\":\"ListItem\",\"position\":1,\"name\":\"Accueil\",\"item\":\"https:\\\/\\\/seaandmountainpleasure.com\\\/\"},{\"@type\":\"ListItem\",\"position\":2,\"name\":\"R\u00e9server\"}]},{\"@type\":\"WebSite\",\"@id\":\"https:\\\/\\\/seaandmountainpleasure.com\\\/#website\",\"url\":\"https:\\\/\\\/seaandmountainpleasure.com\\\/\",\"name\":\"Sea and Mountain Pleasure\",\"description\":\"location de villa de luxe sur l&#039;ile de R\u00e9, sur la presqu&#039;\u00eele de Giens et de chalets \u00e0 l&#039;Alpe d&#039;Huez\",\"publisher\":{\"@id\":\"https:\\\/\\\/seaandmountainpleasure.com\\\/#organization\"},\"potentialAction\":[{\"@type\":\"SearchAction\",\"target\":{\"@type\":\"EntryPoint\",\"urlTemplate\":\"https:\\\/\\\/seaandmountainpleasure.com\\\/?s={search_term_string}\"},\"query-input\":{\"@type\":\"PropertyValueSpecification\",\"valueRequired\":true,\"valueName\":\"search_term_string\"}}],\"inLanguage\":\"es\"},{\"@type\":\"Organization\",\"@id\":\"https:\\\/\\\/seaandmountainpleasure.com\\\/#organization\",\"name\":\"Sea and Mountain Pleasure\",\"url\":\"https:\\\/\\\/seaandmountainpleasure.com\\\/\",\"logo\":{\"@type\":\"ImageObject\",\"inLanguage\":\"es\",\"@id\":\"https:\\\/\\\/seaandmountainpleasure.com\\\/#\\\/schema\\\/logo\\\/image\\\/\",\"url\":\"https:\\\/\\\/seaandmountainpleasure.com\\\/wp-content\\\/uploads\\\/2020\\\/12\\\/cropped-favicon.jpg\",\"contentUrl\":\"https:\\\/\\\/seaandmountainpleasure.com\\\/wp-content\\\/uploads\\\/2020\\\/12\\\/cropped-favicon.jpg\",\"width\":512,\"height\":512,\"caption\":\"Sea and Mountain Pleasure\"},\"image\":{\"@id\":\"https:\\\/\\\/seaandmountainpleasure.com\\\/#\\\/schema\\\/logo\\\/image\\\/\"},\"sameAs\":[\"https:\\\/\\\/www.facebook.com\\\/profile.php?id=100063830469587\",\"https:\\\/\\\/www.instagram.com\\\/seaandmountainpleasure\\\/\"]}]}<\/script>\n<!-- \/ Yoast SEO plugin. -->","yoast_head_json":{"title":"Reserve su alquiler de vacaciones - Placer de mar y monta\u00f1a","description":"Reserve su alquiler de vacaciones en la Isla de R\u00e9, Costa Azul o Alpe d'Huez con Placer Mar y Monta\u00f1a.","robots":{"index":"index","follow":"follow","max-snippet":"max-snippet:-1","max-image-preview":"max-image-preview:large","max-video-preview":"max-video-preview:-1"},"canonical":"https:\/\/seaandmountainpleasure.com\/es\/reservar-alquileres-de-vacaciones\/","og_locale":"es_ES","og_type":"article","og_title":"Reserver votre location de vacances - Sea and Moutain Pleasure","og_description":"R\u00e9server votre location de vacances \u00e0 l'ile de R\u00e9, sur la c\u00f4te d'Azur ou \u00e0 l'Alpe d'Huez avec Sea and Moutain Pleasure.","og_url":"https:\/\/seaandmountainpleasure.com\/es\/reservar-alquileres-de-vacaciones\/","og_site_name":"Sea and Mountain Pleasure","article_publisher":"https:\/\/www.facebook.com\/profile.php?id=100063830469587","article_modified_time":"2026-04-13T15:36:09+00:00","twitter_card":"summary_large_image","twitter_misc":{"Tiempo de lectura":"1 minuto"},"schema":{"@context":"https:\/\/schema.org","@graph":[{"@type":"WebPage","@id":"https:\/\/seaandmountainpleasure.com\/reserver-location-vacances\/","url":"https:\/\/seaandmountainpleasure.com\/reserver-location-vacances\/","name":"Reserve su alquiler de vacaciones - Placer de mar y monta\u00f1a","isPartOf":{"@id":"https:\/\/seaandmountainpleasure.com\/#website"},"datePublished":"2024-04-15T10:20:26+00:00","dateModified":"2026-04-13T15:36:09+00:00","description":"Reserve su alquiler de vacaciones en la Isla de R\u00e9, Costa Azul o Alpe d'Huez con Placer Mar y Monta\u00f1a.","breadcrumb":{"@id":"https:\/\/seaandmountainpleasure.com\/reserver-location-vacances\/#breadcrumb"},"inLanguage":"es","potentialAction":[{"@type":"ReadAction","target":["https:\/\/seaandmountainpleasure.com\/reserver-location-vacances\/"]}]},{"@type":"BreadcrumbList","@id":"https:\/\/seaandmountainpleasure.com\/reserver-location-vacances\/#breadcrumb","itemListElement":[{"@type":"ListItem","position":1,"name":"Accueil","item":"https:\/\/seaandmountainpleasure.com\/"},{"@type":"ListItem","position":2,"name":"R\u00e9server"}]},{"@type":"WebSite","@id":"https:\/\/seaandmountainpleasure.com\/#website","url":"https:\/\/seaandmountainpleasure.com\/","name":"Placeres del mar y la monta\u00f1a","description":"alquiler de chal\u00e9s de lujo en la isla de R\u00e9, en la pen\u00ednsula de Giens y chal\u00e9s en l'Alpe d'Huez","publisher":{"@id":"https:\/\/seaandmountainpleasure.com\/#organization"},"potentialAction":[{"@type":"SearchAction","target":{"@type":"EntryPoint","urlTemplate":"https:\/\/seaandmountainpleasure.com\/?s={search_term_string}"},"query-input":{"@type":"PropertyValueSpecification","valueRequired":true,"valueName":"search_term_string"}}],"inLanguage":"es"},{"@type":"Organization","@id":"https:\/\/seaandmountainpleasure.com\/#organization","name":"Placeres del mar y la monta\u00f1a","url":"https:\/\/seaandmountainpleasure.com\/","logo":{"@type":"ImageObject","inLanguage":"es","@id":"https:\/\/seaandmountainpleasure.com\/#\/schema\/logo\/image\/","url":"https:\/\/seaandmountainpleasure.com\/wp-content\/uploads\/2020\/12\/cropped-favicon.jpg","contentUrl":"https:\/\/seaandmountainpleasure.com\/wp-content\/uploads\/2020\/12\/cropped-favicon.jpg","width":512,"height":512,"caption":"Sea and Mountain Pleasure"},"image":{"@id":"https:\/\/seaandmountainpleasure.com\/#\/schema\/logo\/image\/"},"sameAs":["https:\/\/www.facebook.com\/profile.php?id=100063830469587","https:\/\/www.instagram.com\/seaandmountainpleasure\/"]}]}},"_links":{"self":[{"href":"https:\/\/seaandmountainpleasure.com\/es\/wp-json\/wp\/v2\/pages\/7075","targetHints":{"allow":["GET"]}}],"collection":[{"href":"https:\/\/seaandmountainpleasure.com\/es\/wp-json\/wp\/v2\/pages"}],"about":[{"href":"https:\/\/seaandmountainpleasure.com\/es\/wp-json\/wp\/v2\/types\/page"}],"author":[{"embeddable":true,"href":"https:\/\/seaandmountainpleasure.com\/es\/wp-json\/wp\/v2\/users\/1"}],"replies":[{"embeddable":true,"href":"https:\/\/seaandmountainpleasure.com\/es\/wp-json\/wp\/v2\/comments?post=7075"}],"version-history":[{"count":0,"href":"https:\/\/seaandmountainpleasure.com\/es\/wp-json\/wp\/v2\/pages\/7075\/revisions"}],"wp:attachment":[{"href":"https:\/\/seaandmountainpleasure.com\/es\/wp-json\/wp\/v2\/media?parent=7075"}],"curies":[{"name":"wp","href":"https:\/\/api.w.org\/{rel}","templated":true}]}}