{"id":33,"date":"2020-10-27T11:21:47","date_gmt":"2020-10-27T11:21:47","guid":{"rendered":"https:\/\/seaandmountainpleasure.com\/?page_id=33"},"modified":"2024-06-04T16:21:12","modified_gmt":"2024-06-04T14:21:12","slug":"politica-de-privacidad","status":"publish","type":"page","link":"https:\/\/seaandmountainpleasure.com\/es\/politique-de-confidentialite\/","title":{"rendered":"Pol\u00edtica de privacidad"},"content":{"rendered":"<div data-elementor-type=\"wp-page\" data-elementor-id=\"33\" class=\"elementor elementor-33\" data-elementor-post-type=\"page\">\n\t\t\t\t\t\t<section class=\"elementor-section elementor-top-section elementor-element elementor-element-7a0c03c elementor-section-boxed elementor-section-height-default elementor-section-height-default\" data-id=\"7a0c03c\" data-element_type=\"section\" data-e-type=\"section\">\n\t\t\t\t\t\t<div class=\"elementor-container elementor-column-gap-default\">\n\t\t\t\t\t<div class=\"elementor-column elementor-col-100 elementor-top-column elementor-element elementor-element-1e39d45\" data-id=\"1e39d45\" data-element_type=\"column\" data-e-type=\"column\">\n\t\t\t<div class=\"elementor-widget-wrap elementor-element-populated\">\n\t\t\t\t\t\t<div class=\"elementor-element elementor-element-99b3e9f elementor-widget elementor-widget-heading\" data-id=\"99b3e9f\" data-element_type=\"widget\" data-e-type=\"widget\" data-widget_type=\"heading.default\">\n\t\t\t\t<div class=\"elementor-widget-container\">\n\t\t\t\t\t<h1 class=\"elementor-heading-title elementor-size-default\">Pol\u00edtica de privacidad<\/h1>\t\t\t\t<\/div>\n\t\t\t\t<\/div>\n\t\t\t\t\t<\/div>\n\t\t<\/div>\n\t\t\t\t\t<\/div>\n\t\t<\/section>\n\t\t\t\t<section class=\"elementor-section elementor-top-section elementor-element elementor-element-5bd9dbb elementor-section-boxed elementor-section-height-default elementor-section-height-default\" data-id=\"5bd9dbb\" data-element_type=\"section\" data-e-type=\"section\">\n\t\t\t\t\t\t<div class=\"elementor-container elementor-column-gap-default\">\n\t\t\t\t\t<div class=\"elementor-column elementor-col-100 elementor-top-column elementor-element elementor-element-07e1d98\" data-id=\"07e1d98\" data-element_type=\"column\" data-e-type=\"column\">\n\t\t\t<div class=\"elementor-widget-wrap elementor-element-populated\">\n\t\t\t\t\t\t<div class=\"elementor-element elementor-element-906db39 elementor-widget elementor-widget-text-editor\" data-id=\"906db39\" data-element_type=\"widget\" data-e-type=\"widget\" data-widget_type=\"text-editor.default\">\n\t\t\t\t<div class=\"elementor-widget-container\">\n\t\t\t\t\t\t\t\t\t<p><strong>\u00bfQui\u00e9nes somos?<\/strong><br \/>Somos una SCI situada en L'\u00cele de R\u00e9, en Charente Maritime 17.<\/p><p>La direcci\u00f3n de nuestro sitio web es: https:\/\/seaandmountainpleasure.com<\/p><p><strong>Uso de los datos<\/strong> datos personales recogidos<br \/>Formularios de contacto<br \/>Sus datos personales se recopilan a trav\u00e9s de formularios, concretamente :<\/p><p><strong>Formulario de contacto<\/strong><br \/>Recuperamos los siguientes datos:<br \/>Correo electr\u00f3nico<br \/>Direcci\u00f3n IP<br \/>Nombre<br \/>Nombre<br \/>Tel\u00e9fono<br \/>Utilizamos la informaci\u00f3n recogida para los siguientes fines:<\/p><p><strong>Enfoque comercial<\/strong><br \/>Campa\u00f1a de e-mailing<br \/>Su informaci\u00f3n tambi\u00e9n se recoge a trav\u00e9s de la interactividad que puede producirse entre usted y nuestro sitio web de las siguientes maneras:<\/p><p><strong>Estad\u00edsticas<\/strong><br \/>Contacte con<br \/>Galletas<br \/>Si va a la p\u00e1gina de inicio de sesi\u00f3n, se crear\u00e1 una cookie temporal para determinar si su navegador acepta cookies. No contiene ning\u00fan dato personal y se eliminar\u00e1 autom\u00e1ticamente al cerrar el navegador.<\/p><p>Al iniciar la sesi\u00f3n, estableceremos una serie de cookies para registrar su informaci\u00f3n de inicio de sesi\u00f3n y sus preferencias de pantalla. La vida de una cookie de inicio de sesi\u00f3n es de dos d\u00edas, y la vida de una cookie de preferencias de pantalla es de un a\u00f1o. Si marca \"Recordarme\", su cookie de inicio de sesi\u00f3n se conservar\u00e1 durante dos semanas. Si cierra la sesi\u00f3n de su cuenta, la cookie de inicio de sesi\u00f3n se eliminar\u00e1.<\/p><p>Al editar o publicar una publicaci\u00f3n, se almacenar\u00e1 una cookie adicional en su navegador. Esta cookie no incluye ning\u00fan dato personal. Simplemente indica el ID de la publicaci\u00f3n que acaba de editar. Caduca al cabo de un d\u00eda.<\/p><p><strong>Contenido incrustado de otros sitios<\/strong><br \/>Los art\u00edculos de este sitio pueden incluir contenido incrustado (por ejemplo, v\u00eddeos, im\u00e1genes, art\u00edculos...). El contenido incrustado de otros sitios se comporta de la misma manera que si el visitante estuviera en ese otro sitio.<\/p><p>Estos sitios web pueden recopilar datos sobre usted, utilizar cookies, incrustar herramientas de seguimiento de terceros y rastrear sus interacciones con estos contenidos incrustados si tiene una cuenta en ellos.<\/p><p><strong>Estad\u00edsticas y medici\u00f3n de la audiencia<\/strong><br \/>Utilizamos cookies para calcular la audiencia y las estad\u00edsticas de frecuentaci\u00f3n de este sitio gracias a la herramienta Google Analytics.<\/p><p><strong>Uso y transmisi\u00f3n de sus datos personales<\/strong><br \/>S\u00f3lo utilizaremos sus datos para responder a sus preguntas o enviarle informaci\u00f3n sobre nuestras novedades, si ha expresado su deseo de hacerlo.<\/p><p><strong>Cu\u00e1nto tiempo se almacenan sus datos<\/strong><br \/>Si utiliza el formulario de contacto de este sitio, sus datos se conservar\u00e1n durante 3 a\u00f1os y luego se eliminar\u00e1n autom\u00e1ticamente.<\/p><p><strong>Los derechos que tiene sobre sus datos<\/strong><br \/>Si ha utilizado el formulario de contacto de este sitio, puede solicitar que le enviemos un archivo con todos los datos personales que tenemos sobre usted, incluidos los que nos ha proporcionado. Tambi\u00e9n puede solicitar la supresi\u00f3n de sus datos personales. Esto no incluye los datos almacenados con fines administrativos, legales o de seguridad.<\/p><p><strong>Informaci\u00f3n de contacto<\/strong><br \/>Si desea tener acceso a sus datos personales o hacer valer su derecho a eliminarlos. Puede ponerse en contacto con nuestro responsable de la protecci\u00f3n de datos a trav\u00e9s de nuestro formulario de contacto.<\/p><p><strong>Informaci\u00f3n adicional<\/strong><br \/>C\u00f3mo protegemos sus datos<br \/>Sus datos se almacenan en los servidores que alquilamos a OVH, cuya sede se encuentra en: 2, rue Kellermann - 59100 Roubaix - Francia<\/p><p><strong>Procedimientos aplicados en caso de fuga de datos<\/strong><br \/>En caso de filtraci\u00f3n de los datos que hemos recogido, informaremos a la CNIL (Comisi\u00f3n Nacional de Inform\u00e1tica y Libertades) en un plazo m\u00e1ximo de 48 horas.<\/p>\t\t\t\t\t\t\t\t<\/div>\n\t\t\t\t<\/div>\n\t\t\t\t\t<\/div>\n\t\t<\/div>\n\t\t\t\t\t<\/div>\n\t\t<\/section>\n\t\t\t\t<\/div>","protected":false},"excerpt":{"rendered":"<p>Politique de confidentialit\u00e9 Qui sommes-nous ?Nous sommes une SCI situ\u00e9e \u00e0 L&rsquo;\u00cele de R\u00e9 en Charente Maritime 17. L\u2019adresse de notre site Web est : https:\/\/seaandmountainpleasure.com Utilisation des donn\u00e9es personnelles collect\u00e9esFormulaires de contactVos renseignements personnels sont collect\u00e9s par le biais de formulaire, \u00e0 savoir : Formulaire de contactNous r\u00e9cup\u00e9rons les donn\u00e9es suivantes :E-mailAdresse IPNomPr\u00e9nomT\u00e9l\u00e9phoneNous utilisons [&hellip;]<\/p>\n","protected":false},"author":1,"featured_media":0,"parent":0,"menu_order":0,"comment_status":"closed","ping_status":"closed","template":"","meta":{"footnotes":""},"class_list":["post-33","page","type-page","status-publish","hentry","entry"],"yoast_head":"<!-- This site is optimized with the Yoast SEO plugin v27.4 - https:\/\/yoast.com\/product\/yoast-seo-wordpress\/ -->\n<title>Politique de confidentialit\u00e9 - Sea and Mountain Pleasure<\/title>\n<meta name=\"description\" content=\"Politique de confidentialit\u00e9 de notre site web seaandmountainpleasure.com\" \/>\n<meta name=\"robots\" content=\"index, follow, max-snippet:-1, max-image-preview:large, max-video-preview:-1\" \/>\n<link rel=\"canonical\" href=\"https:\/\/seaandmountainpleasure.com\/es\/politica-de-privacidad\/\" \/>\n<meta property=\"og:locale\" content=\"es_ES\" \/>\n<meta property=\"og:type\" content=\"article\" \/>\n<meta property=\"og:title\" content=\"Politique de confidentialit\u00e9 - Sea and Mountain Pleasure\" \/>\n<meta property=\"og:description\" content=\"Politique de confidentialit\u00e9 de notre site web seaandmountainpleasure.com\" \/>\n<meta property=\"og:url\" content=\"https:\/\/seaandmountainpleasure.com\/es\/politica-de-privacidad\/\" \/>\n<meta property=\"og:site_name\" content=\"Sea and Mountain Pleasure\" \/>\n<meta property=\"article:publisher\" content=\"https:\/\/www.facebook.com\/profile.php?id=100063830469587\" \/>\n<meta property=\"article:modified_time\" content=\"2024-06-04T14:21:12+00:00\" \/>\n<meta name=\"twitter:card\" content=\"summary_large_image\" \/>\n<meta name=\"twitter:label1\" content=\"Tiempo de lectura\" \/>\n\t<meta name=\"twitter:data1\" content=\"4 minutos\" \/>\n<script type=\"application\/ld+json\" class=\"yoast-schema-graph\">{\"@context\":\"https:\\\/\\\/schema.org\",\"@graph\":[{\"@type\":\"WebPage\",\"@id\":\"https:\\\/\\\/seaandmountainpleasure.com\\\/politique-de-confidentialite\\\/\",\"url\":\"https:\\\/\\\/seaandmountainpleasure.com\\\/politique-de-confidentialite\\\/\",\"name\":\"Politique de confidentialit\u00e9 - Sea and Mountain Pleasure\",\"isPartOf\":{\"@id\":\"https:\\\/\\\/seaandmountainpleasure.com\\\/#website\"},\"datePublished\":\"2020-10-27T11:21:47+00:00\",\"dateModified\":\"2024-06-04T14:21:12+00:00\",\"description\":\"Politique de confidentialit\u00e9 de notre site web seaandmountainpleasure.com\",\"breadcrumb\":{\"@id\":\"https:\\\/\\\/seaandmountainpleasure.com\\\/politique-de-confidentialite\\\/#breadcrumb\"},\"inLanguage\":\"es\",\"potentialAction\":[{\"@type\":\"ReadAction\",\"target\":[\"https:\\\/\\\/seaandmountainpleasure.com\\\/politique-de-confidentialite\\\/\"]}]},{\"@type\":\"BreadcrumbList\",\"@id\":\"https:\\\/\\\/seaandmountainpleasure.com\\\/politique-de-confidentialite\\\/#breadcrumb\",\"itemListElement\":[{\"@type\":\"ListItem\",\"position\":1,\"name\":\"Accueil\",\"item\":\"https:\\\/\\\/seaandmountainpleasure.com\\\/\"},{\"@type\":\"ListItem\",\"position\":2,\"name\":\"Politique de confidentialit\u00e9\"}]},{\"@type\":\"WebSite\",\"@id\":\"https:\\\/\\\/seaandmountainpleasure.com\\\/#website\",\"url\":\"https:\\\/\\\/seaandmountainpleasure.com\\\/\",\"name\":\"Sea and Mountain Pleasure\",\"description\":\"location de villa de luxe sur l&#039;ile de R\u00e9, sur la presqu&#039;\u00eele de Giens et de chalets \u00e0 l&#039;Alpe d&#039;Huez\",\"publisher\":{\"@id\":\"https:\\\/\\\/seaandmountainpleasure.com\\\/#organization\"},\"potentialAction\":[{\"@type\":\"SearchAction\",\"target\":{\"@type\":\"EntryPoint\",\"urlTemplate\":\"https:\\\/\\\/seaandmountainpleasure.com\\\/?s={search_term_string}\"},\"query-input\":{\"@type\":\"PropertyValueSpecification\",\"valueRequired\":true,\"valueName\":\"search_term_string\"}}],\"inLanguage\":\"es\"},{\"@type\":\"Organization\",\"@id\":\"https:\\\/\\\/seaandmountainpleasure.com\\\/#organization\",\"name\":\"Sea and Mountain Pleasure\",\"url\":\"https:\\\/\\\/seaandmountainpleasure.com\\\/\",\"logo\":{\"@type\":\"ImageObject\",\"inLanguage\":\"es\",\"@id\":\"https:\\\/\\\/seaandmountainpleasure.com\\\/#\\\/schema\\\/logo\\\/image\\\/\",\"url\":\"https:\\\/\\\/seaandmountainpleasure.com\\\/wp-content\\\/uploads\\\/2020\\\/12\\\/cropped-favicon.jpg\",\"contentUrl\":\"https:\\\/\\\/seaandmountainpleasure.com\\\/wp-content\\\/uploads\\\/2020\\\/12\\\/cropped-favicon.jpg\",\"width\":512,\"height\":512,\"caption\":\"Sea and Mountain Pleasure\"},\"image\":{\"@id\":\"https:\\\/\\\/seaandmountainpleasure.com\\\/#\\\/schema\\\/logo\\\/image\\\/\"},\"sameAs\":[\"https:\\\/\\\/www.facebook.com\\\/profile.php?id=100063830469587\",\"https:\\\/\\\/www.instagram.com\\\/seaandmountainpleasure\\\/\"]}]}<\/script>\n<!-- \/ Yoast SEO plugin. -->","yoast_head_json":{"title":"Pol\u00edtica de privacidad - Sea and Mountain Pleasure","description":"Pol\u00edtica de privacidad de nuestro sitio web seaandmountainpleasure.com","robots":{"index":"index","follow":"follow","max-snippet":"max-snippet:-1","max-image-preview":"max-image-preview:large","max-video-preview":"max-video-preview:-1"},"canonical":"https:\/\/seaandmountainpleasure.com\/es\/politica-de-privacidad\/","og_locale":"es_ES","og_type":"article","og_title":"Politique de confidentialit\u00e9 - Sea and Mountain Pleasure","og_description":"Politique de confidentialit\u00e9 de notre site web seaandmountainpleasure.com","og_url":"https:\/\/seaandmountainpleasure.com\/es\/politica-de-privacidad\/","og_site_name":"Sea and Mountain Pleasure","article_publisher":"https:\/\/www.facebook.com\/profile.php?id=100063830469587","article_modified_time":"2024-06-04T14:21:12+00:00","twitter_card":"summary_large_image","twitter_misc":{"Tiempo de lectura":"4 minutos"},"schema":{"@context":"https:\/\/schema.org","@graph":[{"@type":"WebPage","@id":"https:\/\/seaandmountainpleasure.com\/politique-de-confidentialite\/","url":"https:\/\/seaandmountainpleasure.com\/politique-de-confidentialite\/","name":"Pol\u00edtica de privacidad - Sea and Mountain Pleasure","isPartOf":{"@id":"https:\/\/seaandmountainpleasure.com\/#website"},"datePublished":"2020-10-27T11:21:47+00:00","dateModified":"2024-06-04T14:21:12+00:00","description":"Pol\u00edtica de privacidad de nuestro sitio web seaandmountainpleasure.com","breadcrumb":{"@id":"https:\/\/seaandmountainpleasure.com\/politique-de-confidentialite\/#breadcrumb"},"inLanguage":"es","potentialAction":[{"@type":"ReadAction","target":["https:\/\/seaandmountainpleasure.com\/politique-de-confidentialite\/"]}]},{"@type":"BreadcrumbList","@id":"https:\/\/seaandmountainpleasure.com\/politique-de-confidentialite\/#breadcrumb","itemListElement":[{"@type":"ListItem","position":1,"name":"Accueil","item":"https:\/\/seaandmountainpleasure.com\/"},{"@type":"ListItem","position":2,"name":"Politique de confidentialit\u00e9"}]},{"@type":"WebSite","@id":"https:\/\/seaandmountainpleasure.com\/#website","url":"https:\/\/seaandmountainpleasure.com\/","name":"Placeres del mar y la monta\u00f1a","description":"alquiler de chal\u00e9s de lujo en la isla de R\u00e9, en la pen\u00ednsula de Giens y chal\u00e9s en l'Alpe d'Huez","publisher":{"@id":"https:\/\/seaandmountainpleasure.com\/#organization"},"potentialAction":[{"@type":"SearchAction","target":{"@type":"EntryPoint","urlTemplate":"https:\/\/seaandmountainpleasure.com\/?s={search_term_string}"},"query-input":{"@type":"PropertyValueSpecification","valueRequired":true,"valueName":"search_term_string"}}],"inLanguage":"es"},{"@type":"Organization","@id":"https:\/\/seaandmountainpleasure.com\/#organization","name":"Placeres del mar y la monta\u00f1a","url":"https:\/\/seaandmountainpleasure.com\/","logo":{"@type":"ImageObject","inLanguage":"es","@id":"https:\/\/seaandmountainpleasure.com\/#\/schema\/logo\/image\/","url":"https:\/\/seaandmountainpleasure.com\/wp-content\/uploads\/2020\/12\/cropped-favicon.jpg","contentUrl":"https:\/\/seaandmountainpleasure.com\/wp-content\/uploads\/2020\/12\/cropped-favicon.jpg","width":512,"height":512,"caption":"Sea and Mountain Pleasure"},"image":{"@id":"https:\/\/seaandmountainpleasure.com\/#\/schema\/logo\/image\/"},"sameAs":["https:\/\/www.facebook.com\/profile.php?id=100063830469587","https:\/\/www.instagram.com\/seaandmountainpleasure\/"]}]}},"_links":{"self":[{"href":"https:\/\/seaandmountainpleasure.com\/es\/wp-json\/wp\/v2\/pages\/33","targetHints":{"allow":["GET"]}}],"collection":[{"href":"https:\/\/seaandmountainpleasure.com\/es\/wp-json\/wp\/v2\/pages"}],"about":[{"href":"https:\/\/seaandmountainpleasure.com\/es\/wp-json\/wp\/v2\/types\/page"}],"author":[{"embeddable":true,"href":"https:\/\/seaandmountainpleasure.com\/es\/wp-json\/wp\/v2\/users\/1"}],"replies":[{"embeddable":true,"href":"https:\/\/seaandmountainpleasure.com\/es\/wp-json\/wp\/v2\/comments?post=33"}],"version-history":[{"count":0,"href":"https:\/\/seaandmountainpleasure.com\/es\/wp-json\/wp\/v2\/pages\/33\/revisions"}],"wp:attachment":[{"href":"https:\/\/seaandmountainpleasure.com\/es\/wp-json\/wp\/v2\/media?parent=33"}],"curies":[{"name":"wp","href":"https:\/\/api.w.org\/{rel}","templated":true}]}}