{"id":31,"date":"2020-10-27T11:21:28","date_gmt":"2020-10-27T11:21:28","guid":{"rendered":"https:\/\/seaandmountainpleasure.com\/?page_id=31"},"modified":"2026-04-14T17:21:35","modified_gmt":"2026-04-14T15:21:35","slug":"informacion-legal","status":"publish","type":"page","link":"https:\/\/seaandmountainpleasure.com\/es\/mentions-legales\/","title":{"rendered":"Informaci\u00f3n legal"},"content":{"rendered":"<div data-elementor-type=\"wp-page\" data-elementor-id=\"31\" class=\"elementor elementor-31\" data-elementor-post-type=\"page\">\n\t\t\t\t<div class=\"elementor-element elementor-element-5d1e0a4 e-flex e-con-boxed e-con e-parent\" data-id=\"5d1e0a4\" data-element_type=\"container\" data-e-type=\"container\">\n\t\t\t\t\t<div class=\"e-con-inner\">\n\t\t\t\t<div class=\"elementor-element elementor-element-ff6d3f0 elementor-widget elementor-widget-heading\" data-id=\"ff6d3f0\" data-element_type=\"widget\" data-e-type=\"widget\" data-widget_type=\"heading.default\">\n\t\t\t\t<div class=\"elementor-widget-container\">\n\t\t\t\t\t<h2 class=\"elementor-heading-title elementor-size-default\">Informaci\u00f3n legal<\/h2>\t\t\t\t<\/div>\n\t\t\t\t<\/div>\n\t\t\t\t<div class=\"elementor-element elementor-element-478c862 elementor-widget elementor-widget-text-editor\" data-id=\"478c862\" data-element_type=\"widget\" data-e-type=\"widget\" data-widget_type=\"text-editor.default\">\n\t\t\t\t<div class=\"elementor-widget-container\">\n\t\t\t\t\t\t\t\t\t<p>Le site www.seaandmountainpleasure.com\u00a0est la propri\u00e9t\u00e9 de :<\/p><p>Sandra &amp; Vincent Taveau - 61 Chemin du Buron-17780 Le-Bois-Plage-en-R\u00e9<\/p><p>Redactora jefe: Sandra Taveau<\/p><p class=\"translation-block\">Ce site est h\u00e9berg\u00e9 chez :<br>OVH<br>SAS au capital de 10 000 000 \u20ac<br>RCS Roubaix \u2013 Tourcoing 424 761 419 00045<br>Code APE 6202A<br>N\u00b0 TVA : FR 22 424 761 419<br>Si\u00e8ge social : 2 rue Kellermann \u2013 59100 Roubaix \u2013 France.<\/p><p class=\"translation-block\">Este sitio fue creado por: <a href=\"https:\/\/maclaine.fr\" target=\"_self\"><strong>Agencia de comunicaci\u00f3n La Rochelle - www.maclaine.fr<\/strong><\/a><\/p><p><strong>Privacidad<\/strong><\/p><p>Sandra y Vincent Taveau no registran ninguna informaci\u00f3n personal que permita su identificaci\u00f3n, salvo los formularios que el usuario puede rellenar libremente. Esta informaci\u00f3n no se utilizar\u00e1 sin su consentimiento, s\u00f3lo la utilizaremos para enviarle correos, folletos, presupuestos, un pedido o para ponernos en contacto con usted.<\/p><p>Las informaciones recogidas en este sitio est\u00e1n protegidas por la Ley n\u00ba 78-17 del 6 de enero de 1978, modificada y completada por la Ley n\u00ba 2018-493 del 20 de junio de 2018. Se benefician de un derecho de acceso, de rectificaci\u00f3n, de oposici\u00f3n a la comunicaci\u00f3n y de supresi\u00f3n con una simple petici\u00f3n a Sandra y Vincent Taveau,<br \/>25 bis, rue du Chay - 17690 Angoulins.<\/p><p>Sandra y Vincent Taveau podr\u00e1n realizar an\u00e1lisis estad\u00edsticos sin que se les nombre y podr\u00e1n informar a terceros (organismos de evaluaci\u00f3n de visitantes) de forma resumida y no nominativa.<\/p><p><strong>Reglamento General de Protecci\u00f3n de Datos (RGPD)<\/strong><\/p><p>Sandra y Vincent Taveau se comprometen a que la recopilaci\u00f3n y el tratamiento de sus datos del sitio web www.seaandmountainpleasure.com cumplan con el Reglamento General de Protecci\u00f3n de Datos (RGPD). Cada formulario o teleservicio limita la recogida de datos personales a lo estrictamente necesario (minimizaci\u00f3n de datos) e indica en particular:<\/p><p>- \u00bfCu\u00e1les son los objetivos de la recogida de estos datos?<\/p><p>- Si estos datos son obligatorios o facultativos para la gesti\u00f3n de su solicitud,<\/p><p>- Qui\u00e9n podr\u00e1 leerlo (en principio, s\u00f3lo Sandra y Vincent Taveau, salvo que se especifique en el formulario cuando la transmisi\u00f3n a un tercero sea necesaria para la gesti\u00f3n de su solicitud),<\/p><p>Los datos personales recogidos en el marco de los servicios ofrecidos en www.seaandmountainpleasure.com son tratados seg\u00fan protocolos seguros y permiten a Sandra y Vincent Taveau gestionar las solicitudes recibidas en sus aplicaciones inform\u00e1ticas.<\/p><p>Para cualquier informaci\u00f3n o para ejercer sus derechos en relaci\u00f3n con el tratamiento de los datos personales gestionados por Sandra y Vincent Taveau, puede ponerse en contacto con Sandra y Vincent Taveau y, eventualmente, con su responsable de la protecci\u00f3n de datos (RPD) a trav\u00e9s del formulario de contacto.<\/p><p><strong>Uso de cookies<\/strong><\/p><p>La gesti\u00f3n de ciertas herramientas de an\u00e1lisis para el funcionamiento de este sitio requiere el uso de cookies. La informaci\u00f3n no personal es registrada por este sistema de cookies (archivos de texto utilizados para reconocer a un usuario y facilitar as\u00ed su uso del sitio). No tienen ning\u00fan significado fuera de su uso en el sitio web www.seaandmountainpleasure.com.<\/p><p><strong>Enlaces de hipertexto<\/strong><\/p><p>Sandra y Vincent Taveau no controlan los sitios vinculados a los suyos, por lo que no pueden hacerse responsables de su contenido. Los riesgos relacionados con el uso de estos sitios recaen plenamente en el usuario. Cumplir\u00e1 con sus condiciones de uso.<\/p><p><strong>Propiedad Intelectual<\/strong><\/p><p>La estructura general, as\u00ed como el software, los textos, las im\u00e1genes, animadas o no, su know-how y todos los dem\u00e1s elementos que componen el sitio, son propiedad exclusiva de Sandra y Vincent Taveau. Cualquier representaci\u00f3n total o parcial de este sitio, por cualquier medio, sin la autorizaci\u00f3n expresa de Sandra y Vincent Taveau est\u00e1 prohibida y constituir\u00eda una infracci\u00f3n sancionada por los art\u00edculos L 335-2 y siguientes del C\u00f3digo de la Propiedad Intelectual.<\/p><p>Lo mismo ocurre con las bases de datos del sitio web, que est\u00e1n protegidas por las disposiciones de la ley de 1 de julio de 1998 que transpone al C\u00f3digo de la Propiedad Intelectual la Directiva europea de 11 de marzo de 1996 sobre la protecci\u00f3n jur\u00eddica de las bases de datos, y de las que Sandra y Vincent Taveau son productores.<\/p><p>Las marcas de Sandra y Vincent Taveau, as\u00ed como los logotipos que aparecen en el sitio, son marcas registradas o son propiedad de sus socios. Cualquier reproducci\u00f3n total o parcial de estas marcas o logotipos, realizada a partir de elementos del sitio, sin la autorizaci\u00f3n expresa de Sandra y Vincent Taveau, est\u00e1 prohibida en virtud del art\u00edculo L 713-2 del C\u00f3digo de la Propiedad Intelectual.<\/p>\t\t\t\t\t\t\t\t<\/div>\n\t\t\t\t<\/div>\n\t\t\t\t\t<\/div>\n\t\t\t\t<\/div>\n\t\t\t\t<\/div>","protected":false},"excerpt":{"rendered":"<p>Mentions l\u00e9gales Le site www.seaandmountainpleasure.com\u00a0est la propri\u00e9t\u00e9 de : Sandra &amp; Vincent Taveau &#8211; 61 Chemin du Buron-17780 Le-Bois-Plage-en-R\u00e9 Responsable de la r\u00e9daction : Sandra Taveau Ce site est h\u00e9berg\u00e9 chez :OVHSAS au capital de 10 000 000 \u20acRCS Roubaix \u2013 Tourcoing 424 761 419 00045Code APE 6202AN\u00b0 TVA : FR 22 424 761 419Si\u00e8ge [&hellip;]<\/p>\n","protected":false},"author":1,"featured_media":0,"parent":0,"menu_order":0,"comment_status":"closed","ping_status":"closed","template":"","meta":{"footnotes":""},"class_list":["post-31","page","type-page","status-publish","hentry","entry"],"yoast_head":"<!-- This site is optimized with the Yoast SEO plugin v27.4 - https:\/\/yoast.com\/product\/yoast-seo-wordpress\/ -->\n<title>Mentions l\u00e9gales - Sea and Mountain Pleasure<\/title>\n<meta name=\"robots\" content=\"index, follow, max-snippet:-1, max-image-preview:large, max-video-preview:-1\" \/>\n<link rel=\"canonical\" href=\"https:\/\/seaandmountainpleasure.com\/es\/informacion-legal\/\" \/>\n<meta property=\"og:locale\" content=\"es_ES\" \/>\n<meta property=\"og:type\" content=\"article\" \/>\n<meta property=\"og:title\" content=\"Mentions l\u00e9gales - Sea and Mountain Pleasure\" \/>\n<meta property=\"og:description\" content=\"Mentions l\u00e9gales Le site www.seaandmountainpleasure.com\u00a0est la propri\u00e9t\u00e9 de : Sandra &amp; Vincent Taveau &#8211; 61 Chemin du Buron-17780 Le-Bois-Plage-en-R\u00e9 Responsable de la r\u00e9daction : Sandra Taveau Ce site est h\u00e9berg\u00e9 chez :OVHSAS au capital de 10 000 000 \u20acRCS Roubaix \u2013 Tourcoing 424 761 419 00045Code APE 6202AN\u00b0 TVA : FR 22 424 761 419Si\u00e8ge [&hellip;]\" \/>\n<meta property=\"og:url\" content=\"https:\/\/seaandmountainpleasure.com\/es\/informacion-legal\/\" \/>\n<meta property=\"og:site_name\" content=\"Sea and Mountain Pleasure\" \/>\n<meta property=\"article:publisher\" content=\"https:\/\/www.facebook.com\/profile.php?id=100063830469587\" \/>\n<meta property=\"article:modified_time\" content=\"2026-04-14T15:21:35+00:00\" \/>\n<meta name=\"twitter:card\" content=\"summary_large_image\" \/>\n<meta name=\"twitter:label1\" content=\"Tiempo de lectura\" \/>\n\t<meta name=\"twitter:data1\" content=\"4 minutos\" \/>\n<script type=\"application\/ld+json\" class=\"yoast-schema-graph\">{\"@context\":\"https:\\\/\\\/schema.org\",\"@graph\":[{\"@type\":\"WebPage\",\"@id\":\"https:\\\/\\\/seaandmountainpleasure.com\\\/mentions-legales\\\/\",\"url\":\"https:\\\/\\\/seaandmountainpleasure.com\\\/mentions-legales\\\/\",\"name\":\"Mentions l\u00e9gales - Sea and Mountain Pleasure\",\"isPartOf\":{\"@id\":\"https:\\\/\\\/seaandmountainpleasure.com\\\/#website\"},\"datePublished\":\"2020-10-27T11:21:28+00:00\",\"dateModified\":\"2026-04-14T15:21:35+00:00\",\"breadcrumb\":{\"@id\":\"https:\\\/\\\/seaandmountainpleasure.com\\\/mentions-legales\\\/#breadcrumb\"},\"inLanguage\":\"es\",\"potentialAction\":[{\"@type\":\"ReadAction\",\"target\":[\"https:\\\/\\\/seaandmountainpleasure.com\\\/mentions-legales\\\/\"]}]},{\"@type\":\"BreadcrumbList\",\"@id\":\"https:\\\/\\\/seaandmountainpleasure.com\\\/mentions-legales\\\/#breadcrumb\",\"itemListElement\":[{\"@type\":\"ListItem\",\"position\":1,\"name\":\"Accueil\",\"item\":\"https:\\\/\\\/seaandmountainpleasure.com\\\/\"},{\"@type\":\"ListItem\",\"position\":2,\"name\":\"Mentions l\u00e9gales\"}]},{\"@type\":\"WebSite\",\"@id\":\"https:\\\/\\\/seaandmountainpleasure.com\\\/#website\",\"url\":\"https:\\\/\\\/seaandmountainpleasure.com\\\/\",\"name\":\"Sea and Mountain Pleasure\",\"description\":\"location de villa de luxe sur l&#039;ile de R\u00e9, sur la presqu&#039;\u00eele de Giens et de chalets \u00e0 l&#039;Alpe d&#039;Huez\",\"publisher\":{\"@id\":\"https:\\\/\\\/seaandmountainpleasure.com\\\/#organization\"},\"potentialAction\":[{\"@type\":\"SearchAction\",\"target\":{\"@type\":\"EntryPoint\",\"urlTemplate\":\"https:\\\/\\\/seaandmountainpleasure.com\\\/?s={search_term_string}\"},\"query-input\":{\"@type\":\"PropertyValueSpecification\",\"valueRequired\":true,\"valueName\":\"search_term_string\"}}],\"inLanguage\":\"es\"},{\"@type\":\"Organization\",\"@id\":\"https:\\\/\\\/seaandmountainpleasure.com\\\/#organization\",\"name\":\"Sea and Mountain Pleasure\",\"url\":\"https:\\\/\\\/seaandmountainpleasure.com\\\/\",\"logo\":{\"@type\":\"ImageObject\",\"inLanguage\":\"es\",\"@id\":\"https:\\\/\\\/seaandmountainpleasure.com\\\/#\\\/schema\\\/logo\\\/image\\\/\",\"url\":\"https:\\\/\\\/seaandmountainpleasure.com\\\/wp-content\\\/uploads\\\/2020\\\/12\\\/cropped-favicon.jpg\",\"contentUrl\":\"https:\\\/\\\/seaandmountainpleasure.com\\\/wp-content\\\/uploads\\\/2020\\\/12\\\/cropped-favicon.jpg\",\"width\":512,\"height\":512,\"caption\":\"Sea and Mountain Pleasure\"},\"image\":{\"@id\":\"https:\\\/\\\/seaandmountainpleasure.com\\\/#\\\/schema\\\/logo\\\/image\\\/\"},\"sameAs\":[\"https:\\\/\\\/www.facebook.com\\\/profile.php?id=100063830469587\",\"https:\\\/\\\/www.instagram.com\\\/seaandmountainpleasure\\\/\"]}]}<\/script>\n<!-- \/ Yoast SEO plugin. -->","yoast_head_json":{"title":"Aviso legal - Sea and Mountain Pleasure","robots":{"index":"index","follow":"follow","max-snippet":"max-snippet:-1","max-image-preview":"max-image-preview:large","max-video-preview":"max-video-preview:-1"},"canonical":"https:\/\/seaandmountainpleasure.com\/es\/informacion-legal\/","og_locale":"es_ES","og_type":"article","og_title":"Mentions l\u00e9gales - Sea and Mountain Pleasure","og_description":"Mentions l\u00e9gales Le site www.seaandmountainpleasure.com\u00a0est la propri\u00e9t\u00e9 de : Sandra &amp; Vincent Taveau &#8211; 61 Chemin du Buron-17780 Le-Bois-Plage-en-R\u00e9 Responsable de la r\u00e9daction : Sandra Taveau Ce site est h\u00e9berg\u00e9 chez :OVHSAS au capital de 10 000 000 \u20acRCS Roubaix \u2013 Tourcoing 424 761 419 00045Code APE 6202AN\u00b0 TVA : FR 22 424 761 419Si\u00e8ge [&hellip;]","og_url":"https:\/\/seaandmountainpleasure.com\/es\/informacion-legal\/","og_site_name":"Sea and Mountain Pleasure","article_publisher":"https:\/\/www.facebook.com\/profile.php?id=100063830469587","article_modified_time":"2026-04-14T15:21:35+00:00","twitter_card":"summary_large_image","twitter_misc":{"Tiempo de lectura":"4 minutos"},"schema":{"@context":"https:\/\/schema.org","@graph":[{"@type":"WebPage","@id":"https:\/\/seaandmountainpleasure.com\/mentions-legales\/","url":"https:\/\/seaandmountainpleasure.com\/mentions-legales\/","name":"Aviso legal - Sea and Mountain Pleasure","isPartOf":{"@id":"https:\/\/seaandmountainpleasure.com\/#website"},"datePublished":"2020-10-27T11:21:28+00:00","dateModified":"2026-04-14T15:21:35+00:00","breadcrumb":{"@id":"https:\/\/seaandmountainpleasure.com\/mentions-legales\/#breadcrumb"},"inLanguage":"es","potentialAction":[{"@type":"ReadAction","target":["https:\/\/seaandmountainpleasure.com\/mentions-legales\/"]}]},{"@type":"BreadcrumbList","@id":"https:\/\/seaandmountainpleasure.com\/mentions-legales\/#breadcrumb","itemListElement":[{"@type":"ListItem","position":1,"name":"Accueil","item":"https:\/\/seaandmountainpleasure.com\/"},{"@type":"ListItem","position":2,"name":"Mentions l\u00e9gales"}]},{"@type":"WebSite","@id":"https:\/\/seaandmountainpleasure.com\/#website","url":"https:\/\/seaandmountainpleasure.com\/","name":"Placeres del mar y la monta\u00f1a","description":"alquiler de chal\u00e9s de lujo en la isla de R\u00e9, en la pen\u00ednsula de Giens y chal\u00e9s en l'Alpe d'Huez","publisher":{"@id":"https:\/\/seaandmountainpleasure.com\/#organization"},"potentialAction":[{"@type":"SearchAction","target":{"@type":"EntryPoint","urlTemplate":"https:\/\/seaandmountainpleasure.com\/?s={search_term_string}"},"query-input":{"@type":"PropertyValueSpecification","valueRequired":true,"valueName":"search_term_string"}}],"inLanguage":"es"},{"@type":"Organization","@id":"https:\/\/seaandmountainpleasure.com\/#organization","name":"Placeres del mar y la monta\u00f1a","url":"https:\/\/seaandmountainpleasure.com\/","logo":{"@type":"ImageObject","inLanguage":"es","@id":"https:\/\/seaandmountainpleasure.com\/#\/schema\/logo\/image\/","url":"https:\/\/seaandmountainpleasure.com\/wp-content\/uploads\/2020\/12\/cropped-favicon.jpg","contentUrl":"https:\/\/seaandmountainpleasure.com\/wp-content\/uploads\/2020\/12\/cropped-favicon.jpg","width":512,"height":512,"caption":"Sea and Mountain Pleasure"},"image":{"@id":"https:\/\/seaandmountainpleasure.com\/#\/schema\/logo\/image\/"},"sameAs":["https:\/\/www.facebook.com\/profile.php?id=100063830469587","https:\/\/www.instagram.com\/seaandmountainpleasure\/"]}]}},"_links":{"self":[{"href":"https:\/\/seaandmountainpleasure.com\/es\/wp-json\/wp\/v2\/pages\/31","targetHints":{"allow":["GET"]}}],"collection":[{"href":"https:\/\/seaandmountainpleasure.com\/es\/wp-json\/wp\/v2\/pages"}],"about":[{"href":"https:\/\/seaandmountainpleasure.com\/es\/wp-json\/wp\/v2\/types\/page"}],"author":[{"embeddable":true,"href":"https:\/\/seaandmountainpleasure.com\/es\/wp-json\/wp\/v2\/users\/1"}],"replies":[{"embeddable":true,"href":"https:\/\/seaandmountainpleasure.com\/es\/wp-json\/wp\/v2\/comments?post=31"}],"version-history":[{"count":0,"href":"https:\/\/seaandmountainpleasure.com\/es\/wp-json\/wp\/v2\/pages\/31\/revisions"}],"wp:attachment":[{"href":"https:\/\/seaandmountainpleasure.com\/es\/wp-json\/wp\/v2\/media?parent=31"}],"curies":[{"name":"wp","href":"https:\/\/api.w.org\/{rel}","templated":true}]}}