{"id":33,"date":"2020-10-27T11:21:47","date_gmt":"2020-10-27T11:21:47","guid":{"rendered":"https:\/\/seaandmountainpleasure.com\/?page_id=33"},"modified":"2024-06-04T16:21:12","modified_gmt":"2024-06-04T14:21:12","slug":"privacy-policy","status":"publish","type":"page","link":"https:\/\/seaandmountainpleasure.com\/en\/politique-de-confidentialite\/","title":{"rendered":"Privacy Policy"},"content":{"rendered":"<div data-elementor-type=\"wp-page\" data-elementor-id=\"33\" class=\"elementor elementor-33\" data-elementor-post-type=\"page\">\n\t\t\t\t\t\t<section class=\"elementor-section elementor-top-section elementor-element elementor-element-7a0c03c elementor-section-boxed elementor-section-height-default elementor-section-height-default\" data-id=\"7a0c03c\" data-element_type=\"section\" data-e-type=\"section\">\n\t\t\t\t\t\t<div class=\"elementor-container elementor-column-gap-default\">\n\t\t\t\t\t<div class=\"elementor-column elementor-col-100 elementor-top-column elementor-element elementor-element-1e39d45\" data-id=\"1e39d45\" data-element_type=\"column\" data-e-type=\"column\">\n\t\t\t<div class=\"elementor-widget-wrap elementor-element-populated\">\n\t\t\t\t\t\t<div class=\"elementor-element elementor-element-99b3e9f elementor-widget elementor-widget-heading\" data-id=\"99b3e9f\" data-element_type=\"widget\" data-e-type=\"widget\" data-widget_type=\"heading.default\">\n\t\t\t\t<div class=\"elementor-widget-container\">\n\t\t\t\t\t<h1 class=\"elementor-heading-title elementor-size-default\">Privacy Policy<\/h1>\t\t\t\t<\/div>\n\t\t\t\t<\/div>\n\t\t\t\t\t<\/div>\n\t\t<\/div>\n\t\t\t\t\t<\/div>\n\t\t<\/section>\n\t\t\t\t<section class=\"elementor-section elementor-top-section elementor-element elementor-element-5bd9dbb elementor-section-boxed elementor-section-height-default elementor-section-height-default\" data-id=\"5bd9dbb\" data-element_type=\"section\" data-e-type=\"section\">\n\t\t\t\t\t\t<div class=\"elementor-container elementor-column-gap-default\">\n\t\t\t\t\t<div class=\"elementor-column elementor-col-100 elementor-top-column elementor-element elementor-element-07e1d98\" data-id=\"07e1d98\" data-element_type=\"column\" data-e-type=\"column\">\n\t\t\t<div class=\"elementor-widget-wrap elementor-element-populated\">\n\t\t\t\t\t\t<div class=\"elementor-element elementor-element-906db39 elementor-widget elementor-widget-text-editor\" data-id=\"906db39\" data-element_type=\"widget\" data-e-type=\"widget\" data-widget_type=\"text-editor.default\">\n\t\t\t\t<div class=\"elementor-widget-container\">\n\t\t\t\t\t\t\t\t\t<p><strong>Who are we?<\/strong><br \/>We are an SCI located at L'\u00cele de R\u00e9 in Charente Maritime 17.<\/p><p>Our website address is: https:\/\/seaandmountainpleasure.com<\/p><p><strong>Use of the data<\/strong> personal data collected<br \/>Contact forms<br \/>Your personal information is collected through forms, namely :<\/p><p><strong>Contact form<\/strong><br \/>We retrieve the following data:<br \/>E-mail<br \/>IP address<br \/>Name<br \/>First name<br \/>Phone number<br \/>We use the information collected for the following purposes:<\/p><p><strong>Commercial approach<\/strong><br \/>E-mailing campaign<br \/>Your information is also collected through the interactivity that may occur between you and our website in the following ways:<\/p><p><strong>Statistics<\/strong><br \/>Contact<br \/>Cookies<br \/>If you go to the login page, a temporary cookie will be created to determine whether your browser accepts cookies. It does not contain any personal data and will be deleted automatically when you close your browser.<\/p><p>When you log in, we will set a number of cookies to record your login information and screen preferences. The lifetime of a login cookie is two days, and the lifetime of a screen preference cookie is one year. If you check \"Remember me\", your login cookie will be retained for two weeks. If you log out of your account, the login cookie will be deleted.<\/p><p>By editing or publishing a publication, an additional cookie will be stored in your browser. This cookie does not include any personal data. It simply indicates the ID of the publication you just edited. It expires after one day.<\/p><p><strong>Embedded content from other sites<\/strong><br \/>Articles on this site may include embedded content (e.g. videos, images, articles...). Embedded content from other sites behaves in the same way as if the visitor were on that other site.<\/p><p>These websites may collect data about you, use cookies, embed third-party tracking tools, and track your interactions with these embedded contents if you have an account with them.<\/p><p><strong>Statistics and audience measurement<\/strong><br \/>We use cookies to calculate the audience and the statistics of frequentation of this site thanks to the Google Analytics tool.<\/p><p><strong>Use and transmission of your personal data<\/strong><br \/>We will only use your data for the purpose of answering your questions or sending you information about our news, if you have expressed a wish to do so.<\/p><p><strong>How long your data is stored<\/strong><br \/>If you use the contact form on this site, your data will be kept for 3 years and then automatically deleted.<\/p><p><strong>The rights you have over your data<\/strong><br \/>If you have used the contact form on this site, you may request to receive a file containing all the personal data we hold about you, including that which you have provided to us. You can also request the deletion of your personal data. This does not include data stored for administrative, legal or security purposes.<\/p><p><strong>Contact information<\/strong><br \/>If you wish to have access to your personal data or to assert your right to delete these data. You can contact our DPO (Data Protection Officer) via our contact form.<\/p><p><strong>Additional information<\/strong><br \/>How we protect your data<br \/>Your data is stored on the servers we rent from OVH, whose head office is located at: 2, rue Kellermann - 59100 Roubaix - France<\/p><p><strong>Procedures implemented in the event of a data leak<\/strong><br \/>In the event of any leakage of the data we have collected, we will inform the CNIL (Commission Nationale de l'Informatique et des Libert\u00e9s) within a maximum of 48 hours.<\/p>\t\t\t\t\t\t\t\t<\/div>\n\t\t\t\t<\/div>\n\t\t\t\t\t<\/div>\n\t\t<\/div>\n\t\t\t\t\t<\/div>\n\t\t<\/section>\n\t\t\t\t<\/div>","protected":false},"excerpt":{"rendered":"<p>Politique de confidentialit\u00e9 Qui sommes-nous ?Nous sommes une SCI situ\u00e9e \u00e0 L&rsquo;\u00cele de R\u00e9 en Charente Maritime 17. L\u2019adresse de notre site Web est : https:\/\/seaandmountainpleasure.com Utilisation des donn\u00e9es personnelles collect\u00e9esFormulaires de contactVos renseignements personnels sont collect\u00e9s par le biais de formulaire, \u00e0 savoir : Formulaire de contactNous r\u00e9cup\u00e9rons les donn\u00e9es suivantes :E-mailAdresse IPNomPr\u00e9nomT\u00e9l\u00e9phoneNous utilisons [&hellip;]<\/p>\n","protected":false},"author":1,"featured_media":0,"parent":0,"menu_order":0,"comment_status":"closed","ping_status":"closed","template":"","meta":{"footnotes":""},"class_list":["post-33","page","type-page","status-publish","hentry","entry"],"yoast_head":"<!-- This site is optimized with the Yoast SEO plugin v27.4 - https:\/\/yoast.com\/product\/yoast-seo-wordpress\/ -->\n<title>Politique de confidentialit\u00e9 - Sea and Mountain Pleasure<\/title>\n<meta name=\"description\" content=\"Politique de confidentialit\u00e9 de notre site web seaandmountainpleasure.com\" \/>\n<meta name=\"robots\" content=\"index, follow, max-snippet:-1, max-image-preview:large, max-video-preview:-1\" \/>\n<link rel=\"canonical\" href=\"https:\/\/seaandmountainpleasure.com\/en\/privacy-policy\/\" \/>\n<meta property=\"og:locale\" content=\"en_GB\" \/>\n<meta property=\"og:type\" content=\"article\" \/>\n<meta property=\"og:title\" content=\"Politique de confidentialit\u00e9 - Sea and Mountain Pleasure\" \/>\n<meta property=\"og:description\" content=\"Politique de confidentialit\u00e9 de notre site web seaandmountainpleasure.com\" \/>\n<meta property=\"og:url\" content=\"https:\/\/seaandmountainpleasure.com\/en\/privacy-policy\/\" \/>\n<meta property=\"og:site_name\" content=\"Sea and Mountain Pleasure\" \/>\n<meta property=\"article:publisher\" content=\"https:\/\/www.facebook.com\/profile.php?id=100063830469587\" \/>\n<meta property=\"article:modified_time\" content=\"2024-06-04T14:21:12+00:00\" \/>\n<meta name=\"twitter:card\" content=\"summary_large_image\" \/>\n<meta name=\"twitter:label1\" content=\"Estimated reading time\" \/>\n\t<meta name=\"twitter:data1\" content=\"4 minutes\" \/>\n<script type=\"application\/ld+json\" class=\"yoast-schema-graph\">{\"@context\":\"https:\\\/\\\/schema.org\",\"@graph\":[{\"@type\":\"WebPage\",\"@id\":\"https:\\\/\\\/seaandmountainpleasure.com\\\/politique-de-confidentialite\\\/\",\"url\":\"https:\\\/\\\/seaandmountainpleasure.com\\\/politique-de-confidentialite\\\/\",\"name\":\"Politique de confidentialit\u00e9 - Sea and Mountain Pleasure\",\"isPartOf\":{\"@id\":\"https:\\\/\\\/seaandmountainpleasure.com\\\/#website\"},\"datePublished\":\"2020-10-27T11:21:47+00:00\",\"dateModified\":\"2024-06-04T14:21:12+00:00\",\"description\":\"Politique de confidentialit\u00e9 de notre site web seaandmountainpleasure.com\",\"breadcrumb\":{\"@id\":\"https:\\\/\\\/seaandmountainpleasure.com\\\/politique-de-confidentialite\\\/#breadcrumb\"},\"inLanguage\":\"en-GB\",\"potentialAction\":[{\"@type\":\"ReadAction\",\"target\":[\"https:\\\/\\\/seaandmountainpleasure.com\\\/politique-de-confidentialite\\\/\"]}]},{\"@type\":\"BreadcrumbList\",\"@id\":\"https:\\\/\\\/seaandmountainpleasure.com\\\/politique-de-confidentialite\\\/#breadcrumb\",\"itemListElement\":[{\"@type\":\"ListItem\",\"position\":1,\"name\":\"Accueil\",\"item\":\"https:\\\/\\\/seaandmountainpleasure.com\\\/\"},{\"@type\":\"ListItem\",\"position\":2,\"name\":\"Politique de confidentialit\u00e9\"}]},{\"@type\":\"WebSite\",\"@id\":\"https:\\\/\\\/seaandmountainpleasure.com\\\/#website\",\"url\":\"https:\\\/\\\/seaandmountainpleasure.com\\\/\",\"name\":\"Sea and Mountain Pleasure\",\"description\":\"location de villa de luxe sur l&#039;ile de R\u00e9, sur la presqu&#039;\u00eele de Giens et de chalets \u00e0 l&#039;Alpe d&#039;Huez\",\"publisher\":{\"@id\":\"https:\\\/\\\/seaandmountainpleasure.com\\\/#organization\"},\"potentialAction\":[{\"@type\":\"SearchAction\",\"target\":{\"@type\":\"EntryPoint\",\"urlTemplate\":\"https:\\\/\\\/seaandmountainpleasure.com\\\/?s={search_term_string}\"},\"query-input\":{\"@type\":\"PropertyValueSpecification\",\"valueRequired\":true,\"valueName\":\"search_term_string\"}}],\"inLanguage\":\"en-GB\"},{\"@type\":\"Organization\",\"@id\":\"https:\\\/\\\/seaandmountainpleasure.com\\\/#organization\",\"name\":\"Sea and Mountain Pleasure\",\"url\":\"https:\\\/\\\/seaandmountainpleasure.com\\\/\",\"logo\":{\"@type\":\"ImageObject\",\"inLanguage\":\"en-GB\",\"@id\":\"https:\\\/\\\/seaandmountainpleasure.com\\\/#\\\/schema\\\/logo\\\/image\\\/\",\"url\":\"https:\\\/\\\/seaandmountainpleasure.com\\\/wp-content\\\/uploads\\\/2020\\\/12\\\/cropped-favicon.jpg\",\"contentUrl\":\"https:\\\/\\\/seaandmountainpleasure.com\\\/wp-content\\\/uploads\\\/2020\\\/12\\\/cropped-favicon.jpg\",\"width\":512,\"height\":512,\"caption\":\"Sea and Mountain Pleasure\"},\"image\":{\"@id\":\"https:\\\/\\\/seaandmountainpleasure.com\\\/#\\\/schema\\\/logo\\\/image\\\/\"},\"sameAs\":[\"https:\\\/\\\/www.facebook.com\\\/profile.php?id=100063830469587\",\"https:\\\/\\\/www.instagram.com\\\/seaandmountainpleasure\\\/\"]}]}<\/script>\n<!-- \/ Yoast SEO plugin. -->","yoast_head_json":{"title":"Privacy Policy - Sea and Mountain Pleasure","description":"Privacy policy of our website seaandmountainpleasure.com","robots":{"index":"index","follow":"follow","max-snippet":"max-snippet:-1","max-image-preview":"max-image-preview:large","max-video-preview":"max-video-preview:-1"},"canonical":"https:\/\/seaandmountainpleasure.com\/en\/privacy-policy\/","og_locale":"en_GB","og_type":"article","og_title":"Politique de confidentialit\u00e9 - Sea and Mountain Pleasure","og_description":"Politique de confidentialit\u00e9 de notre site web seaandmountainpleasure.com","og_url":"https:\/\/seaandmountainpleasure.com\/en\/privacy-policy\/","og_site_name":"Sea and Mountain Pleasure","article_publisher":"https:\/\/www.facebook.com\/profile.php?id=100063830469587","article_modified_time":"2024-06-04T14:21:12+00:00","twitter_card":"summary_large_image","twitter_misc":{"Estimated reading time":"4 minutes"},"schema":{"@context":"https:\/\/schema.org","@graph":[{"@type":"WebPage","@id":"https:\/\/seaandmountainpleasure.com\/politique-de-confidentialite\/","url":"https:\/\/seaandmountainpleasure.com\/politique-de-confidentialite\/","name":"Privacy Policy - Sea and Mountain Pleasure","isPartOf":{"@id":"https:\/\/seaandmountainpleasure.com\/#website"},"datePublished":"2020-10-27T11:21:47+00:00","dateModified":"2024-06-04T14:21:12+00:00","description":"Privacy policy of our website seaandmountainpleasure.com","breadcrumb":{"@id":"https:\/\/seaandmountainpleasure.com\/politique-de-confidentialite\/#breadcrumb"},"inLanguage":"en-GB","potentialAction":[{"@type":"ReadAction","target":["https:\/\/seaandmountainpleasure.com\/politique-de-confidentialite\/"]}]},{"@type":"BreadcrumbList","@id":"https:\/\/seaandmountainpleasure.com\/politique-de-confidentialite\/#breadcrumb","itemListElement":[{"@type":"ListItem","position":1,"name":"Accueil","item":"https:\/\/seaandmountainpleasure.com\/"},{"@type":"ListItem","position":2,"name":"Politique de confidentialit\u00e9"}]},{"@type":"WebSite","@id":"https:\/\/seaandmountainpleasure.com\/#website","url":"https:\/\/seaandmountainpleasure.com\/","name":"Sea and Mountain Pleasure","description":"luxury villa rental on the ile de R\u00e9, on the Giens peninsula and chalets at l'Alpe d'Huez","publisher":{"@id":"https:\/\/seaandmountainpleasure.com\/#organization"},"potentialAction":[{"@type":"SearchAction","target":{"@type":"EntryPoint","urlTemplate":"https:\/\/seaandmountainpleasure.com\/?s={search_term_string}"},"query-input":{"@type":"PropertyValueSpecification","valueRequired":true,"valueName":"search_term_string"}}],"inLanguage":"en-GB"},{"@type":"Organization","@id":"https:\/\/seaandmountainpleasure.com\/#organization","name":"Sea and Mountain Pleasure","url":"https:\/\/seaandmountainpleasure.com\/","logo":{"@type":"ImageObject","inLanguage":"en-GB","@id":"https:\/\/seaandmountainpleasure.com\/#\/schema\/logo\/image\/","url":"https:\/\/seaandmountainpleasure.com\/wp-content\/uploads\/2020\/12\/cropped-favicon.jpg","contentUrl":"https:\/\/seaandmountainpleasure.com\/wp-content\/uploads\/2020\/12\/cropped-favicon.jpg","width":512,"height":512,"caption":"Sea and Mountain Pleasure"},"image":{"@id":"https:\/\/seaandmountainpleasure.com\/#\/schema\/logo\/image\/"},"sameAs":["https:\/\/www.facebook.com\/profile.php?id=100063830469587","https:\/\/www.instagram.com\/seaandmountainpleasure\/"]}]}},"_links":{"self":[{"href":"https:\/\/seaandmountainpleasure.com\/en\/wp-json\/wp\/v2\/pages\/33","targetHints":{"allow":["GET"]}}],"collection":[{"href":"https:\/\/seaandmountainpleasure.com\/en\/wp-json\/wp\/v2\/pages"}],"about":[{"href":"https:\/\/seaandmountainpleasure.com\/en\/wp-json\/wp\/v2\/types\/page"}],"author":[{"embeddable":true,"href":"https:\/\/seaandmountainpleasure.com\/en\/wp-json\/wp\/v2\/users\/1"}],"replies":[{"embeddable":true,"href":"https:\/\/seaandmountainpleasure.com\/en\/wp-json\/wp\/v2\/comments?post=33"}],"version-history":[{"count":0,"href":"https:\/\/seaandmountainpleasure.com\/en\/wp-json\/wp\/v2\/pages\/33\/revisions"}],"wp:attachment":[{"href":"https:\/\/seaandmountainpleasure.com\/en\/wp-json\/wp\/v2\/media?parent=33"}],"curies":[{"name":"wp","href":"https:\/\/api.w.org\/{rel}","templated":true}]}}