{"id":31,"date":"2020-10-27T11:21:28","date_gmt":"2020-10-27T11:21:28","guid":{"rendered":"https:\/\/seaandmountainpleasure.com\/?page_id=31"},"modified":"2021-01-26T09:54:18","modified_gmt":"2021-01-26T09:54:18","slug":"legal-information","status":"publish","type":"page","link":"https:\/\/seaandmountainpleasure.com\/en\/mentions-legales\/","title":{"rendered":"Legal Notice"},"content":{"rendered":"<div data-elementor-type=\"wp-page\" data-elementor-id=\"31\" class=\"elementor elementor-31\" data-elementor-post-type=\"page\">\n\t\t\t\t\t\t<section class=\"elementor-section elementor-top-section elementor-element elementor-element-48ada30 elementor-section-boxed elementor-section-height-default elementor-section-height-default\" data-id=\"48ada30\" data-element_type=\"section\" data-e-type=\"section\">\n\t\t\t\t\t\t<div class=\"elementor-container elementor-column-gap-default\">\n\t\t\t\t\t<div class=\"elementor-column elementor-col-100 elementor-top-column elementor-element elementor-element-a6b14b7\" data-id=\"a6b14b7\" data-element_type=\"column\" data-e-type=\"column\">\n\t\t\t<div class=\"elementor-widget-wrap\">\n\t\t\t\t\t\t\t<\/div>\n\t\t<\/div>\n\t\t\t\t\t<\/div>\n\t\t<\/section>\n\t\t\t\t<section class=\"elementor-section elementor-top-section elementor-element elementor-element-d87cbc6 elementor-section-boxed elementor-section-height-default elementor-section-height-default\" data-id=\"d87cbc6\" data-element_type=\"section\" data-e-type=\"section\">\n\t\t\t\t\t\t<div class=\"elementor-container elementor-column-gap-default\">\n\t\t\t\t\t<div class=\"elementor-column elementor-col-100 elementor-top-column elementor-element elementor-element-946337d\" data-id=\"946337d\" data-element_type=\"column\" data-e-type=\"column\">\n\t\t\t<div class=\"elementor-widget-wrap elementor-element-populated\">\n\t\t\t\t\t\t<div class=\"elementor-element elementor-element-c7ee731 elementor-widget elementor-widget-heading\" data-id=\"c7ee731\" data-element_type=\"widget\" data-e-type=\"widget\" data-widget_type=\"heading.default\">\n\t\t\t\t<div class=\"elementor-widget-container\">\n\t\t\t\t\t<h2 class=\"elementor-heading-title elementor-size-default\">Legal Notice<\/h2>\t\t\t\t<\/div>\n\t\t\t\t<\/div>\n\t\t\t\t\t<\/div>\n\t\t<\/div>\n\t\t\t\t\t<\/div>\n\t\t<\/section>\n\t\t\t\t<section class=\"elementor-section elementor-top-section elementor-element elementor-element-cd3e0f3 elementor-section-boxed elementor-section-height-default elementor-section-height-default\" data-id=\"cd3e0f3\" data-element_type=\"section\" data-e-type=\"section\">\n\t\t\t\t\t\t<div class=\"elementor-container elementor-column-gap-default\">\n\t\t\t\t\t<div class=\"elementor-column elementor-col-100 elementor-top-column elementor-element elementor-element-3927986\" data-id=\"3927986\" data-element_type=\"column\" data-e-type=\"column\">\n\t\t\t<div class=\"elementor-widget-wrap elementor-element-populated\">\n\t\t\t\t\t\t<div class=\"elementor-element elementor-element-57f38b4 elementor-widget elementor-widget-text-editor\" data-id=\"57f38b4\" data-element_type=\"widget\" data-e-type=\"widget\" data-widget_type=\"text-editor.default\">\n\t\t\t\t<div class=\"elementor-widget-container\">\n\t\t\t\t\t\t\t\t\t<p>The website www.seaandmountainpleasure.com is the property of :<\/p>\n<p>Sandra &amp; Vincent Taveau - 61 Chemin du Buron-17780 Le-Bois-Plage-en-R\u00e9<\/p>\n<p>Editorial Manager: Sandra Taveau<\/p>\n<p>This site is hosted at :<br>\nOVH<br>\nSAS with a capital of \u20ac10,000,000<br>\nRCS Roubaix - Tourcoing 424 761 419 00045<br>\nCode APE 6202A<br>\nVAT N\u00b0 : FR 22 424 761 419<br>\nHead office: 2 rue Kellermann - 59100 Roubaix - France.<\/p>\n<p class=\"translation-block\">This site was created by : Communication agency La Rochelle - www.maclaine.fr<\/p>\n<p><strong>Privacy<\/strong><\/p>\n<p>Sandra and Vincent Taveau does not record any personal information allowing identification, with the exception of forms that the user is free to fill in. This information will not be used without your agreement, we will only use it to send you letters, brochures, quotes, an order or to contact you.<\/p>\n<p>The information collected on this site benefits from the protection of the Law n\u00b0 78-17 of January 6, 1978, modified and completed by the LAW n\u00b0 2018-493 of June 20, 2018. They have the right to access, rectify, oppose disclosure and delete upon request to Sandra and Vincent Taveau,<br>\n25 bis, rue du Chay - 17690 Angoulins.<\/p>\n<p>Sandra and Vincent Taveau may carry out statistical analyses without being nominative and may inform third parties (attendance evaluation bodies) in a summarised and non-nominative form.<\/p>\n<p><strong>General Data Protection Regulations (GDPR)<\/strong><\/p>\n<p>Sandra and Vincent Taveau are committed to ensuring that the collection and processing of your data, carried out from the www.seaandmountainpleasure.com website, comply with the General Data Protection Regulations (RGPD). Each form or teleservice limits the collection of personal data to what is strictly necessary (data minimization) and indicates in particular :<\/p>\n<p>- What are the objectives of collecting this data,<\/p>\n<p>- If these data are mandatory or optional for the management of your request,<\/p>\n<p>- Who will be able to read it (only Sandra and Vincent Taveau in principle, unless specified in the form when a transmission to a third party is necessary for the management of your request),<\/p>\n<p>The personal data collected in the context of the services offered on www.seaandmountainpleasure.com are processed according to secure protocols and allow Sandra and Vincent Taveau to manage the requests received in its computer applications.<\/p>\n<p>For any information or to exercise your rights to information technology and freedom regarding the processing of personal data managed by Sandra and Vincent Taveau, you can contact Sandra and Vincent Taveau and possibly its Data Protection Officer (DPO) via the contact form.<\/p>\n<p><strong>Use of Cookies<\/strong><\/p>\n<p>The management of certain tools for analyzing the functioning of this site requires the use of cookies. Non-personal information is recorded by this cookie system (text files used to recognize a user and thus facilitate his use of the site). These have no meaning outside their use on the site www.seaandmountainpleasure.com.<\/p>\n<p><strong>Hypertext links<\/strong><\/p>\n<p>Sandra and Vincent Taveau do not control the sites linked to their own, and therefore cannot be held responsible for their content. The risks related to the use of these sites are fully incumbent on the user. He will comply with their conditions of use.<\/p>\n<p><strong>Intellectual Property<\/strong><\/p>\n<p>The general structure, as well as the software, texts, images, animated or not, its know-how and all other elements composing the site, are the exclusive property of Sandra and Vincent Taveau. Any total or partial representation of this site, by any means whatsoever, without the express permission of Sandra and Vincent Taveau is prohibited and would constitute an infringement punishable by articles L 335-2 and following of the Intellectual Property Code.<\/p>\n<p>The same applies to the databases appearing on the website, and are protected by the provisions of the law of 1 July 1998 transposing into the Intellectual Property Code the European Directive of 11 March 1996 on the legal protection of databases and of which Sandra and Vincent Taveau are producers.<\/p>\n<p>The trademarks of Sandra and Vincent Taveau, as well as the logos appearing on the site, are registered trademarks or are the property of its partners. Any total or partial reproduction of these trademarks or logos, made from elements of the site, without the express permission of Sandra and Vincent Taveau, is prohibited under Article L 713-2 of the Intellectual Property Code.<\/p>\t\t\t\t\t\t\t\t<\/div>\n\t\t\t\t<\/div>\n\t\t\t\t\t<\/div>\n\t\t<\/div>\n\t\t\t\t\t<\/div>\n\t\t<\/section>\n\t\t\t\t<\/div>","protected":false},"excerpt":{"rendered":"<p>Mentions l\u00e9gales Le site www.seaandmountainpleasure.com&nbsp;est la propri\u00e9t\u00e9 de : Sandra &amp; Vincent Taveau &#8211; 61 Chemin du Buron-17780 Le-Bois-Plage-en-R\u00e9 Responsable de la r\u00e9daction : Sandra Taveau Ce site est h\u00e9berg\u00e9 chez : OVH SAS au capital de 10 000 000 \u20ac RCS Roubaix \u2013 Tourcoing 424 761 419 00045 Code APE 6202A N\u00b0 TVA : [&hellip;]<\/p>\n","protected":false},"author":1,"featured_media":0,"parent":0,"menu_order":0,"comment_status":"closed","ping_status":"closed","template":"","meta":{"footnotes":""},"class_list":["post-31","page","type-page","status-publish","hentry","entry"],"yoast_head":"<!-- This site is optimized with the Yoast SEO plugin v27.3 - https:\/\/yoast.com\/product\/yoast-seo-wordpress\/ -->\n<title>Mentions l\u00e9gales - Sea and Mountain Pleasure<\/title>\n<meta name=\"robots\" content=\"index, follow, max-snippet:-1, max-image-preview:large, max-video-preview:-1\" \/>\n<link rel=\"canonical\" href=\"https:\/\/seaandmountainpleasure.com\/en\/legal-information\/\" \/>\n<meta property=\"og:locale\" content=\"en_GB\" \/>\n<meta property=\"og:type\" content=\"article\" \/>\n<meta property=\"og:title\" content=\"Mentions l\u00e9gales - Sea and Mountain Pleasure\" \/>\n<meta property=\"og:description\" content=\"Mentions l\u00e9gales Le site www.seaandmountainpleasure.com&nbsp;est la propri\u00e9t\u00e9 de : Sandra &amp; Vincent Taveau &#8211; 61 Chemin du Buron-17780 Le-Bois-Plage-en-R\u00e9 Responsable de la r\u00e9daction : Sandra Taveau Ce site est h\u00e9berg\u00e9 chez : OVH SAS au capital de 10 000 000 \u20ac RCS Roubaix \u2013 Tourcoing 424 761 419 00045 Code APE 6202A N\u00b0 TVA : [&hellip;]\" \/>\n<meta property=\"og:url\" content=\"https:\/\/seaandmountainpleasure.com\/en\/legal-information\/\" \/>\n<meta property=\"og:site_name\" content=\"Sea and Mountain Pleasure\" \/>\n<meta property=\"article:publisher\" content=\"https:\/\/www.facebook.com\/profile.php?id=100063830469587\" \/>\n<meta property=\"article:modified_time\" content=\"2021-01-26T09:54:18+00:00\" \/>\n<meta name=\"twitter:card\" content=\"summary_large_image\" \/>\n<meta name=\"twitter:label1\" content=\"Estimated reading time\" \/>\n\t<meta name=\"twitter:data1\" content=\"4 minutes\" \/>\n<script type=\"application\/ld+json\" class=\"yoast-schema-graph\">{\"@context\":\"https:\\\/\\\/schema.org\",\"@graph\":[{\"@type\":\"WebPage\",\"@id\":\"https:\\\/\\\/seaandmountainpleasure.com\\\/en\\\/mentions-legales\\\/\",\"url\":\"https:\\\/\\\/seaandmountainpleasure.com\\\/en\\\/mentions-legales\\\/\",\"name\":\"Mentions l\u00e9gales - Sea and Mountain Pleasure\",\"isPartOf\":{\"@id\":\"https:\\\/\\\/seaandmountainpleasure.com\\\/#website\"},\"datePublished\":\"2020-10-27T11:21:28+00:00\",\"dateModified\":\"2021-01-26T09:54:18+00:00\",\"breadcrumb\":{\"@id\":\"https:\\\/\\\/seaandmountainpleasure.com\\\/en\\\/mentions-legales\\\/#breadcrumb\"},\"inLanguage\":\"en-GB\",\"potentialAction\":[{\"@type\":\"ReadAction\",\"target\":[\"https:\\\/\\\/seaandmountainpleasure.com\\\/en\\\/mentions-legales\\\/\"]}]},{\"@type\":\"BreadcrumbList\",\"@id\":\"https:\\\/\\\/seaandmountainpleasure.com\\\/en\\\/mentions-legales\\\/#breadcrumb\",\"itemListElement\":[{\"@type\":\"ListItem\",\"position\":1,\"name\":\"Accueil\",\"item\":\"https:\\\/\\\/seaandmountainpleasure.com\\\/\"},{\"@type\":\"ListItem\",\"position\":2,\"name\":\"Mentions l\u00e9gales\"}]},{\"@type\":\"WebSite\",\"@id\":\"https:\\\/\\\/seaandmountainpleasure.com\\\/#website\",\"url\":\"https:\\\/\\\/seaandmountainpleasure.com\\\/\",\"name\":\"Sea and Mountain Pleasure\",\"description\":\"location de villa de luxe sur l&#039;ile de R\u00e9, sur la presqu&#039;\u00eele de Giens et de chalets \u00e0 l&#039;Alpe d&#039;Huez\",\"publisher\":{\"@id\":\"https:\\\/\\\/seaandmountainpleasure.com\\\/#organization\"},\"potentialAction\":[{\"@type\":\"SearchAction\",\"target\":{\"@type\":\"EntryPoint\",\"urlTemplate\":\"https:\\\/\\\/seaandmountainpleasure.com\\\/?s={search_term_string}\"},\"query-input\":{\"@type\":\"PropertyValueSpecification\",\"valueRequired\":true,\"valueName\":\"search_term_string\"}}],\"inLanguage\":\"en-GB\"},{\"@type\":\"Organization\",\"@id\":\"https:\\\/\\\/seaandmountainpleasure.com\\\/#organization\",\"name\":\"Sea and Mountain Pleasure\",\"url\":\"https:\\\/\\\/seaandmountainpleasure.com\\\/\",\"logo\":{\"@type\":\"ImageObject\",\"inLanguage\":\"en-GB\",\"@id\":\"https:\\\/\\\/seaandmountainpleasure.com\\\/#\\\/schema\\\/logo\\\/image\\\/\",\"url\":\"https:\\\/\\\/seaandmountainpleasure.com\\\/wp-content\\\/uploads\\\/2020\\\/12\\\/cropped-favicon.jpg\",\"contentUrl\":\"https:\\\/\\\/seaandmountainpleasure.com\\\/wp-content\\\/uploads\\\/2020\\\/12\\\/cropped-favicon.jpg\",\"width\":512,\"height\":512,\"caption\":\"Sea and Mountain Pleasure\"},\"image\":{\"@id\":\"https:\\\/\\\/seaandmountainpleasure.com\\\/#\\\/schema\\\/logo\\\/image\\\/\"},\"sameAs\":[\"https:\\\/\\\/www.facebook.com\\\/profile.php?id=100063830469587\",\"https:\\\/\\\/www.instagram.com\\\/seaandmountainpleasure\\\/\"]}]}<\/script>\n<!-- \/ Yoast SEO plugin. -->","yoast_head_json":{"title":"Legal Notice - Sea and Mountain Pleasure","robots":{"index":"index","follow":"follow","max-snippet":"max-snippet:-1","max-image-preview":"max-image-preview:large","max-video-preview":"max-video-preview:-1"},"canonical":"https:\/\/seaandmountainpleasure.com\/en\/legal-information\/","og_locale":"en_GB","og_type":"article","og_title":"Mentions l\u00e9gales - Sea and Mountain Pleasure","og_description":"Mentions l\u00e9gales Le site www.seaandmountainpleasure.com&nbsp;est la propri\u00e9t\u00e9 de : Sandra &amp; Vincent Taveau &#8211; 61 Chemin du Buron-17780 Le-Bois-Plage-en-R\u00e9 Responsable de la r\u00e9daction : Sandra Taveau Ce site est h\u00e9berg\u00e9 chez : OVH SAS au capital de 10 000 000 \u20ac RCS Roubaix \u2013 Tourcoing 424 761 419 00045 Code APE 6202A N\u00b0 TVA : [&hellip;]","og_url":"https:\/\/seaandmountainpleasure.com\/en\/legal-information\/","og_site_name":"Sea and Mountain Pleasure","article_publisher":"https:\/\/www.facebook.com\/profile.php?id=100063830469587","article_modified_time":"2021-01-26T09:54:18+00:00","twitter_card":"summary_large_image","twitter_misc":{"Estimated reading time":"4 minutes"},"schema":{"@context":"https:\/\/schema.org","@graph":[{"@type":"WebPage","@id":"https:\/\/seaandmountainpleasure.com\/en\/mentions-legales\/","url":"https:\/\/seaandmountainpleasure.com\/en\/mentions-legales\/","name":"Legal Notice - Sea and Mountain Pleasure","isPartOf":{"@id":"https:\/\/seaandmountainpleasure.com\/#website"},"datePublished":"2020-10-27T11:21:28+00:00","dateModified":"2021-01-26T09:54:18+00:00","breadcrumb":{"@id":"https:\/\/seaandmountainpleasure.com\/en\/mentions-legales\/#breadcrumb"},"inLanguage":"en-GB","potentialAction":[{"@type":"ReadAction","target":["https:\/\/seaandmountainpleasure.com\/en\/mentions-legales\/"]}]},{"@type":"BreadcrumbList","@id":"https:\/\/seaandmountainpleasure.com\/en\/mentions-legales\/#breadcrumb","itemListElement":[{"@type":"ListItem","position":1,"name":"Accueil","item":"https:\/\/seaandmountainpleasure.com\/"},{"@type":"ListItem","position":2,"name":"Mentions l\u00e9gales"}]},{"@type":"WebSite","@id":"https:\/\/seaandmountainpleasure.com\/#website","url":"https:\/\/seaandmountainpleasure.com\/","name":"Sea and Mountain Pleasure","description":"luxury villa rental on the ile de R\u00e9, on the Giens peninsula and chalets at l'Alpe d'Huez","publisher":{"@id":"https:\/\/seaandmountainpleasure.com\/#organization"},"potentialAction":[{"@type":"SearchAction","target":{"@type":"EntryPoint","urlTemplate":"https:\/\/seaandmountainpleasure.com\/?s={search_term_string}"},"query-input":{"@type":"PropertyValueSpecification","valueRequired":true,"valueName":"search_term_string"}}],"inLanguage":"en-GB"},{"@type":"Organization","@id":"https:\/\/seaandmountainpleasure.com\/#organization","name":"Sea and Mountain Pleasure","url":"https:\/\/seaandmountainpleasure.com\/","logo":{"@type":"ImageObject","inLanguage":"en-GB","@id":"https:\/\/seaandmountainpleasure.com\/#\/schema\/logo\/image\/","url":"https:\/\/seaandmountainpleasure.com\/wp-content\/uploads\/2020\/12\/cropped-favicon.jpg","contentUrl":"https:\/\/seaandmountainpleasure.com\/wp-content\/uploads\/2020\/12\/cropped-favicon.jpg","width":512,"height":512,"caption":"Sea and Mountain Pleasure"},"image":{"@id":"https:\/\/seaandmountainpleasure.com\/#\/schema\/logo\/image\/"},"sameAs":["https:\/\/www.facebook.com\/profile.php?id=100063830469587","https:\/\/www.instagram.com\/seaandmountainpleasure\/"]}]}},"_links":{"self":[{"href":"https:\/\/seaandmountainpleasure.com\/en\/wp-json\/wp\/v2\/pages\/31","targetHints":{"allow":["GET"]}}],"collection":[{"href":"https:\/\/seaandmountainpleasure.com\/en\/wp-json\/wp\/v2\/pages"}],"about":[{"href":"https:\/\/seaandmountainpleasure.com\/en\/wp-json\/wp\/v2\/types\/page"}],"author":[{"embeddable":true,"href":"https:\/\/seaandmountainpleasure.com\/en\/wp-json\/wp\/v2\/users\/1"}],"replies":[{"embeddable":true,"href":"https:\/\/seaandmountainpleasure.com\/en\/wp-json\/wp\/v2\/comments?post=31"}],"version-history":[{"count":0,"href":"https:\/\/seaandmountainpleasure.com\/en\/wp-json\/wp\/v2\/pages\/31\/revisions"}],"wp:attachment":[{"href":"https:\/\/seaandmountainpleasure.com\/en\/wp-json\/wp\/v2\/media?parent=31"}],"curies":[{"name":"wp","href":"https:\/\/api.w.org\/{rel}","templated":true}]}}