{"id":33,"date":"2020-10-27T11:21:47","date_gmt":"2020-10-27T11:21:47","guid":{"rendered":"https:\/\/seaandmountainpleasure.com\/?page_id=33"},"modified":"2024-06-04T16:21:12","modified_gmt":"2024-06-04T14:21:12","slug":"datenschutzrichtlinie","status":"publish","type":"page","link":"https:\/\/seaandmountainpleasure.com\/de\/politique-de-confidentialite\/","title":{"rendered":"Datenschutzrichtlinie"},"content":{"rendered":"<div data-elementor-type=\"wp-page\" data-elementor-id=\"33\" class=\"elementor elementor-33\" data-elementor-post-type=\"page\">\n\t\t\t\t\t\t<section class=\"elementor-section elementor-top-section elementor-element elementor-element-7a0c03c elementor-section-boxed elementor-section-height-default elementor-section-height-default\" data-id=\"7a0c03c\" data-element_type=\"section\" data-e-type=\"section\">\n\t\t\t\t\t\t<div class=\"elementor-container elementor-column-gap-default\">\n\t\t\t\t\t<div class=\"elementor-column elementor-col-100 elementor-top-column elementor-element elementor-element-1e39d45\" data-id=\"1e39d45\" data-element_type=\"column\" data-e-type=\"column\">\n\t\t\t<div class=\"elementor-widget-wrap elementor-element-populated\">\n\t\t\t\t\t\t<div class=\"elementor-element elementor-element-99b3e9f elementor-widget elementor-widget-heading\" data-id=\"99b3e9f\" data-element_type=\"widget\" data-e-type=\"widget\" data-widget_type=\"heading.default\">\n\t\t\t\t<div class=\"elementor-widget-container\">\n\t\t\t\t\t<h1 class=\"elementor-heading-title elementor-size-default\">Datenschutzrichtlinie<\/h1>\t\t\t\t<\/div>\n\t\t\t\t<\/div>\n\t\t\t\t\t<\/div>\n\t\t<\/div>\n\t\t\t\t\t<\/div>\n\t\t<\/section>\n\t\t\t\t<section class=\"elementor-section elementor-top-section elementor-element elementor-element-5bd9dbb elementor-section-boxed elementor-section-height-default elementor-section-height-default\" data-id=\"5bd9dbb\" data-element_type=\"section\" data-e-type=\"section\">\n\t\t\t\t\t\t<div class=\"elementor-container elementor-column-gap-default\">\n\t\t\t\t\t<div class=\"elementor-column elementor-col-100 elementor-top-column elementor-element elementor-element-07e1d98\" data-id=\"07e1d98\" data-element_type=\"column\" data-e-type=\"column\">\n\t\t\t<div class=\"elementor-widget-wrap elementor-element-populated\">\n\t\t\t\t\t\t<div class=\"elementor-element elementor-element-906db39 elementor-widget elementor-widget-text-editor\" data-id=\"906db39\" data-element_type=\"widget\" data-e-type=\"widget\" data-widget_type=\"text-editor.default\">\n\t\t\t\t<div class=\"elementor-widget-container\">\n\t\t\t\t\t\t\t\t\t<p><strong>Wer sind wir?<\/strong><br \/>Wir sind ein SCI mit Sitz auf L'\u00cele de R\u00e9 in Charente Maritime 17.<\/p><p>Unsere Website-Adresse lautet: https:\/\/seaandmountainpleasure.com<\/p><p><strong>Verwendung der Daten<\/strong> erfasste pers\u00f6nliche Daten<br \/>Kontaktformulare<br \/>Ihre pers\u00f6nlichen Daten werden \u00fcber Formulare gesammelt, n\u00e4mlich :<\/p><p><strong>Kontakt-Formular<\/strong><br \/>Wir rufen die folgenden Daten ab:<br \/>E-Mail<br \/>IP-Adresse<br \/>Name<br \/>Vornamen<br \/>Telefon<br \/>Wir verwenden die gesammelten Informationen f\u00fcr die folgenden Zwecke:<\/p><p><strong>Kommerzieller Ansatz<\/strong><br \/>E-Mailing-Kampagne<br \/>Ihre Daten werden auch durch die Interaktivit\u00e4t, die zwischen Ihnen und unserer Website stattfinden kann, auf folgende Weise gesammelt:<\/p><p><strong>Statistik<\/strong><br \/>Kontakt<br \/>Cookies<br \/>Wenn Sie auf die Anmeldeseite gehen, wird ein tempor\u00e4rer Cookie angelegt, um festzustellen, ob Ihr Browser Cookies akzeptiert. Sie enth\u00e4lt keine pers\u00f6nlichen Daten und wird automatisch gel\u00f6scht, wenn Sie Ihren Browser schlie\u00dfen.<\/p><p>Wenn Sie sich anmelden, setzen wir eine Reihe von Cookies, um Ihre Anmeldeinformationen und Bildschirmeinstellungen zu speichern. Die Lebensdauer eines Anmelde-Cookies betr\u00e4gt zwei Tage und die Lebensdauer eines Cookies f\u00fcr Bildschirmeinstellungen betr\u00e4gt ein Jahr. Wenn Sie \"Remember me\" ankreuzen, wird Ihr Login-Cookie f\u00fcr zwei Wochen gespeichert. Wenn Sie sich von Ihrem Konto abmelden, wird das Anmelde-Cookie gel\u00f6scht.<\/p><p>Beim Bearbeiten oder Ver\u00f6ffentlichen einer Publikation wird ein zus\u00e4tzliches Cookie in Ihrem Browser gespeichert. Dieses Cookie enth\u00e4lt keine pers\u00f6nlichen Daten. Sie zeigt einfach die ID der Publikation an, die Sie gerade bearbeitet haben. Sie verf\u00e4llt nach einem Tag.<\/p><p><strong>Eingebettete Inhalte von anderen Websites<\/strong><br \/>Artikel auf dieser Seite k\u00f6nnen eingebettete Inhalte enthalten (z.B. Videos, Bilder, Artikel...). Eingebettete Inhalte von anderen Sites verhalten sich so, als ob der Besucher auf dieser anderen Site w\u00e4re.<\/p><p>Diese Websites k\u00f6nnen Daten \u00fcber Sie sammeln, Cookies verwenden, Tracking-Tools von Drittanbietern einbetten und Ihre Interaktionen mit diesen eingebetteten Inhalten verfolgen, wenn Sie ein Konto bei diesen Websites haben.<\/p><p><strong>Statistik und Publikumsmessung<\/strong><br \/>Wir verwenden Cookies, um das Publikum und die Statistik der Frequentierung dieser Website dank des Tools Google Analytics zu berechnen.<\/p><p><strong>Nutzung und Weitergabe Ihrer pers\u00f6nlichen Daten<\/strong><br \/>Wir verwenden Ihre Daten nur dann zur Beantwortung Ihrer Fragen oder zur Zusendung von Informationen \u00fcber unsere Neuigkeiten, wenn Sie dies ausdr\u00fccklich gew\u00fcnscht haben.<\/p><p><strong>Wie lange Ihre Daten gespeichert werden<\/strong><br \/>Wenn Sie das Kontaktformular auf dieser Seite nutzen, werden Ihre Daten 3 Jahre lang gespeichert und dann automatisch gel\u00f6scht.<\/p><p><strong>Die Rechte, die Sie \u00fcber Ihre Daten haben<\/strong><br \/>Wenn Sie das Kontaktformular auf dieser Website verwendet haben, k\u00f6nnen Sie eine Datei anfordern, die alle personenbezogenen Daten enth\u00e4lt, die wir \u00fcber Sie gespeichert haben, einschlie\u00dflich der Daten, die Sie uns zur Verf\u00fcgung gestellt haben. Sie k\u00f6nnen auch die L\u00f6schung Ihrer personenbezogenen Daten verlangen. Ausgenommen hiervon sind Daten, die f\u00fcr administrative, rechtliche oder Sicherheitszwecke gespeichert werden.<\/p><p><strong>Kontaktinformationen<\/strong><br \/>Wenn Sie Zugang zu Ihren pers\u00f6nlichen Daten haben m\u00f6chten oder Ihr Recht auf L\u00f6schung dieser Daten geltend machen wollen. Sie k\u00f6nnen unseren DPO (Data Protection Officer) \u00fcber unser Kontaktformular kontaktieren.<\/p><p><strong>Zus\u00e4tzliche Informationen<\/strong><br \/>Wie wir Ihre Daten sch\u00fctzen<br \/>Ihre Daten werden auf den von uns gemieteten Servern der Firma OVH gespeichert, deren Hauptsitz sich befindet in: 2, rue Kellermann - 59100 Roubaix - Frankreich<\/p><p><strong>Implementierte Prozeduren im Falle eines Datenlecks<\/strong><br \/>Im Falle eines Abflusses der von uns gesammelten Daten informieren wir die CNIL (Commission Nationale de l'Informatique et des Libert\u00e9s) innerhalb von maximal 48 Stunden.<\/p>\t\t\t\t\t\t\t\t<\/div>\n\t\t\t\t<\/div>\n\t\t\t\t\t<\/div>\n\t\t<\/div>\n\t\t\t\t\t<\/div>\n\t\t<\/section>\n\t\t\t\t<\/div>","protected":false},"excerpt":{"rendered":"<p>Politique de confidentialit\u00e9 Qui sommes-nous ?Nous sommes une SCI situ\u00e9e \u00e0 L&rsquo;\u00cele de R\u00e9 en Charente Maritime 17. L\u2019adresse de notre site Web est : https:\/\/seaandmountainpleasure.com Utilisation des donn\u00e9es personnelles collect\u00e9esFormulaires de contactVos renseignements personnels sont collect\u00e9s par le biais de formulaire, \u00e0 savoir : Formulaire de contactNous r\u00e9cup\u00e9rons les donn\u00e9es suivantes :E-mailAdresse IPNomPr\u00e9nomT\u00e9l\u00e9phoneNous utilisons [&hellip;]<\/p>\n","protected":false},"author":1,"featured_media":0,"parent":0,"menu_order":0,"comment_status":"closed","ping_status":"closed","template":"","meta":{"footnotes":""},"class_list":["post-33","page","type-page","status-publish","hentry","entry"],"yoast_head":"<!-- This site is optimized with the Yoast SEO plugin v27.4 - https:\/\/yoast.com\/product\/yoast-seo-wordpress\/ -->\n<title>Politique de confidentialit\u00e9 - Sea and Mountain Pleasure<\/title>\n<meta name=\"description\" content=\"Politique de confidentialit\u00e9 de notre site web seaandmountainpleasure.com\" \/>\n<meta name=\"robots\" content=\"index, follow, max-snippet:-1, max-image-preview:large, max-video-preview:-1\" \/>\n<link rel=\"canonical\" href=\"https:\/\/seaandmountainpleasure.com\/de\/datenschutzrichtlinie\/\" \/>\n<meta property=\"og:locale\" content=\"de_DE\" \/>\n<meta property=\"og:type\" content=\"article\" \/>\n<meta property=\"og:title\" content=\"Politique de confidentialit\u00e9 - Sea and Mountain Pleasure\" \/>\n<meta property=\"og:description\" content=\"Politique de confidentialit\u00e9 de notre site web seaandmountainpleasure.com\" \/>\n<meta property=\"og:url\" content=\"https:\/\/seaandmountainpleasure.com\/de\/datenschutzrichtlinie\/\" \/>\n<meta property=\"og:site_name\" content=\"Sea and Mountain Pleasure\" \/>\n<meta property=\"article:publisher\" content=\"https:\/\/www.facebook.com\/profile.php?id=100063830469587\" \/>\n<meta property=\"article:modified_time\" content=\"2024-06-04T14:21:12+00:00\" \/>\n<meta name=\"twitter:card\" content=\"summary_large_image\" \/>\n<meta name=\"twitter:label1\" content=\"Gesch\u00e4tzte Lesezeit\" \/>\n\t<meta name=\"twitter:data1\" content=\"4\u00a0Minuten\" \/>\n<script type=\"application\/ld+json\" class=\"yoast-schema-graph\">{\"@context\":\"https:\\\/\\\/schema.org\",\"@graph\":[{\"@type\":\"WebPage\",\"@id\":\"https:\\\/\\\/seaandmountainpleasure.com\\\/politique-de-confidentialite\\\/\",\"url\":\"https:\\\/\\\/seaandmountainpleasure.com\\\/politique-de-confidentialite\\\/\",\"name\":\"Politique de confidentialit\u00e9 - Sea and Mountain Pleasure\",\"isPartOf\":{\"@id\":\"https:\\\/\\\/seaandmountainpleasure.com\\\/#website\"},\"datePublished\":\"2020-10-27T11:21:47+00:00\",\"dateModified\":\"2024-06-04T14:21:12+00:00\",\"description\":\"Politique de confidentialit\u00e9 de notre site web seaandmountainpleasure.com\",\"breadcrumb\":{\"@id\":\"https:\\\/\\\/seaandmountainpleasure.com\\\/politique-de-confidentialite\\\/#breadcrumb\"},\"inLanguage\":\"de\",\"potentialAction\":[{\"@type\":\"ReadAction\",\"target\":[\"https:\\\/\\\/seaandmountainpleasure.com\\\/politique-de-confidentialite\\\/\"]}]},{\"@type\":\"BreadcrumbList\",\"@id\":\"https:\\\/\\\/seaandmountainpleasure.com\\\/politique-de-confidentialite\\\/#breadcrumb\",\"itemListElement\":[{\"@type\":\"ListItem\",\"position\":1,\"name\":\"Accueil\",\"item\":\"https:\\\/\\\/seaandmountainpleasure.com\\\/\"},{\"@type\":\"ListItem\",\"position\":2,\"name\":\"Politique de confidentialit\u00e9\"}]},{\"@type\":\"WebSite\",\"@id\":\"https:\\\/\\\/seaandmountainpleasure.com\\\/#website\",\"url\":\"https:\\\/\\\/seaandmountainpleasure.com\\\/\",\"name\":\"Sea and Mountain Pleasure\",\"description\":\"location de villa de luxe sur l&#039;ile de R\u00e9, sur la presqu&#039;\u00eele de Giens et de chalets \u00e0 l&#039;Alpe d&#039;Huez\",\"publisher\":{\"@id\":\"https:\\\/\\\/seaandmountainpleasure.com\\\/#organization\"},\"potentialAction\":[{\"@type\":\"SearchAction\",\"target\":{\"@type\":\"EntryPoint\",\"urlTemplate\":\"https:\\\/\\\/seaandmountainpleasure.com\\\/?s={search_term_string}\"},\"query-input\":{\"@type\":\"PropertyValueSpecification\",\"valueRequired\":true,\"valueName\":\"search_term_string\"}}],\"inLanguage\":\"de\"},{\"@type\":\"Organization\",\"@id\":\"https:\\\/\\\/seaandmountainpleasure.com\\\/#organization\",\"name\":\"Sea and Mountain Pleasure\",\"url\":\"https:\\\/\\\/seaandmountainpleasure.com\\\/\",\"logo\":{\"@type\":\"ImageObject\",\"inLanguage\":\"de\",\"@id\":\"https:\\\/\\\/seaandmountainpleasure.com\\\/#\\\/schema\\\/logo\\\/image\\\/\",\"url\":\"https:\\\/\\\/seaandmountainpleasure.com\\\/wp-content\\\/uploads\\\/2020\\\/12\\\/cropped-favicon.jpg\",\"contentUrl\":\"https:\\\/\\\/seaandmountainpleasure.com\\\/wp-content\\\/uploads\\\/2020\\\/12\\\/cropped-favicon.jpg\",\"width\":512,\"height\":512,\"caption\":\"Sea and Mountain Pleasure\"},\"image\":{\"@id\":\"https:\\\/\\\/seaandmountainpleasure.com\\\/#\\\/schema\\\/logo\\\/image\\\/\"},\"sameAs\":[\"https:\\\/\\\/www.facebook.com\\\/profile.php?id=100063830469587\",\"https:\\\/\\\/www.instagram.com\\\/seaandmountainpleasure\\\/\"]}]}<\/script>\n<!-- \/ Yoast SEO plugin. -->","yoast_head_json":{"title":"Datenschutzerkl\u00e4rung - Sea and Mountain Pleasure","description":"Datenschutzrichtlinie f\u00fcr unsere Website seaandmountainpleasure.com","robots":{"index":"index","follow":"follow","max-snippet":"max-snippet:-1","max-image-preview":"max-image-preview:large","max-video-preview":"max-video-preview:-1"},"canonical":"https:\/\/seaandmountainpleasure.com\/de\/datenschutzrichtlinie\/","og_locale":"de_DE","og_type":"article","og_title":"Politique de confidentialit\u00e9 - Sea and Mountain Pleasure","og_description":"Politique de confidentialit\u00e9 de notre site web seaandmountainpleasure.com","og_url":"https:\/\/seaandmountainpleasure.com\/de\/datenschutzrichtlinie\/","og_site_name":"Sea and Mountain Pleasure","article_publisher":"https:\/\/www.facebook.com\/profile.php?id=100063830469587","article_modified_time":"2024-06-04T14:21:12+00:00","twitter_card":"summary_large_image","twitter_misc":{"Gesch\u00e4tzte Lesezeit":"4\u00a0Minuten"},"schema":{"@context":"https:\/\/schema.org","@graph":[{"@type":"WebPage","@id":"https:\/\/seaandmountainpleasure.com\/politique-de-confidentialite\/","url":"https:\/\/seaandmountainpleasure.com\/politique-de-confidentialite\/","name":"Datenschutzerkl\u00e4rung - Sea and Mountain Pleasure","isPartOf":{"@id":"https:\/\/seaandmountainpleasure.com\/#website"},"datePublished":"2020-10-27T11:21:47+00:00","dateModified":"2024-06-04T14:21:12+00:00","description":"Datenschutzrichtlinie f\u00fcr unsere Website seaandmountainpleasure.com","breadcrumb":{"@id":"https:\/\/seaandmountainpleasure.com\/politique-de-confidentialite\/#breadcrumb"},"inLanguage":"de","potentialAction":[{"@type":"ReadAction","target":["https:\/\/seaandmountainpleasure.com\/politique-de-confidentialite\/"]}]},{"@type":"BreadcrumbList","@id":"https:\/\/seaandmountainpleasure.com\/politique-de-confidentialite\/#breadcrumb","itemListElement":[{"@type":"ListItem","position":1,"name":"Accueil","item":"https:\/\/seaandmountainpleasure.com\/"},{"@type":"ListItem","position":2,"name":"Politique de confidentialit\u00e9"}]},{"@type":"WebSite","@id":"https:\/\/seaandmountainpleasure.com\/#website","url":"https:\/\/seaandmountainpleasure.com\/","name":"Meer und Berg Vergn\u00fcgen","description":"Vermietung von Luxusvillen auf der Ile de R\u00e9, der Halbinsel Giens und Chalets in L'Alpe d'Huez","publisher":{"@id":"https:\/\/seaandmountainpleasure.com\/#organization"},"potentialAction":[{"@type":"SearchAction","target":{"@type":"EntryPoint","urlTemplate":"https:\/\/seaandmountainpleasure.com\/?s={search_term_string}"},"query-input":{"@type":"PropertyValueSpecification","valueRequired":true,"valueName":"search_term_string"}}],"inLanguage":"de"},{"@type":"Organization","@id":"https:\/\/seaandmountainpleasure.com\/#organization","name":"Meer und Berg Vergn\u00fcgen","url":"https:\/\/seaandmountainpleasure.com\/","logo":{"@type":"ImageObject","inLanguage":"de","@id":"https:\/\/seaandmountainpleasure.com\/#\/schema\/logo\/image\/","url":"https:\/\/seaandmountainpleasure.com\/wp-content\/uploads\/2020\/12\/cropped-favicon.jpg","contentUrl":"https:\/\/seaandmountainpleasure.com\/wp-content\/uploads\/2020\/12\/cropped-favicon.jpg","width":512,"height":512,"caption":"Sea and Mountain Pleasure"},"image":{"@id":"https:\/\/seaandmountainpleasure.com\/#\/schema\/logo\/image\/"},"sameAs":["https:\/\/www.facebook.com\/profile.php?id=100063830469587","https:\/\/www.instagram.com\/seaandmountainpleasure\/"]}]}},"_links":{"self":[{"href":"https:\/\/seaandmountainpleasure.com\/de\/wp-json\/wp\/v2\/pages\/33","targetHints":{"allow":["GET"]}}],"collection":[{"href":"https:\/\/seaandmountainpleasure.com\/de\/wp-json\/wp\/v2\/pages"}],"about":[{"href":"https:\/\/seaandmountainpleasure.com\/de\/wp-json\/wp\/v2\/types\/page"}],"author":[{"embeddable":true,"href":"https:\/\/seaandmountainpleasure.com\/de\/wp-json\/wp\/v2\/users\/1"}],"replies":[{"embeddable":true,"href":"https:\/\/seaandmountainpleasure.com\/de\/wp-json\/wp\/v2\/comments?post=33"}],"version-history":[{"count":0,"href":"https:\/\/seaandmountainpleasure.com\/de\/wp-json\/wp\/v2\/pages\/33\/revisions"}],"wp:attachment":[{"href":"https:\/\/seaandmountainpleasure.com\/de\/wp-json\/wp\/v2\/media?parent=33"}],"curies":[{"name":"wp","href":"https:\/\/api.w.org\/{rel}","templated":true}]}}