{"id":31,"date":"2020-10-27T11:21:28","date_gmt":"2020-10-27T11:21:28","guid":{"rendered":"https:\/\/seaandmountainpleasure.com\/?page_id=31"},"modified":"2026-04-14T17:21:35","modified_gmt":"2026-04-14T15:21:35","slug":"rechtliche-hinweise","status":"publish","type":"page","link":"https:\/\/seaandmountainpleasure.com\/de\/mentions-legales\/","title":{"rendered":"Rechtliche Informationen"},"content":{"rendered":"<div data-elementor-type=\"wp-page\" data-elementor-id=\"31\" class=\"elementor elementor-31\" data-elementor-post-type=\"page\">\n\t\t\t\t<div class=\"elementor-element elementor-element-5d1e0a4 e-flex e-con-boxed e-con e-parent\" data-id=\"5d1e0a4\" data-element_type=\"container\" data-e-type=\"container\">\n\t\t\t\t\t<div class=\"e-con-inner\">\n\t\t\t\t<div class=\"elementor-element elementor-element-ff6d3f0 elementor-widget elementor-widget-heading\" data-id=\"ff6d3f0\" data-element_type=\"widget\" data-e-type=\"widget\" data-widget_type=\"heading.default\">\n\t\t\t\t<div class=\"elementor-widget-container\">\n\t\t\t\t\t<h2 class=\"elementor-heading-title elementor-size-default\">Rechtliche Informationen<\/h2>\t\t\t\t<\/div>\n\t\t\t\t<\/div>\n\t\t\t\t<div class=\"elementor-element elementor-element-478c862 elementor-widget elementor-widget-text-editor\" data-id=\"478c862\" data-element_type=\"widget\" data-e-type=\"widget\" data-widget_type=\"text-editor.default\">\n\t\t\t\t<div class=\"elementor-widget-container\">\n\t\t\t\t\t\t\t\t\t<p>Le site www.seaandmountainpleasure.com\u00a0est la propri\u00e9t\u00e9 de :<\/p><p>Sandra &amp; Vincent Taveau - 61 Chemin du Buron-17780 Le-Bois-Plage-en-R\u00e9<\/p><p>Chefredakteurin: Sandra Taveau<\/p><p class=\"translation-block\">Ce site est h\u00e9berg\u00e9 chez :<br>OVH<br>SAS au capital de 10 000 000 \u20ac<br>RCS Roubaix \u2013 Tourcoing 424 761 419 00045<br>Code APE 6202A<br>N\u00b0 TVA : FR 22 424 761 419<br>Si\u00e8ge social : 2 rue Kellermann \u2013 59100 Roubaix \u2013 France.<\/p><p class=\"translation-block\">Diese Seite wurde erstellt von: <a href=\"https:\/\/maclaine.fr\" target=\"_self\"><strong>Kommunikationsagentur La Rochelle - www.maclaine.fr<\/strong><\/a><\/p><p><strong>Datenschutz<\/strong><\/p><p>Sandra und Vincent Taveau nehmen keine pers\u00f6nlichen Daten auf, die eine Identifizierung erm\u00f6glichen, mit Ausnahme der Formulare, die der Benutzer frei ausf\u00fcllen kann. Diese Informationen werden nicht ohne Ihre Zustimmung verwendet. Wir verwenden sie nur, um Ihnen Mailings, Brosch\u00fcren, Angebote oder eine Bestellung zukommen zu lassen oder um mit Ihnen Kontakt aufzunehmen.<\/p><p>Die auf dieser Website gesammelten Informationen sind durch das Gesetz Nr. 78-17 vom 6. Januar 1978, ge\u00e4ndert und erg\u00e4nzt durch das Gesetz Nr. 2018-493 vom 20. Juni 2018, gesch\u00fctzt. Sie profitieren von einem Recht auf Zugang, Berichtigung, Widerspruch gegen die Kommunikation und L\u00f6schung auf einfache Anfrage an Sandra und Vincent Taveau,<br \/>25 bis, rue du Chay - 17690 Angoulins.<\/p><p>Sandra und Vincent Taveau k\u00f6nnen statistische Auswertungen ohne Namensnennung vornehmen und Dritte (Besucherbewertungsstellen) in zusammengefasster und nicht-nominativer Form informieren.<\/p><p><strong>Allgemeine Datenschutzverordnung (GDPR)<\/strong><\/p><p>Sandra und Vincent Taveau verpflichten sich, sicherzustellen, dass die Erhebung und Verarbeitung Ihrer Daten von der Website www.seaandmountainpleasure.com mit der Allgemeinen Datenschutzverordnung (GDPR) \u00fcbereinstimmt. Jedes Formular bzw. jeder Teledienst beschr\u00e4nkt die Erhebung personenbezogener Daten auf das unbedingt notwendige Ma\u00df (Datensparsamkeit) und weist insbesondere darauf hin:<\/p><p>- Welche Ziele werden mit der Erfassung dieser Daten verfolgt?<\/p><p>- Ob diese Daten f\u00fcr die Verwaltung Ihrer Anfrage obligatorisch oder optional sind,<\/p><p>- Wer kann sie lesen (im Prinzip nur Sandra und Vincent Taveau, es sei denn, es ist im Formular angegeben, dass eine Weitergabe an Dritte f\u00fcr die Verwaltung Ihrer Anfrage notwendig ist),<\/p><p>Die pers\u00f6nlichen Daten, die im Rahmen der auf www.seaandmountainpleasure.com angebotenen Dienste gesammelt werden, werden nach sicheren Protokollen verarbeitet und erm\u00f6glichen Sandra und Vincent Taveau die Verwaltung der in ihren Computeranwendungen eingegangenen Anfragen.<\/p><p>F\u00fcr weitere Informationen oder zur Aus\u00fcbung Ihrer Rechte in Bezug auf die Verarbeitung personenbezogener Daten, die von Sandra und Vincent Taveau verwaltet werden, k\u00f6nnen Sie sich \u00fcber das Kontaktformular an Sandra und Vincent Taveau und gegebenenfalls an den Datenschutzbeauftragten (DSB) wenden.<\/p><p><strong>Verwendung von Cookies<\/strong><\/p><p>Die Verwaltung bestimmter Analyse-Tools f\u00fcr den Betrieb dieser Website erfordert die Verwendung von Cookies. Nicht-personenbezogene Informationen werden durch dieses System von Cookies (Textdateien, die verwendet werden, um einen Benutzer wiederzuerkennen und ihm so die Nutzung der Website zu erleichtern) aufgezeichnet. Diese haben keine Bedeutung au\u00dferhalb ihrer Verwendung auf der Website www.seaandmountainpleasure.com.<\/p><p><strong>Hypertext-Links<\/strong><\/p><p>Sandra und Vincent Taveau haben keine Kontrolle \u00fcber die mit ihren Seiten verlinkten Seiten und k\u00f6nnen daher nicht f\u00fcr deren Inhalt verantwortlich gemacht werden. Die Risiken, die mit der Nutzung dieser Seiten verbunden sind, liegen vollst\u00e4ndig beim Nutzer. Er wird sich an deren Nutzungsbedingungen halten.<\/p><p><strong>Geistiges Eigentum<\/strong><\/p><p>Die allgemeine Struktur sowie die Software, Texte, Bilder, animiert oder nicht, das Know-how und alle anderen Elemente, aus denen sich die Website zusammensetzt, sind ausschlie\u00dfliches Eigentum von Sandra und Vincent Taveau. Jegliche vollst\u00e4ndige oder teilweise Darstellung dieser Website, mit welchen Mitteln auch immer, ist ohne die ausdr\u00fcckliche Genehmigung von Sandra und Vincent Taveau verboten und w\u00fcrde eine Verletzung darstellen, die gem\u00e4\u00df Artikel L 335-2 ff. des Gesetzes \u00fcber geistiges Eigentum geahndet wird.<\/p><p>Das Gleiche gilt f\u00fcr die Datenbanken auf der Website, die durch die Bestimmungen des Gesetzes vom 1. Juli 1998 zur Umsetzung der europ\u00e4ischen Richtlinie vom 11. M\u00e4rz 1996 \u00fcber den rechtlichen Schutz von Datenbanken in das Gesetzbuch \u00fcber geistiges Eigentum gesch\u00fctzt sind und deren Hersteller Sandra und Vincent Taveau sind.<\/p><p>Die Marken von Sandra und Vincent Taveau sowie die auf der Website erscheinenden Logos sind eingetragene Marken oder Eigentum ihrer Partner. Jegliche vollst\u00e4ndige oder teilweise Reproduktion dieser Marken oder Logos, die aus Elementen der Website bestehen, ist ohne die ausdr\u00fcckliche Genehmigung von Sandra und Vincent Taveau gem\u00e4\u00df Artikel L 713-2 des Gesetzes \u00fcber geistiges Eigentum verboten.<\/p>\t\t\t\t\t\t\t\t<\/div>\n\t\t\t\t<\/div>\n\t\t\t\t\t<\/div>\n\t\t\t\t<\/div>\n\t\t\t\t<\/div>","protected":false},"excerpt":{"rendered":"<p>Mentions l\u00e9gales Le site www.seaandmountainpleasure.com\u00a0est la propri\u00e9t\u00e9 de : Sandra &amp; Vincent Taveau &#8211; 61 Chemin du Buron-17780 Le-Bois-Plage-en-R\u00e9 Responsable de la r\u00e9daction : Sandra Taveau Ce site est h\u00e9berg\u00e9 chez :OVHSAS au capital de 10 000 000 \u20acRCS Roubaix \u2013 Tourcoing 424 761 419 00045Code APE 6202AN\u00b0 TVA : FR 22 424 761 419Si\u00e8ge [&hellip;]<\/p>\n","protected":false},"author":1,"featured_media":0,"parent":0,"menu_order":0,"comment_status":"closed","ping_status":"closed","template":"","meta":{"footnotes":""},"class_list":["post-31","page","type-page","status-publish","hentry","entry"],"yoast_head":"<!-- This site is optimized with the Yoast SEO plugin v27.4 - https:\/\/yoast.com\/product\/yoast-seo-wordpress\/ -->\n<title>Mentions l\u00e9gales - Sea and Mountain Pleasure<\/title>\n<meta name=\"robots\" content=\"index, follow, max-snippet:-1, max-image-preview:large, max-video-preview:-1\" \/>\n<link rel=\"canonical\" href=\"https:\/\/seaandmountainpleasure.com\/de\/rechtliche-hinweise\/\" \/>\n<meta property=\"og:locale\" content=\"de_DE\" \/>\n<meta property=\"og:type\" content=\"article\" \/>\n<meta property=\"og:title\" content=\"Mentions l\u00e9gales - Sea and Mountain Pleasure\" \/>\n<meta property=\"og:description\" content=\"Mentions l\u00e9gales Le site www.seaandmountainpleasure.com\u00a0est la propri\u00e9t\u00e9 de : Sandra &amp; Vincent Taveau &#8211; 61 Chemin du Buron-17780 Le-Bois-Plage-en-R\u00e9 Responsable de la r\u00e9daction : Sandra Taveau Ce site est h\u00e9berg\u00e9 chez :OVHSAS au capital de 10 000 000 \u20acRCS Roubaix \u2013 Tourcoing 424 761 419 00045Code APE 6202AN\u00b0 TVA : FR 22 424 761 419Si\u00e8ge [&hellip;]\" \/>\n<meta property=\"og:url\" content=\"https:\/\/seaandmountainpleasure.com\/de\/rechtliche-hinweise\/\" \/>\n<meta property=\"og:site_name\" content=\"Sea and Mountain Pleasure\" \/>\n<meta property=\"article:publisher\" content=\"https:\/\/www.facebook.com\/profile.php?id=100063830469587\" \/>\n<meta property=\"article:modified_time\" content=\"2026-04-14T15:21:35+00:00\" \/>\n<meta name=\"twitter:card\" content=\"summary_large_image\" \/>\n<meta name=\"twitter:label1\" content=\"Gesch\u00e4tzte Lesezeit\" \/>\n\t<meta name=\"twitter:data1\" content=\"4\u00a0Minuten\" \/>\n<script type=\"application\/ld+json\" class=\"yoast-schema-graph\">{\"@context\":\"https:\\\/\\\/schema.org\",\"@graph\":[{\"@type\":\"WebPage\",\"@id\":\"https:\\\/\\\/seaandmountainpleasure.com\\\/mentions-legales\\\/\",\"url\":\"https:\\\/\\\/seaandmountainpleasure.com\\\/mentions-legales\\\/\",\"name\":\"Mentions l\u00e9gales - Sea and Mountain Pleasure\",\"isPartOf\":{\"@id\":\"https:\\\/\\\/seaandmountainpleasure.com\\\/#website\"},\"datePublished\":\"2020-10-27T11:21:28+00:00\",\"dateModified\":\"2026-04-14T15:21:35+00:00\",\"breadcrumb\":{\"@id\":\"https:\\\/\\\/seaandmountainpleasure.com\\\/mentions-legales\\\/#breadcrumb\"},\"inLanguage\":\"de\",\"potentialAction\":[{\"@type\":\"ReadAction\",\"target\":[\"https:\\\/\\\/seaandmountainpleasure.com\\\/mentions-legales\\\/\"]}]},{\"@type\":\"BreadcrumbList\",\"@id\":\"https:\\\/\\\/seaandmountainpleasure.com\\\/mentions-legales\\\/#breadcrumb\",\"itemListElement\":[{\"@type\":\"ListItem\",\"position\":1,\"name\":\"Accueil\",\"item\":\"https:\\\/\\\/seaandmountainpleasure.com\\\/\"},{\"@type\":\"ListItem\",\"position\":2,\"name\":\"Mentions l\u00e9gales\"}]},{\"@type\":\"WebSite\",\"@id\":\"https:\\\/\\\/seaandmountainpleasure.com\\\/#website\",\"url\":\"https:\\\/\\\/seaandmountainpleasure.com\\\/\",\"name\":\"Sea and Mountain Pleasure\",\"description\":\"location de villa de luxe sur l&#039;ile de R\u00e9, sur la presqu&#039;\u00eele de Giens et de chalets \u00e0 l&#039;Alpe d&#039;Huez\",\"publisher\":{\"@id\":\"https:\\\/\\\/seaandmountainpleasure.com\\\/#organization\"},\"potentialAction\":[{\"@type\":\"SearchAction\",\"target\":{\"@type\":\"EntryPoint\",\"urlTemplate\":\"https:\\\/\\\/seaandmountainpleasure.com\\\/?s={search_term_string}\"},\"query-input\":{\"@type\":\"PropertyValueSpecification\",\"valueRequired\":true,\"valueName\":\"search_term_string\"}}],\"inLanguage\":\"de\"},{\"@type\":\"Organization\",\"@id\":\"https:\\\/\\\/seaandmountainpleasure.com\\\/#organization\",\"name\":\"Sea and Mountain Pleasure\",\"url\":\"https:\\\/\\\/seaandmountainpleasure.com\\\/\",\"logo\":{\"@type\":\"ImageObject\",\"inLanguage\":\"de\",\"@id\":\"https:\\\/\\\/seaandmountainpleasure.com\\\/#\\\/schema\\\/logo\\\/image\\\/\",\"url\":\"https:\\\/\\\/seaandmountainpleasure.com\\\/wp-content\\\/uploads\\\/2020\\\/12\\\/cropped-favicon.jpg\",\"contentUrl\":\"https:\\\/\\\/seaandmountainpleasure.com\\\/wp-content\\\/uploads\\\/2020\\\/12\\\/cropped-favicon.jpg\",\"width\":512,\"height\":512,\"caption\":\"Sea and Mountain Pleasure\"},\"image\":{\"@id\":\"https:\\\/\\\/seaandmountainpleasure.com\\\/#\\\/schema\\\/logo\\\/image\\\/\"},\"sameAs\":[\"https:\\\/\\\/www.facebook.com\\\/profile.php?id=100063830469587\",\"https:\\\/\\\/www.instagram.com\\\/seaandmountainpleasure\\\/\"]}]}<\/script>\n<!-- \/ Yoast SEO plugin. -->","yoast_head_json":{"title":"Impressum - Sea and Mountain Pleasure","robots":{"index":"index","follow":"follow","max-snippet":"max-snippet:-1","max-image-preview":"max-image-preview:large","max-video-preview":"max-video-preview:-1"},"canonical":"https:\/\/seaandmountainpleasure.com\/de\/rechtliche-hinweise\/","og_locale":"de_DE","og_type":"article","og_title":"Mentions l\u00e9gales - Sea and Mountain Pleasure","og_description":"Mentions l\u00e9gales Le site www.seaandmountainpleasure.com\u00a0est la propri\u00e9t\u00e9 de : Sandra &amp; Vincent Taveau &#8211; 61 Chemin du Buron-17780 Le-Bois-Plage-en-R\u00e9 Responsable de la r\u00e9daction : Sandra Taveau Ce site est h\u00e9berg\u00e9 chez :OVHSAS au capital de 10 000 000 \u20acRCS Roubaix \u2013 Tourcoing 424 761 419 00045Code APE 6202AN\u00b0 TVA : FR 22 424 761 419Si\u00e8ge [&hellip;]","og_url":"https:\/\/seaandmountainpleasure.com\/de\/rechtliche-hinweise\/","og_site_name":"Sea and Mountain Pleasure","article_publisher":"https:\/\/www.facebook.com\/profile.php?id=100063830469587","article_modified_time":"2026-04-14T15:21:35+00:00","twitter_card":"summary_large_image","twitter_misc":{"Gesch\u00e4tzte Lesezeit":"4\u00a0Minuten"},"schema":{"@context":"https:\/\/schema.org","@graph":[{"@type":"WebPage","@id":"https:\/\/seaandmountainpleasure.com\/mentions-legales\/","url":"https:\/\/seaandmountainpleasure.com\/mentions-legales\/","name":"Impressum - Sea and Mountain Pleasure","isPartOf":{"@id":"https:\/\/seaandmountainpleasure.com\/#website"},"datePublished":"2020-10-27T11:21:28+00:00","dateModified":"2026-04-14T15:21:35+00:00","breadcrumb":{"@id":"https:\/\/seaandmountainpleasure.com\/mentions-legales\/#breadcrumb"},"inLanguage":"de","potentialAction":[{"@type":"ReadAction","target":["https:\/\/seaandmountainpleasure.com\/mentions-legales\/"]}]},{"@type":"BreadcrumbList","@id":"https:\/\/seaandmountainpleasure.com\/mentions-legales\/#breadcrumb","itemListElement":[{"@type":"ListItem","position":1,"name":"Accueil","item":"https:\/\/seaandmountainpleasure.com\/"},{"@type":"ListItem","position":2,"name":"Mentions l\u00e9gales"}]},{"@type":"WebSite","@id":"https:\/\/seaandmountainpleasure.com\/#website","url":"https:\/\/seaandmountainpleasure.com\/","name":"Meer und Berg Vergn\u00fcgen","description":"Vermietung von Luxusvillen auf der Ile de R\u00e9, der Halbinsel Giens und Chalets in L'Alpe d'Huez","publisher":{"@id":"https:\/\/seaandmountainpleasure.com\/#organization"},"potentialAction":[{"@type":"SearchAction","target":{"@type":"EntryPoint","urlTemplate":"https:\/\/seaandmountainpleasure.com\/?s={search_term_string}"},"query-input":{"@type":"PropertyValueSpecification","valueRequired":true,"valueName":"search_term_string"}}],"inLanguage":"de"},{"@type":"Organization","@id":"https:\/\/seaandmountainpleasure.com\/#organization","name":"Meer und Berg Vergn\u00fcgen","url":"https:\/\/seaandmountainpleasure.com\/","logo":{"@type":"ImageObject","inLanguage":"de","@id":"https:\/\/seaandmountainpleasure.com\/#\/schema\/logo\/image\/","url":"https:\/\/seaandmountainpleasure.com\/wp-content\/uploads\/2020\/12\/cropped-favicon.jpg","contentUrl":"https:\/\/seaandmountainpleasure.com\/wp-content\/uploads\/2020\/12\/cropped-favicon.jpg","width":512,"height":512,"caption":"Sea and Mountain Pleasure"},"image":{"@id":"https:\/\/seaandmountainpleasure.com\/#\/schema\/logo\/image\/"},"sameAs":["https:\/\/www.facebook.com\/profile.php?id=100063830469587","https:\/\/www.instagram.com\/seaandmountainpleasure\/"]}]}},"_links":{"self":[{"href":"https:\/\/seaandmountainpleasure.com\/de\/wp-json\/wp\/v2\/pages\/31","targetHints":{"allow":["GET"]}}],"collection":[{"href":"https:\/\/seaandmountainpleasure.com\/de\/wp-json\/wp\/v2\/pages"}],"about":[{"href":"https:\/\/seaandmountainpleasure.com\/de\/wp-json\/wp\/v2\/types\/page"}],"author":[{"embeddable":true,"href":"https:\/\/seaandmountainpleasure.com\/de\/wp-json\/wp\/v2\/users\/1"}],"replies":[{"embeddable":true,"href":"https:\/\/seaandmountainpleasure.com\/de\/wp-json\/wp\/v2\/comments?post=31"}],"version-history":[{"count":0,"href":"https:\/\/seaandmountainpleasure.com\/de\/wp-json\/wp\/v2\/pages\/31\/revisions"}],"wp:attachment":[{"href":"https:\/\/seaandmountainpleasure.com\/de\/wp-json\/wp\/v2\/media?parent=31"}],"curies":[{"name":"wp","href":"https:\/\/api.w.org\/{rel}","templated":true}]}}